{"id":46083,"date":"2024-07-05T15:50:45","date_gmt":"2024-07-05T15:50:45","guid":{"rendered":"https:\/\/parkinson.ca\/don-personnel\/"},"modified":"2026-03-03T23:06:07","modified_gmt":"2026-03-03T23:06:07","slug":"don-personnel","status":"publish","type":"page","link":"https:\/\/www.parkinson.ca\/fr\/facons-de-donner\/don-personnel\/","title":{"rendered":"Don personnel"},"content":{"rendered":"\n<div class='alignfull'>\n    <div class='home-hero'>\n        <div class='editor-content'>\n            <div class='home-hero-content-wrapper'>\n                <div class='home-hero-content'>\n                    <div class=\"acf-innerblocks-container\">\n\n<div style=\"height:100px\" aria-hidden=\"true\" class=\"wp-block-spacer is-style-responsive-xsmall\"><\/div>\n\n\n\n<h2 class=\"wp-block-heading has-base-color has-text-color has-link-color wp-elements-30e42150ef0d60840c2ff3b3aede8256\">Plus de 120\u202f000 personnes vivent avec la maladie de Parkinson au Canada.<\/h2>\n\n\n\n<p class=\"has-base-color has-text-color has-link-color wp-elements-171c590ddc232db9bb7f241a5bad976b\">Ensemble, nous pouvons cr\u00e9er un avenir o\u00f9 personne ne sera limit\u00e9 par la maladie de Parkinson.<\/p>\n\n\n\n<div class=\"wp-block-buttons is-layout-flex wp-block-buttons-is-layout-flex\">\n<div class=\"wp-block-button\"><a class=\"wp-block-button__link wp-element-button\" href=\"https:\/\/donate.parkinson.ca\/site\/Donation2?idb=1932410254&amp;5800.donation=form1&amp;DONATION_LEVEL_ID_SELECTED=1541&amp;df_id=5800&amp;mfc_pref=T&amp;idb=0\">Faire un don<\/a><\/div>\n<\/div>\n\n<\/div>\n                <\/div>\n            <\/div>    \n        <\/div>\n\n        <img decoding=\"async\" src=\"https:\/\/www.parkinson.ca\/wp-content\/uploads\/2025\/10\/Asian-couple-with-yellow-flower-scaled.jpg\" class=\"home-hero-bg-image\" alt=\"\" \/><div class='overlay'><\/div>        <!-- <img src='https:\/\/www.parkinson.ca\/wp-content\/themes\/parkinson-canada\/assets\/svg\/home-hero-left-graphic.svg' alt='' class='home-hero-left-graphic' \/>\n        <img src='https:\/\/www.parkinson.ca\/wp-content\/themes\/parkinson-canada\/assets\/svg\/home-hero-right-graphic.svg' alt='' class='home-hero-right-graphic' \/> -->\n    <\/div>\n<\/div>\n\n\n<div style=\"height:100px\" aria-hidden=\"true\" class=\"wp-block-spacer\"><\/div>\n\n\n\n<div class=\"wp-block-group alignfull is-layout-constrained wp-block-group-is-layout-constrained\">\n<h2 class=\"wp-block-heading has-xlarge-font-size\">Donnez votre avis<\/h2>\n\n\n\n<p>Votre don contribue \u00e0 changer la vie des personnes atteintes de la maladie de Parkinson et de leurs partenaires de soins partout au Canada. Chaque don, peu importe sa taille, nous rapproche un peu plus d&rsquo;un monde o\u00f9 les personnes atteintes de la maladie de Parkinson peuvent vivre sans limites. Nous vous remercions de votre g\u00e9n\u00e9rosit\u00e9, de votre compassion et de votre engagement \u00e0 am\u00e9liorer la vie des personnes touch\u00e9es par la maladie de Parkinson au Canada.  <\/p>\n\n\n\n<div style=\"height:100px\" aria-hidden=\"true\" class=\"wp-block-spacer is-style-responsive-small\"><\/div>\n\n\n\n<div class=\"wp-block-group is-layout-grid wp-container-core-group-is-layout-6be84c55 wp-block-group-is-layout-grid\">\n<div class=\"wp-block-cover is-light wp-container-content-2155ee95\"><img loading=\"lazy\" decoding=\"async\" width=\"1024\" height=\"675\" class=\"wp-block-cover__image-background wp-image-51417 size-large\" alt=\"\" src=\"https:\/\/www.parkinson.ca\/wp-content\/uploads\/2025\/03\/raymond-petrik-M3MZ3NRpvPk-unsplash-1024x675.jpg\" data-object-fit=\"cover\" srcset=\"https:\/\/www.parkinson.ca\/wp-content\/uploads\/2025\/03\/raymond-petrik-M3MZ3NRpvPk-unsplash-1024x675.jpg 1024w, https:\/\/www.parkinson.ca\/wp-content\/uploads\/2025\/03\/raymond-petrik-M3MZ3NRpvPk-unsplash-300x198.jpg 300w, https:\/\/www.parkinson.ca\/wp-content\/uploads\/2025\/03\/raymond-petrik-M3MZ3NRpvPk-unsplash-768x506.jpg 768w, https:\/\/www.parkinson.ca\/wp-content\/uploads\/2025\/03\/raymond-petrik-M3MZ3NRpvPk-unsplash-426x281.jpg 426w, https:\/\/www.parkinson.ca\/wp-content\/uploads\/2025\/03\/raymond-petrik-M3MZ3NRpvPk-unsplash-1639x1080.jpg 1639w\" sizes=\"auto, (max-width: 1024px) 100vw, 1024px\" \/><span aria-hidden=\"true\" class=\"wp-block-cover__background has-grey-background-color has-background-dim-60 has-background-dim\"><\/span><div class=\"wp-block-cover__inner-container is-layout-flow wp-block-cover-is-layout-flow\">\n<h2 class=\"wp-block-heading has-text-align-center has-xlarge-font-size\">Donnez une fois<\/h2>\n\n\n\n<p>Faites un impact imm\u00e9diat avec un seul don.<\/p>\n\n\n\n<div class=\"wp-block-buttons is-content-justification-center is-layout-flex wp-container-core-buttons-is-layout-16018d1d wp-block-buttons-is-layout-flex\">\n<div class=\"wp-block-button\"><a class=\"wp-block-button__link wp-element-button\" href=\"https:\/\/www.parkinson.ca\/fr\/createur-de-moments\/\">Faire un don unique<\/a><\/div>\n<\/div>\n<\/div><\/div>\n\n\n\n<div class=\"wp-block-cover is-light wp-container-content-2155ee95\"><img loading=\"lazy\" decoding=\"async\" width=\"888\" height=\"500\" class=\"wp-block-cover__image-background wp-image-54664 size-full\" alt=\"\" src=\"https:\/\/www.parkinson.ca\/wp-content\/uploads\/2025\/10\/Grandmother-and-granddaughter-dancing.jpg\" style=\"object-position:24% 56%\" data-object-fit=\"cover\" data-object-position=\"24% 56%\" srcset=\"https:\/\/www.parkinson.ca\/wp-content\/uploads\/2025\/10\/Grandmother-and-granddaughter-dancing.jpg 888w, https:\/\/www.parkinson.ca\/wp-content\/uploads\/2025\/10\/Grandmother-and-granddaughter-dancing-300x169.jpg 300w, https:\/\/www.parkinson.ca\/wp-content\/uploads\/2025\/10\/Grandmother-and-granddaughter-dancing-768x432.jpg 768w, https:\/\/www.parkinson.ca\/wp-content\/uploads\/2025\/10\/Grandmother-and-granddaughter-dancing-426x240.jpg 426w\" sizes=\"auto, (max-width: 888px) 100vw, 888px\" \/><span aria-hidden=\"true\" class=\"wp-block-cover__background has-grey-background-color has-background-dim-60 has-background-dim\"><\/span><div class=\"wp-block-cover__inner-container is-layout-flow wp-block-cover-is-layout-flow\">\n<h2 class=\"wp-block-heading has-text-align-center has-xlarge-font-size\">Donnez mensuellement<\/h2>\n\n\n\n<p class=\"has-text-align-center\">Devenez un Moment Maker et montrez votre soutien chaque mois.  <\/p>\n\n\n\n<div class=\"wp-block-buttons is-content-justification-center is-layout-flex wp-container-core-buttons-is-layout-16018d1d wp-block-buttons-is-layout-flex\">\n<div class=\"wp-block-button\"><a class=\"wp-block-button__link wp-element-button\" href=\"https:\/\/donate.parkinson.ca\/site\/Donation2?idb=534797151&amp;df_id=5682&amp;mfc_pref=T&amp;5682.donation=form1\">Donnez chaque mois<\/a><\/div>\n<\/div>\n<\/div><\/div>\n\n\n\n<div class=\"wp-block-cover is-light\"><img loading=\"lazy\" decoding=\"async\" width=\"1024\" height=\"683\" class=\"wp-block-cover__image-background wp-image-45030\" alt=\"\" src=\"https:\/\/parkinson.ca\/wp-content\/uploads\/2024\/10\/gus-moretta-BCyfpZE3aVE-unsplash-1-1024x683.jpg\" data-object-fit=\"cover\" srcset=\"https:\/\/www.parkinson.ca\/wp-content\/uploads\/2024\/10\/gus-moretta-BCyfpZE3aVE-unsplash-1-1024x683.jpg 1024w, https:\/\/www.parkinson.ca\/wp-content\/uploads\/2024\/10\/gus-moretta-BCyfpZE3aVE-unsplash-1-300x200.jpg 300w, https:\/\/www.parkinson.ca\/wp-content\/uploads\/2024\/10\/gus-moretta-BCyfpZE3aVE-unsplash-1-768x512.jpg 768w, https:\/\/www.parkinson.ca\/wp-content\/uploads\/2024\/10\/gus-moretta-BCyfpZE3aVE-unsplash-1-426x284.jpg 426w, https:\/\/www.parkinson.ca\/wp-content\/uploads\/2024\/10\/gus-moretta-BCyfpZE3aVE-unsplash-1-1619x1080.jpg 1619w\" sizes=\"auto, (max-width: 1024px) 100vw, 1024px\" \/><span aria-hidden=\"true\" class=\"wp-block-cover__background has-grey-background-color has-background-dim-60 has-background-dim\"><\/span><div class=\"wp-block-cover__inner-container is-layout-flow wp-block-cover-is-layout-flow\">\n<h2 class=\"wp-block-heading has-text-align-center has-xlarge-font-size\"><strong>En m\u00e9moire  <\/strong><\/h2>\n\n\n\n<p class=\"has-text-align-center\">Un moyen puissant de se souvenir d&rsquo;un \u00eatre cher et d&rsquo;ajouter \u00e0 son h\u00e9ritage en cr\u00e9ant de l&rsquo;aide et de l&rsquo;espoir pour les autres.  <\/p>\n\n\n\n<div class=\"wp-block-buttons is-content-justification-center is-layout-flex wp-container-core-buttons-is-layout-16018d1d wp-block-buttons-is-layout-flex\">\n<div class=\"wp-block-button\"><a class=\"wp-block-button__link wp-element-button\" href=\"https:\/\/donate.parkinson.ca\/site\/Donation2?df_id=5681&amp;mfc_pref=T&amp;5681.donation=form1\">Faire un don en m\u00e9moire<\/a><\/div>\n<\/div>\n<\/div><\/div>\n\n\n\n<div class=\"wp-block-cover is-light\"><img loading=\"lazy\" decoding=\"async\" width=\"1024\" height=\"576\" class=\"wp-block-cover__image-background wp-image-51437 size-large\" alt=\"\" src=\"https:\/\/www.parkinson.ca\/wp-content\/uploads\/2025\/03\/ParkinsonMeRessemble-1024x576.png\" data-object-fit=\"cover\" srcset=\"https:\/\/www.parkinson.ca\/wp-content\/uploads\/2025\/03\/ParkinsonMeRessemble-1024x576.png 1024w, https:\/\/www.parkinson.ca\/wp-content\/uploads\/2025\/03\/ParkinsonMeRessemble-300x169.png 300w, https:\/\/www.parkinson.ca\/wp-content\/uploads\/2025\/03\/ParkinsonMeRessemble-768x432.png 768w, https:\/\/www.parkinson.ca\/wp-content\/uploads\/2025\/03\/ParkinsonMeRessemble-426x240.png 426w, https:\/\/www.parkinson.ca\/wp-content\/uploads\/2025\/03\/ParkinsonMeRessemble.png 1366w\" sizes=\"auto, (max-width: 1024px) 100vw, 1024px\" \/><span aria-hidden=\"true\" class=\"wp-block-cover__background has-grey-background-color has-background-dim-60 has-background-dim\"><\/span><div class=\"wp-block-cover__inner-container is-layout-flow wp-block-cover-is-layout-flow\">\n<h2 class=\"wp-block-heading has-text-align-center has-xlarge-font-size\"><strong>Donation d&rsquo;h\u00e9ritage<\/strong> <\/h2>\n\n\n\n<p class=\"has-text-align-center\">Garantir des soins et un soutien durables aux personnes touch\u00e9es par la maladie de Parkinson \u00e0 l&rsquo;avenir.  <\/p>\n\n\n\n<div class=\"wp-block-buttons is-content-justification-center is-layout-flex wp-container-core-buttons-is-layout-16018d1d wp-block-buttons-is-layout-flex\">\n<div class=\"wp-block-button\"><a class=\"wp-block-button__link wp-element-button\" href=\"https:\/\/www.parkinson.ca\/fr\/facons-de-donner\/don-personnel\/don-heritage\/\">Commencez<\/a><\/div>\n<\/div>\n<\/div><\/div>\n\n\n\n<div class=\"wp-block-cover is-light\"><img loading=\"lazy\" decoding=\"async\" width=\"700\" height=\"467\" class=\"wp-block-cover__image-background wp-image-39314 size-large\" alt=\"person reading from a tablet\" src=\"https:\/\/www.parkinson.ca\/wp-content\/uploads\/pexels-mikhail-nilov-6968101-700x467.jpg\" data-object-fit=\"cover\" srcset=\"https:\/\/www.parkinson.ca\/wp-content\/uploads\/pexels-mikhail-nilov-6968101-700x467.jpg 700w, https:\/\/www.parkinson.ca\/wp-content\/uploads\/pexels-mikhail-nilov-6968101-300x200.jpg 300w, https:\/\/www.parkinson.ca\/wp-content\/uploads\/pexels-mikhail-nilov-6968101-150x100.jpg 150w, https:\/\/www.parkinson.ca\/wp-content\/uploads\/pexels-mikhail-nilov-6968101-768x512.jpg 768w, https:\/\/www.parkinson.ca\/wp-content\/uploads\/pexels-mikhail-nilov-6968101-1536x1024.jpg 1536w, https:\/\/www.parkinson.ca\/wp-content\/uploads\/pexels-mikhail-nilov-6968101-2048x1365.jpg 2048w, https:\/\/www.parkinson.ca\/wp-content\/uploads\/pexels-mikhail-nilov-6968101-100x67.jpg 100w, https:\/\/www.parkinson.ca\/wp-content\/uploads\/pexels-mikhail-nilov-6968101-890x593.jpg 890w, https:\/\/www.parkinson.ca\/wp-content\/uploads\/pexels-mikhail-nilov-6968101-1264x843.jpg 1264w\" sizes=\"auto, (max-width: 700px) 100vw, 700px\" \/><span aria-hidden=\"true\" class=\"wp-block-cover__background has-grey-background-color has-background-dim-60 has-background-dim\"><\/span><div class=\"wp-block-cover__inner-container is-layout-flow wp-block-cover-is-layout-flow\">\n<h2 class=\"wp-block-heading has-text-align-center has-xlarge-font-size\">Dons d&rsquo;actions<\/h2>\n\n\n\n<p class=\"has-text-align-center\">Augmentez votre impact caritatif et b\u00e9n\u00e9ficiez d&rsquo;avantages fiscaux significatifs<\/p>\n\n\n\n<div class=\"wp-block-buttons is-content-justification-center is-layout-flex wp-container-core-buttons-is-layout-16018d1d wp-block-buttons-is-layout-flex\">\n<div class=\"wp-block-button\"><a class=\"wp-block-button__link wp-element-button\" href=\"https:\/\/www.parkinson.ca\/fr\/facons-de-donner\/don-personnel\/dons-dactions-et-de-titres\/\">En savoir plus<\/a><\/div>\n<\/div>\n<\/div><\/div>\n\n\n\n<div class=\"wp-block-cover is-light\"><img loading=\"lazy\" decoding=\"async\" width=\"1024\" height=\"683\" class=\"wp-block-cover__image-background wp-image-54666 size-large\" alt=\"\" src=\"https:\/\/www.parkinson.ca\/wp-content\/uploads\/2025\/10\/pexels-rdne-8139118-1024x683.jpg\" data-object-fit=\"cover\" srcset=\"https:\/\/www.parkinson.ca\/wp-content\/uploads\/2025\/10\/pexels-rdne-8139118-1024x683.jpg 1024w, https:\/\/www.parkinson.ca\/wp-content\/uploads\/2025\/10\/pexels-rdne-8139118-300x200.jpg 300w, https:\/\/www.parkinson.ca\/wp-content\/uploads\/2025\/10\/pexels-rdne-8139118-768x512.jpg 768w, https:\/\/www.parkinson.ca\/wp-content\/uploads\/2025\/10\/pexels-rdne-8139118-426x284.jpg 426w, https:\/\/www.parkinson.ca\/wp-content\/uploads\/2025\/10\/pexels-rdne-8139118-1620x1080.jpg 1620w\" sizes=\"auto, (max-width: 1024px) 100vw, 1024px\" \/><span aria-hidden=\"true\" class=\"wp-block-cover__background has-grey-background-color has-background-dim\"><\/span><div class=\"wp-block-cover__inner-container is-layout-flow wp-block-cover-is-layout-flow\">\n<h2 class=\"wp-block-heading has-text-align-center has-xlarge-font-size\"><strong>En honneur<\/strong> <\/h2>\n\n\n\n<p class=\"has-text-align-center\">C\u00e9l\u00e9brez une personne sp\u00e9ciale, une occasion ou une r\u00e9ussite avec un cadeau. Les cadeaux peuvent inclure un message personnalis\u00e9 facultatif.<\/p>\n\n\n\n<div class=\"wp-block-buttons is-content-justification-center is-layout-flex wp-container-core-buttons-is-layout-16018d1d wp-block-buttons-is-layout-flex\">\n<div class=\"wp-block-button\"><a class=\"wp-block-button__link wp-element-button\" href=\"https:\/\/donate.parkinson.ca\/site\/Donation2?idb=1790794288&amp;DONATION_LEVEL_ID_SELECTED=1541&amp;df_id=5680&amp;mfc_pref=T&amp;5680.donation=form1&amp;idb=0\">Faire un don en l&rsquo;honneur de<\/a><\/div>\n<\/div>\n<\/div><\/div>\n\n\n\n<div class=\"wp-block-cover is-light wp-container-content-93ed1c69\"><img loading=\"lazy\" decoding=\"async\" width=\"1024\" height=\"683\" class=\"wp-block-cover__image-background wp-image-44951 size-large\" alt=\"\" src=\"https:\/\/parkinson.ca\/wp-content\/uploads\/2024\/10\/jason-goodman-vbxyFxlgpjM-unsplash-1024x683.jpg\" data-object-fit=\"cover\" srcset=\"https:\/\/www.parkinson.ca\/wp-content\/uploads\/2024\/10\/jason-goodman-vbxyFxlgpjM-unsplash-1024x683.jpg 1024w, https:\/\/www.parkinson.ca\/wp-content\/uploads\/2024\/10\/jason-goodman-vbxyFxlgpjM-unsplash-300x200.jpg 300w, https:\/\/www.parkinson.ca\/wp-content\/uploads\/2024\/10\/jason-goodman-vbxyFxlgpjM-unsplash-768x512.jpg 768w, https:\/\/www.parkinson.ca\/wp-content\/uploads\/2024\/10\/jason-goodman-vbxyFxlgpjM-unsplash-426x284.jpg 426w, https:\/\/www.parkinson.ca\/wp-content\/uploads\/2024\/10\/jason-goodman-vbxyFxlgpjM-unsplash-1620x1080.jpg 1620w\" sizes=\"auto, (max-width: 1024px) 100vw, 1024px\" \/><span aria-hidden=\"true\" class=\"wp-block-cover__background has-grey-background-color has-background-dim-60 has-background-dim\"><\/span><div class=\"wp-block-cover__inner-container is-layout-flow wp-block-cover-is-layout-flow\">\n<h2 class=\"wp-block-heading has-text-align-center has-xlarge-font-size\">Au travail<\/h2>\n\n\n\n<p class=\"has-text-align-center\">De nombreux employeurs offrent des moyens pratiques de donner au travail, notamment par des retenues sur salaire et des programmes de jumelage. <\/p>\n\n\n\n<div class=\"wp-block-buttons is-content-justification-center is-layout-flex wp-container-core-buttons-is-layout-16018d1d wp-block-buttons-is-layout-flex\">\n<div class=\"wp-block-button\"><a class=\"wp-block-button__link wp-element-button\" href=\"https:\/\/www.parkinson.ca\/fr\/facons-de-donner\/don-personnel\/doublez-votre-don\/\">En savoir plus<\/a><\/div>\n<\/div>\n<\/div><\/div>\n<\/div>\n\n\n\n<div style=\"height:100px\" aria-hidden=\"true\" class=\"wp-block-spacer is-style-responsive-small\"><\/div>\n\n\n\n<div class=\"wp-block-group has-grey-background-color has-background is-layout-constrained wp-block-group-is-layout-constrained\">\n<h3 class=\"wp-block-heading\"><strong>Vous avez des questions sur les dons ?<\/strong><\/h3>\n\n\n\n<div class='custom-link '>\n            <div style='width: 15%; height: 3px; background-color: var(--color--accent);'><\/div>\n    <\/div>\n\n\n<div style=\"height:100px\" aria-hidden=\"true\" class=\"wp-block-spacer is-style-responsive-xsmall\"><\/div>\n\n\n\n<p>Notre FAQ pour les donateurs r\u00e9pond aux questions les plus courantes concernant les dons, les re\u00e7us fiscaux, les contributions des entreprises, etc.<\/p>\n\n\n\n<div class=\"wp-block-buttons is-layout-flex wp-block-buttons-is-layout-flex\">\n<div class=\"wp-block-button\"><a class=\"wp-block-button__link wp-element-button\" href=\"https:\/\/www.parkinson.ca\/fr\/facons-de-donner\/don-personnel\/faq-des-donateurs\/\">Trouvez des r\u00e9ponses \u00e0 vos questions<\/a><\/div>\n<\/div>\n\n\n\n<p><em>Si vous envisagez de faire un don planifi\u00e9 \u00e0 Parkinson Canada, nous vous recommandons de demander l&rsquo;avis ind\u00e9pendant de votre avocat ou de votre conseiller financier.<\/em><\/p>\n<\/div>\n\n\n\n<div style=\"height:100px\" aria-hidden=\"true\" class=\"wp-block-spacer\"><\/div>\n\n\n\n<div class='alignfull image-text-wrapper has-background has-blue-background-color'>\n    <div class='image-text-section'>\n        <div class='editor-content'>\n           <div class=\"\">\n                \n                <div class='image-text-section-content'>\n                    <div class=\"acf-innerblocks-container\">\n\n<h2 class=\"wp-block-heading\">D\u2019autres fa\u00e7ons d\u2019avoir un impact<\/h2>\n\n\n\n    <div class='icon-link is-style-arrow'>\n        <a  href='https:\/\/www.parkinson.ca\/wp-content\/uploads\/2025\/04\/Donation-Form-2025.pdf'\n                    >\n            Donner par courrier        <\/a>\n    <\/div>\n\n\n\n<p><\/p>\n\n\n\n    <div class='icon-link is-style-arrow'>\n        <a  href='https:\/\/www.parkinson.ca\/get-involved\/volunteer\/'\n                    >\n            B\u00e9n\u00e9vole        <\/a>\n    <\/div>\n\n\n\n<p><\/p>\n\n\n\n    <div class='icon-link is-style-arrow'>\n        <a  href='https:\/\/www.parkinson.ca\/get-involved\/fundraising-events\/'\n                    >\n            Participez \u00e0 une collecte de fonds        <\/a>\n    <\/div>\n\n\n\n<p><\/p>\n\n\n\n    <div class='icon-link is-style-arrow'>\n        <a  href='https:\/\/donate.parkinson.ca\/site\/SPageServer?pagename=FYW_home'\n            target='_blank' rel='noopener noreferrer'        >\n            Cr\u00e9ez votre propre collecte de fonds        <\/a>\n    <\/div>\n\n\n\n<p><\/p>\n\n\n\n    <div class='icon-link is-style-arrow'>\n        <a  href='https:\/\/www.parkinson.ca\/get-involved\/corporate-partnerships\/'\n                    >\n            Partenariats d&rsquo;entreprise        <\/a>\n    <\/div>\n\n\n\n<p><\/p>\n\n<\/div>\n                <\/div>\n           <\/div>\n        <\/div>\n    <\/div>\n    <img loading=\"lazy\" decoding=\"async\" width=\"2048\" height=\"1365\" src=\"https:\/\/www.parkinson.ca\/wp-content\/uploads\/2025\/09\/Parkinsons-Quick-Shots-by-Papr-Mache-9.jpg\" class=\"image-section right\" alt=\"\" sizes=\"auto, (min-width: 768px) 50vw, 100vw\" srcset=\"https:\/\/www.parkinson.ca\/wp-content\/uploads\/2025\/09\/Parkinsons-Quick-Shots-by-Papr-Mache-9.jpg 2048w, https:\/\/www.parkinson.ca\/wp-content\/uploads\/2025\/09\/Parkinsons-Quick-Shots-by-Papr-Mache-9-300x200.jpg 300w, https:\/\/www.parkinson.ca\/wp-content\/uploads\/2025\/09\/Parkinsons-Quick-Shots-by-Papr-Mache-9-1024x683.jpg 1024w, https:\/\/www.parkinson.ca\/wp-content\/uploads\/2025\/09\/Parkinsons-Quick-Shots-by-Papr-Mache-9-768x512.jpg 768w, https:\/\/www.parkinson.ca\/wp-content\/uploads\/2025\/09\/Parkinsons-Quick-Shots-by-Papr-Mache-9-426x284.jpg 426w, https:\/\/www.parkinson.ca\/wp-content\/uploads\/2025\/09\/Parkinsons-Quick-Shots-by-Papr-Mache-9-1620x1080.jpg 1620w\" \/><\/div>\n\n\n<div style=\"height:100px\" aria-hidden=\"true\" class=\"wp-block-spacer\"><\/div>\n\n\n\n<div class=\"wp-block-cover\"><img loading=\"lazy\" decoding=\"async\" width=\"1024\" height=\"1024\" class=\"wp-block-cover__image-background wp-image-52037 size-large\" alt=\"\" src=\"https:\/\/www.parkinson.ca\/wp-content\/uploads\/2025\/05\/Educational-publications-1-1024x1024.png\" style=\"object-position:36% 15%\" data-object-fit=\"cover\" data-object-position=\"36% 15%\" srcset=\"https:\/\/www.parkinson.ca\/wp-content\/uploads\/2025\/05\/Educational-publications-1-1024x1024.png 1024w, https:\/\/www.parkinson.ca\/wp-content\/uploads\/2025\/05\/Educational-publications-1-300x300.png 300w, https:\/\/www.parkinson.ca\/wp-content\/uploads\/2025\/05\/Educational-publications-1-150x150.png 150w, https:\/\/www.parkinson.ca\/wp-content\/uploads\/2025\/05\/Educational-publications-1-768x768.png 768w, https:\/\/www.parkinson.ca\/wp-content\/uploads\/2025\/05\/Educational-publications-1-426x426.png 426w, https:\/\/www.parkinson.ca\/wp-content\/uploads\/2025\/05\/Educational-publications-1.png 1080w\" sizes=\"auto, (max-width: 1024px) 100vw, 1024px\" \/><span aria-hidden=\"true\" class=\"wp-block-cover__background has-blue-background-color has-background-dim-0 has-background-dim\"><\/span><div class=\"wp-block-cover__inner-container is-layout-constrained wp-block-cover-is-layout-constrained\">\n<div class=\"wp-block-columns is-layout-flex wp-container-core-columns-is-layout-9d6595d7 wp-block-columns-is-layout-flex\">\n<div class=\"wp-block-column is-layout-flow wp-block-column-is-layout-flow\" style=\"flex-basis:10%\"><\/div>\n\n\n\n<div class=\"wp-block-column is-layout-flow wp-block-column-is-layout-flow\" style=\"flex-basis:80%\">\n<h2 class=\"wp-block-heading has-text-align-center has-ice-blue-color has-text-color has-link-color wp-elements-7b67f20ae45d3439a91cd7279c5aa846\">Stay connected<\/h2>\n\n\n\n<p class=\"has-text-align-center has-medium-font-size\">Sign up to receive helpful insights, upcoming events, and stories of hope and connection.<\/p>\n\n\n\n<div class=\"wp-block-buttons is-content-justification-center is-layout-flex wp-container-core-buttons-is-layout-16018d1d wp-block-buttons-is-layout-flex\">\n<div class=\"wp-block-button\"><a class=\"wp-block-button__link wp-element-button\" href=\"https:\/\/donate.parkinson.ca\/site\/SSurvey?ACTION_REQUIRED=URI_ACTION_USER_REQUESTS&amp;SURVEY_ID=2361\" target=\"_blank\" rel=\"noreferrer noopener\"><strong>Join our newsletter<\/strong><\/a><\/div>\n<\/div>\n<\/div>\n\n\n\n<div class=\"wp-block-column is-layout-flow wp-block-column-is-layout-flow\" style=\"flex-basis:10%\"><\/div>\n<\/div>\n<\/div><\/div>\n<\/div>\n\n\n\n<div style=\"height:100px\" aria-hidden=\"true\" class=\"wp-block-spacer\"><\/div>\n","protected":false},"excerpt":{"rendered":"<p>Donnez votre avis Votre don contribue \u00e0 changer la vie des personnes atteintes de la maladie de Parkinson et de leurs partenaires de soins partout au Canada. Chaque don, peu importe sa taille, nous rapproche un peu plus d&rsquo;un monde o\u00f9 les personnes atteintes de la maladie de Parkinson peuvent vivre sans limites. Nous vous [&hellip;]<\/p>\n","protected":false},"author":107,"featured_media":0,"parent":46127,"menu_order":0,"comment_status":"closed","ping_status":"closed","template":"","meta":{"_acf_changed":false,"footnotes":""},"class_list":["post-46083","page","type-page","status-publish","hentry"],"acf":[],"aioseo_notices":[],"_links":{"self":[{"href":"https:\/\/www.parkinson.ca\/fr\/wp-json\/wp\/v2\/pages\/46083","targetHints":{"allow":["GET"]}}],"collection":[{"href":"https:\/\/www.parkinson.ca\/fr\/wp-json\/wp\/v2\/pages"}],"about":[{"href":"https:\/\/www.parkinson.ca\/fr\/wp-json\/wp\/v2\/types\/page"}],"author":[{"embeddable":true,"href":"https:\/\/www.parkinson.ca\/fr\/wp-json\/wp\/v2\/users\/107"}],"replies":[{"embeddable":true,"href":"https:\/\/www.parkinson.ca\/fr\/wp-json\/wp\/v2\/comments?post=46083"}],"version-history":[{"count":37,"href":"https:\/\/www.parkinson.ca\/fr\/wp-json\/wp\/v2\/pages\/46083\/revisions"}],"predecessor-version":[{"id":57463,"href":"https:\/\/www.parkinson.ca\/fr\/wp-json\/wp\/v2\/pages\/46083\/revisions\/57463"}],"up":[{"embeddable":true,"href":"https:\/\/www.parkinson.ca\/fr\/wp-json\/wp\/v2\/pages\/46127"}],"wp:attachment":[{"href":"https:\/\/www.parkinson.ca\/fr\/wp-json\/wp\/v2\/media?parent=46083"}],"curies":[{"name":"wp","href":"https:\/\/api.w.org\/{rel}","templated":true}]}}