{"id":46082,"date":"2024-07-05T16:00:00","date_gmt":"2024-07-05T16:00:00","guid":{"rendered":"https:\/\/parkinson.ca\/publications\/ligne-de-soutien-pour-la-maladie-de-parkinson\/"},"modified":"2026-01-05T16:15:53","modified_gmt":"2026-01-05T16:15:53","slug":"ligne-de-soutien-pour-la-maladie-de-parkinson","status":"publish","type":"page","link":"https:\/\/www.parkinson.ca\/fr\/ressources\/ligne-de-soutien-pour-la-maladie-de-parkinson\/","title":{"rendered":"Soutien et information sur la maladie de Parkinson"},"content":{"rendered":"\n<div class='overflow-image-text'>\n    <div class='editor-content'>\n        <div>\n            <div class='overflow-image-text-content has-background has-blue-background-color'>\n                <div class='inner-blocks'>\n                    <div class=\"acf-innerblocks-container\">\n\n<h2 class=\"wp-block-heading has-large-font-size\">Vous mettre en contact avec les services et les ressources lorsque vous en avez besoin.<\/h2>\n\n\n\n<p class=\"has-medium-font-size\">Du lundi au vendredi, de 9h00 \u00e0 16h00 (heure de l&rsquo;Est). <\/p>\n\n\n\n<div class=\"wp-block-buttons is-content-justification-left is-layout-flex wp-container-core-buttons-is-layout-fdcfc74e wp-block-buttons-is-layout-flex\">\n<div class=\"wp-block-button\"><a class=\"wp-block-button__link wp-element-button\" href=\"tel:1-888-664-1974\"><strong>Appelez-nous :<\/strong> 1 (888) 664-1974<\/a><\/div>\n\n\n\n<div class=\"wp-block-button\"><a class=\"wp-block-button__link wp-element-button\" href=\"mailto:support@parkinson.ca\">Envoyez-nous un courriel<\/a><\/div>\n<\/div>\n\n<\/div>\n                    <img loading=\"lazy\" decoding=\"async\" width=\"1707\" height=\"2560\" src=\"https:\/\/www.parkinson.ca\/wp-content\/uploads\/2025\/05\/thomas-de-luze-7xDfU-htISs-unsplash-scaled.jpg\" class=\"overflow-image\" alt=\"\" sizes=\"auto, (min-width: 768px) 50vw, 100vw\" srcset=\"https:\/\/www.parkinson.ca\/wp-content\/uploads\/2025\/05\/thomas-de-luze-7xDfU-htISs-unsplash-scaled.jpg 1707w, https:\/\/www.parkinson.ca\/wp-content\/uploads\/2025\/05\/thomas-de-luze-7xDfU-htISs-unsplash-200x300.jpg 200w, https:\/\/www.parkinson.ca\/wp-content\/uploads\/2025\/05\/thomas-de-luze-7xDfU-htISs-unsplash-683x1024.jpg 683w, https:\/\/www.parkinson.ca\/wp-content\/uploads\/2025\/05\/thomas-de-luze-7xDfU-htISs-unsplash-768x1152.jpg 768w, https:\/\/www.parkinson.ca\/wp-content\/uploads\/2025\/05\/thomas-de-luze-7xDfU-htISs-unsplash-426x639.jpg 426w, https:\/\/www.parkinson.ca\/wp-content\/uploads\/2025\/05\/thomas-de-luze-7xDfU-htISs-unsplash-720x1080.jpg 720w, https:\/\/www.parkinson.ca\/wp-content\/uploads\/2025\/05\/thomas-de-luze-7xDfU-htISs-unsplash-1667x2500.jpg 1667w\" \/>                <\/div>\n            <\/div>\n        <\/div>    \n    <\/div>\n<\/div>\n\n\n<div style=\"height:59px\" aria-hidden=\"true\" class=\"wp-block-spacer\"><\/div>\n\n\n\n<div class=\"wp-block-columns is-layout-flex wp-container-core-columns-is-layout-9d6595d7 wp-block-columns-is-layout-flex\">\n<div class=\"wp-block-column is-layout-flow wp-block-column-is-layout-flow\" style=\"flex-basis:75%\">\n<p class=\"has-text-align-left has-regular-font-size\"><strong>Parkinson Canada n&rsquo;est pas un centre de communication de crise.  Si vous avez besoin d&rsquo;un soutien imm\u00e9diat,appelez ou envoyez un message texte au <a href=\"tel:988\" title=\"9-8-8\">9-8-8<\/a> outrouvez de l&rsquo;information sur le soutien en cas de crise au <a href=\"https:\/\/988.ca\/fr\" target=\"_blank\" rel=\"noopener\" title=\"988.ca\">988.ca<\/a>.<\/strong><br><br>L&rsquo;\u00e9quipe de soutien et d&rsquo;information de Parkinson Canada offre un soutien personnalis\u00e9 et empathique aux personnes atteintes de la maladie de Parkinson, aux partenaires de soins et aux professionnels de la sant\u00e9. Nous sommes l\u00e0 pour vous aider \u00e0 chaque \u00e9tape, en vous guidant, en vous informant et en vous apportant un soutien compatissant. Nous mettons les gens en contact avec des groupes de soutien, des ressources communautaires, du mat\u00e9riel \u00e9ducatif et des programmes nationaux. Nous donnons aux personnes les moyens, par le biais de liens et d&rsquo;informations, de d\u00e9fendre leurs soins.<\/p>\n\n\n\n<p class=\"has-text-align-left has-regular-font-size\"><br>Vous pouvez nous joindre par t\u00e9l\u00e9phone ou par courrier \u00e9lectronique, du lundi au vendredi, de 9h00  \u00e0 16h00 (heure de l&rsquo;Est).<\/p>\n\n\n\n<div style=\"height:21px\" aria-hidden=\"true\" class=\"wp-block-spacer is-style-responsive-xsmall\"><\/div>\n\n\n\n<div class=\"wp-block-buttons is-content-justification-left is-layout-flex wp-container-core-buttons-is-layout-fdcfc74e wp-block-buttons-is-layout-flex\">\n<div class=\"wp-block-button\"><a class=\"wp-block-button__link wp-element-button\" href=\"tel:1-888-664-1974\">Appelez-nous<\/a><\/div>\n\n\n\n<div class=\"wp-block-button\"><a class=\"wp-block-button__link wp-element-button\" href=\"mailto:support@parkinson.ca\">Envoyez un courriel \u00e0 notre \u00e9quipe de soutien et d&rsquo;information<\/a><\/div>\n<\/div>\n<\/div>\n\n\n\n<div class=\"wp-block-column is-layout-flow wp-block-column-is-layout-flow\" style=\"flex-basis:25%\"><\/div>\n<\/div>\n\n\n\n<div style=\"height:27px\" aria-hidden=\"true\" class=\"wp-block-spacer is-style-responsive-medium\"><\/div>\n\n\n\n<div class=\"wp-block-group has-ice-blue-background-color has-background is-layout-constrained wp-block-group-is-layout-constrained\">\n<h2 class=\"wp-block-heading\">Prenez contact avec nous<\/h2>\n\n\n<div class=\"frm_forms  with_frm_style frm_style_formidable-style-4\" id=\"frm_form_13_container\" data-token=\"6bbaa8702dc198c0fd9f274a9e011a38\">\n<form enctype=\"multipart\/form-data\" method=\"post\" class=\"frm-show-form  frm_pro_form \" id=\"form_support-line\" data-token=\"6bbaa8702dc198c0fd9f274a9e011a38\">\n<div class=\"frm_form_fields \">\n<fieldset>\n<legend class=\"frm_screen_reader\">Parkinson&rsquo;s Support Line<\/legend>\r\n\r\n<div class=\"frm_fields_container\">\n<input type=\"hidden\" name=\"frm_action\" value=\"create\" \/>\n<input type=\"hidden\" name=\"form_id\" value=\"13\" \/>\n<input type=\"hidden\" name=\"frm_hide_fields_13\" id=\"frm_hide_fields_13\" value=\"\" \/>\n<input type=\"hidden\" name=\"form_key\" value=\"support-line\" \/>\n<input type=\"hidden\" name=\"item_meta[0]\" value=\"\" \/>\n<input type=\"hidden\" id=\"frm_submit_entry_13\" name=\"frm_submit_entry_13\" value=\"20ad9f4408\" \/><input type=\"hidden\" name=\"_wp_http_referer\" value=\"\/fr\/wp-json\/wp\/v2\/pages\/46082\" \/><div id=\"frm_field_133_container\" class=\"frm_form_field form-field  frm_required_field frm_top_container vertical_radio\">\r\n\t<div  id=\"field_185uy_label\" class=\"frm_primary_label\">Pr\u00e9f\u00e9rence linguistique\r\n\t\t<span class=\"frm_required\" aria-hidden=\"true\">*<\/span>\r\n\t<\/div>\r\n\t<div class=\"frm_opt_container\" aria-labelledby=\"field_185uy_label\" role=\"radiogroup\" aria-required=\"true\">\t\t<div class=\"frm_radio\" id=\"frm_radio_133-0\">\t\t\t<label  for=\"field_185uy-0\">\n\t\t\t\t\t<input type=\"radio\" name=\"item_meta[133]\" id=\"field_185uy-0\" value=\"Option 1\"\n\t\t data-reqmsg=\"Pr\u00e9f\u00e9rence linguistique ne peut \u00eatre vide.\" data-invmsg=\"Pr\u00e9f\u00e9rence linguistique est non valide\"   \/> Anglais<\/label><\/div>\n\t\t<div class=\"frm_radio\" id=\"frm_radio_133-1\">\t\t\t<label  for=\"field_185uy-1\">\n\t\t\t\t\t<input type=\"radio\" name=\"item_meta[133]\" id=\"field_185uy-1\" value=\"Option 2\"\n\t\t data-reqmsg=\"Pr\u00e9f\u00e9rence linguistique ne peut \u00eatre vide.\" data-invmsg=\"Pr\u00e9f\u00e9rence linguistique est non valide\"   \/> Fran\u00e7ais<\/label><\/div>\n<\/div>\r\n\t\r\n\t\r\n<\/div>\n<div id=\"frm_field_120_container\" class=\"frm_form_field form-field  frm_required_field frm_top_container frm_first frm_half\">\r\n\t<label for=\"field_qh4icy2\" id=\"field_qh4icy2_label\" class=\"frm_primary_label\">Nom\r\n\t\t<span class=\"frm_required\" aria-hidden=\"true\">*<\/span>\r\n\t<\/label>\r\n\t<input  type=\"text\" id=\"field_qh4icy2\" name=\"item_meta[120]\" value=\"\"  data-reqmsg=\"Nom ne peut \u00eatre vide.\" aria-required=\"true\" data-invmsg=\"Nom cannot be empty.\" aria-invalid=\"false\"   aria-describedby=\"frm_desc_field_qh4icy2\" \/>\r\n\t<div class=\"frm_description\" id=\"frm_desc_field_qh4icy2\">Pr\u00e9nom<\/div>\r\n\t\r\n<\/div>\n<div id=\"frm_field_121_container\" class=\"frm_form_field form-field  frm_required_field frm_hidden_container frm_half\">\r\n\t<label for=\"field_ocfup12\" id=\"field_ocfup12_label\" class=\"frm_primary_label\">Nom de famille\r\n\t\t<span class=\"frm_required\" aria-hidden=\"true\">*<\/span>\r\n\t<\/label>\r\n\t<input  type=\"text\" id=\"field_ocfup12\" name=\"item_meta[121]\" value=\"\"  data-reqmsg=\"Nom de famille ne peut \u00eatre vide.\" aria-required=\"true\" data-invmsg=\"Nom de famille n&#039;est pas valide.\" aria-invalid=\"false\"   aria-describedby=\"frm_desc_field_ocfup12\" \/>\r\n\t<div class=\"frm_description\" id=\"frm_desc_field_ocfup12\">Nom de famille<\/div>\r\n\t\r\n<\/div>\n<div id=\"frm_field_122_container\" class=\"frm_form_field form-field  frm_required_field frm_top_container frm_full\">\r\n\t<label for=\"field_29yf4d2\" id=\"field_29yf4d2_label\" class=\"frm_primary_label\">Courriel\r\n\t\t<span class=\"frm_required\" aria-hidden=\"true\">*<\/span>\r\n\t<\/label>\r\n\t<input type=\"email\" id=\"field_29yf4d2\" name=\"item_meta[122]\" value=\"\"  data-reqmsg=\"Courriel ne peut \u00eatre vide.\" aria-required=\"true\" data-invmsg=\"Veuillez saisir une adresse courriel valide\" aria-invalid=\"false\"  \/>\r\n\t\r\n\t\r\n<\/div>\n<div id=\"frm_field_126_container\" class=\"frm_form_field form-field  frm_required_field frm_top_container\">\r\n\t<label for=\"field_f6gy9\" id=\"field_f6gy9_label\" class=\"frm_primary_label\">Code postal\r\n\t\t<span class=\"frm_required\" aria-hidden=\"true\">*<\/span>\r\n\t<\/label>\r\n\t<input  type=\"text\" id=\"field_f6gy9\" name=\"item_meta[126]\" value=\"\"  data-reqmsg=\"Code postal ne peut \u00eatre vide.\" aria-required=\"true\" data-invmsg=\"Code postal n&#039;est pas valide.\" aria-invalid=\"false\"   aria-describedby=\"frm_desc_field_f6gy9\" \/>\r\n\t<div class=\"frm_description\" id=\"frm_desc_field_f6gy9\">Votre code postal sera utilis\u00e9 pour diriger votre demande vers un membre du personnel pr\u00e8s de chez vous. La collecte de vos coordonn\u00e9es nous permet de r\u00e9pondre \u00e0 votre demande, de maintenir la continuit\u00e9 du service et d&rsquo;\u00e9valuer l&rsquo;utilisation de nos ressources.<\/div>\r\n\t\r\n<\/div>\n<div id=\"frm_field_127_container\" class=\"frm_form_field form-field  frm_required_field frm_top_container\">\r\n\t<label for=\"field_574xf\" id=\"field_574xf_label\" class=\"frm_primary_label\">Votre lien avec la communaut\u00e9 de la maladie de Parkinson\r\n\t\t<span class=\"frm_required\" aria-hidden=\"true\">*<\/span>\r\n\t<\/label>\r\n\t\t\t<select name=\"item_meta[127]\" id=\"field_574xf\"  data-placeholder=\"-- S\u00e9lectionner une option --\"  placeholder=\"-- S\u00e9lectionner une option --\" data-reqmsg=\"Votre lien avec la communaut\u00e9 de la maladie de Parkinson ne peut \u00eatre vide.\" aria-required=\"true\" data-invmsg=\"Votre lien avec la communaut\u00e9 de la maladie de Parkinson est non valide\" aria-invalid=\"false\"  >\n\t\t<option  class=\"frm-select-placeholder\" value=\"\" data-placeholder=\"true\">&#8212; S\u00e9lectionner une option &#8212;<\/option><option  value=\"I have been recently diagnosed with Parkinson\u2019s (less than 2 years)\">On m&#039;a r\u00e9cemment diagnostiqu\u00e9 la maladie de Parkinson (depuis moins de deux ans).<\/option><option  value=\"I am living with Parkinson\u2019s and seeking information\">Je vis avec la maladie de Parkinson et je cherche des informations<\/option><option  value=\"My partner has Parkinson&#039;s\">Mon partenaire est atteint de la maladie de Parkinson<\/option><option  value=\"Someone in my family has Parkinson\u2019s\">Un membre de ma famille est atteint de la maladie de Parkinson<\/option><option  value=\"My friend has Parkinson&#039;s\">Mon ami est atteint de la maladie de Parkinson<\/option><option  value=\"Prefer not to answer\">Pr\u00e9f\u00e8re ne pas r\u00e9pondre<\/option><option  value=\"Other\">Autre<\/option>\t<\/select>\n\t\r\n\t\r\n\t\r\n<\/div>\n<div id=\"frm_field_170_container\" class=\"frm_form_field form-field  frm_top_container vertical_radio\">\n\t<div  id=\"field_oxk6h_label\" class=\"frm_primary_label\">En option : Avez-vous \u00e9t\u00e9 diagnostiqu\u00e9 (ou la personne que vous contactez en son nom) avant l&rsquo;\u00e2ge de 50 ans ?\n\t\t<span class=\"frm_required\" aria-hidden=\"true\"><\/span>\n\t<\/div>\n\t<div class=\"frm_opt_container\" aria-labelledby=\"field_oxk6h_label\" role=\"group\">\t\t<div class=\"frm_checkbox\" id=\"frm_checkbox_170-0\">\t\t\t<label  for=\"field_oxk6h-0\">\n\t\t\t<input type=\"checkbox\" name=\"item_meta[170][]\" id=\"field_oxk6h-0\" value=\"Option 1\"  data-frmlimit=\"1\"  data-invmsg=\"En option : Avez-vous \u00e9t\u00e9 diagnostiqu\u00e9 (ou la personne que vous contactez en son nom) avant l&#039;\u00e2ge de 50 ans ? est non valide\"   \/> Oui<\/label><\/div>\n\t\t<div class=\"frm_checkbox\" id=\"frm_checkbox_170-1\">\t\t\t<label  for=\"field_oxk6h-1\">\n\t\t\t<input type=\"checkbox\" name=\"item_meta[170][]\" id=\"field_oxk6h-1\" value=\"Option 2\"  data-frmlimit=\"1\"  data-invmsg=\"En option : Avez-vous \u00e9t\u00e9 diagnostiqu\u00e9 (ou la personne que vous contactez en son nom) avant l&#039;\u00e2ge de 50 ans ? est non valide\"   \/> Non<\/label><\/div>\n\t\t<div class=\"frm_checkbox\" id=\"frm_checkbox_170-2\">\t\t\t<label  for=\"field_oxk6h-2\">\n\t\t\t<input type=\"checkbox\" name=\"item_meta[170][]\" id=\"field_oxk6h-2\" value=\"New Option\"  data-frmlimit=\"1\"  data-invmsg=\"En option : Avez-vous \u00e9t\u00e9 diagnostiqu\u00e9 (ou la personne que vous contactez en son nom) avant l&#039;\u00e2ge de 50 ans ? est non valide\"   \/> Je ne sais pas<\/label><\/div>\n<\/div>\n\t\n\t\n<\/div>\n<div id=\"frm_field_124_container\" class=\"frm_form_field form-field  frm_required_field frm_top_container frm_full\">\r\n\t<label for=\"field_9jv0r12\" id=\"field_9jv0r12_label\" class=\"frm_primary_label\">D\u00e9crivez bri\u00e8vement ce pour quoi vous avez besoin d&rsquo;aide\r\n\t\t<span class=\"frm_required\" aria-hidden=\"true\">*<\/span>\r\n\t<\/label>\r\n\t<textarea name=\"item_meta[124]\" id=\"field_9jv0r12\" rows=\"5\"  data-reqmsg=\"D\u00e9crivez bri\u00e8vement ce pour quoi vous avez besoin d&#039;aide ne peut \u00eatre vide.\" aria-required=\"true\" data-invmsg=\"D\u00e9crivez bri\u00e8vement ce pour quoi vous avez besoin d&#039;aide n&#039;est pas valide.\" aria-invalid=\"false\"  ><\/textarea>\r\n\t\r\n\t\r\n<\/div>\n<div id=\"frm_field_128_container\" class=\"frm_form_field form-field  frm_top_container\">\r\n\t<label for=\"field_k4orn\" id=\"field_k4orn_label\" class=\"frm_primary_label\">Autres commentaires\r\n\t\t<span class=\"frm_required\" aria-hidden=\"true\"><\/span>\r\n\t<\/label>\r\n\t<textarea name=\"item_meta[128]\" id=\"field_k4orn\" rows=\"5\"  data-invmsg=\"Autres commentaires n&#039;est pas valide.\" aria-invalid=\"false\"  ><\/textarea>\r\n\t\r\n\t\r\n<\/div>\n<div id=\"frm_field_129_container\" class=\"frm_form_field form-field  frm_required_field frm_top_container vertical_radio\">\r\n\t<div  id=\"field_q8xe8_label\" class=\"frm_primary_label\">Autorisation de contact :\r\n\t\t<span class=\"frm_required\" aria-hidden=\"true\">*<\/span>\r\n\t<\/div>\r\n\t<div class=\"frm_opt_container\" aria-labelledby=\"field_q8xe8_label\" role=\"group\">\t\t<div class=\"frm_checkbox\" id=\"frm_checkbox_129-0\">\t\t\t<label  for=\"field_q8xe8-0\">\n\t\t\t<input type=\"checkbox\" name=\"item_meta[129][]\" id=\"field_q8xe8-0\" value=\"\" checked=\"checked\"  data-reqmsg=\"Autorisation de contact : ne peut \u00eatre vide.\" data-invmsg=\"Autorisation de contact : est non valide\"   aria-required=\"true\"  \/> OUI, en cochant cette case et en fournissant mes coordonn\u00e9es, je consens \u00e0 \u00eatre contact\u00e9 par Parkinson Canada et \u00e0 recevoir des nouvelles, des mises \u00e0 jour et de l&rsquo;information de la part de Parkinson Canada<\/label><\/div>\n<\/div>\r\n\t\r\n\t\r\n<\/div>\n<div id=\"frm_field_130_container\" class=\"frm_form_field form-field  frm_none_container\">\r\n\t<label for=\"g-recaptcha-response\" id=\"field_wqio1_label\" class=\"frm_primary_label\">CAPTCHA\r\n\t\t<span class=\"frm_required\" aria-hidden=\"true\"><\/span>\r\n\t<\/label>\r\n\t<div  id=\"field_wqio1\" class=\"g-recaptcha\" data-sitekey=\"6LeCFcgqAAAAAEaYGhQIfqGVFeasFjA5QbGeG40Z\" data-size=\"invisible\" data-theme=\"light\" data-callback=\"frmAfterRecaptcha\"><\/div>\r\n\t\r\n\t\r\n<\/div>\n<input type=\"hidden\" name=\"item_meta[131]\" id=\"field_td9bp\" value=\"\"     \/>\n<div id=\"frm_field_125_container\" class=\"frm_form_field form-field \">\r\n\t<div class=\"frm_submit\">\r\n\r\n<button class=\"frm_button_submit frm_final_submit\" type=\"submit\"   formnovalidate=\"formnovalidate\">Soumettre<\/button>\r\n\r\n<\/div>\r\n<\/div>\n<input type=\"hidden\" name=\"item_meta[132]\" id=\"field_38v3v\" value=\"[current_wpml_lang]\"  data-frmval=\"[current_wpml_lang]\"   \/>\n\t<input type=\"hidden\" name=\"item_key\" value=\"\" \/>\n\t\t\t<div id=\"frm_field_194_container\">\n\t\t\t<label for=\"field_v7d25\" >\n\t\t\t\tSi vous \u00eates un humain, ne remplissez pas ce champ.\t\t\t<\/label>\n\t\t\t<input  id=\"field_v7d25\" type=\"text\" class=\"frm_form_field form-field frm_verify\" name=\"item_meta[194]\" value=\"\"  \/>\n\t\t<\/div>\n\t\t<input name=\"frm_state\" type=\"hidden\" value=\"uKLBx+w75n7DKGhAUmIG1ZyT5lPPgVXvRZ50\/RWVO32BHJ2mCKbGXr5yHeInX\/Tt\" \/><\/div>\n<\/fieldset>\n<\/div>\n\n<\/form>\n<\/div>\n<\/div>\n\n\n\n<div style=\"height:27px\" aria-hidden=\"true\" class=\"wp-block-spacer is-style-responsive-medium\"><\/div>\n","protected":false},"excerpt":{"rendered":"<p>Parkinson Canada n&rsquo;est pas un centre de communication de crise. Si vous avez besoin d&rsquo;un soutien imm\u00e9diat,appelez ou envoyez un message texte au 9-8-8 outrouvez de l&rsquo;information sur le soutien en cas de crise au 988.ca. L&rsquo;\u00e9quipe de soutien et d&rsquo;information de Parkinson Canada offre un soutien personnalis\u00e9 et empathique aux personnes atteintes de la [&hellip;]<\/p>\n","protected":false},"author":107,"featured_media":52011,"parent":44265,"menu_order":1,"comment_status":"closed","ping_status":"closed","template":"","meta":{"_acf_changed":false,"footnotes":""},"class_list":["post-46082","page","type-page","status-publish","has-post-thumbnail","hentry"],"acf":[],"aioseo_notices":[],"_links":{"self":[{"href":"https:\/\/www.parkinson.ca\/fr\/wp-json\/wp\/v2\/pages\/46082","targetHints":{"allow":["GET"]}}],"collection":[{"href":"https:\/\/www.parkinson.ca\/fr\/wp-json\/wp\/v2\/pages"}],"about":[{"href":"https:\/\/www.parkinson.ca\/fr\/wp-json\/wp\/v2\/types\/page"}],"author":[{"embeddable":true,"href":"https:\/\/www.parkinson.ca\/fr\/wp-json\/wp\/v2\/users\/107"}],"replies":[{"embeddable":true,"href":"https:\/\/www.parkinson.ca\/fr\/wp-json\/wp\/v2\/comments?post=46082"}],"version-history":[{"count":19,"href":"https:\/\/www.parkinson.ca\/fr\/wp-json\/wp\/v2\/pages\/46082\/revisions"}],"predecessor-version":[{"id":55971,"href":"https:\/\/www.parkinson.ca\/fr\/wp-json\/wp\/v2\/pages\/46082\/revisions\/55971"}],"up":[{"embeddable":true,"href":"https:\/\/www.parkinson.ca\/fr\/wp-json\/wp\/v2\/pages\/44265"}],"wp:featuredmedia":[{"embeddable":true,"href":"https:\/\/www.parkinson.ca\/fr\/wp-json\/wp\/v2\/media\/52011"}],"wp:attachment":[{"href":"https:\/\/www.parkinson.ca\/fr\/wp-json\/wp\/v2\/media?parent=46082"}],"curies":[{"name":"wp","href":"https:\/\/api.w.org\/{rel}","templated":true}]}}