{"id":46078,"date":"2024-07-05T16:03:07","date_gmt":"2024-07-05T16:03:07","guid":{"rendered":"https:\/\/parkinson.ca\/mission-vision-valeurs\/"},"modified":"2025-09-23T16:46:17","modified_gmt":"2025-09-23T16:46:17","slug":"mission-vision-valeurs","status":"publish","type":"page","link":"https:\/\/www.parkinson.ca\/fr\/a-propos-de-nous\/mission-vision-valeurs\/","title":{"rendered":"Mission, vision, valeurs"},"content":{"rendered":"\n<div class=\"wp-block-cover\"><img loading=\"lazy\" decoding=\"async\" width=\"1707\" height=\"2560\" class=\"wp-block-cover__image-background wp-image-50363\" alt=\"\" src=\"https:\/\/www.parkinson.ca\/wp-content\/uploads\/2025\/03\/BRIAN_0087-scaled.jpg\" style=\"object-position:45% 43%\" data-object-fit=\"cover\" data-object-position=\"45% 43%\" srcset=\"https:\/\/www.parkinson.ca\/wp-content\/uploads\/2025\/03\/BRIAN_0087-scaled.jpg 1707w, https:\/\/www.parkinson.ca\/wp-content\/uploads\/2025\/03\/BRIAN_0087-200x300.jpg 200w\" sizes=\"auto, (max-width: 1707px) 100vw, 1707px\" \/><span aria-hidden=\"true\" class=\"wp-block-cover__background has-contrast-background-color has-background-dim-60 has-background-dim\"><\/span><div class=\"wp-block-cover__inner-container is-layout-constrained wp-block-cover-is-layout-constrained\">\n<p class=\"has-text-align-center has-base-color has-text-color has-link-color has-xxlarge-font-size wp-elements-901f4079b831c4fcdaa0459c40092bbd\"><strong>La vie avec la maladie de Parkinson<\/strong> <strong>&#8211; sans limites<\/strong>.<\/p>\n<\/div><\/div>\n\n\n\n<div style=\"height:100px\" aria-hidden=\"true\" class=\"wp-block-spacer\"><\/div>\n\n\n\n<div class=\"wp-block-group alignfull has-blue-background-color has-background is-layout-constrained wp-block-group-is-layout-constrained\">\n<div class=\"wp-block-group has-blue-background-color has-background has-medium-font-size is-layout-flow wp-block-group-is-layout-flow\">\n<div style=\"height:100px\" aria-hidden=\"true\" class=\"wp-block-spacer is-style-responsive-small\"><\/div>\n\n\n\n<div class=\"wp-block-columns are-vertically-aligned-top has-regular-font-size is-layout-flex wp-container-core-columns-is-layout-9d6595d7 wp-block-columns-is-layout-flex\">\n<div class=\"wp-block-column is-vertically-aligned-top is-layout-flow wp-block-column-is-layout-flow\">\n<div style=\"height:100px\" aria-hidden=\"true\" class=\"wp-block-spacer is-style-responsive-xsmall\"><\/div>\n\n\n\n<p class=\"has-large-font-size\"><strong>Nous croyons que chacun m\u00e9rite de vivre une vie sans limites. Notre vision d\u2019un avenir meilleur guide toutes nos actions afin que les personnes atteintes de la maladie de Parkinson et leurs proches disposent des outils, du soutien et de l\u2019espoir dont ils ont besoin pour s\u2019\u00e9panouir.<\/strong><\/p>\n<\/div>\n\n\n\n<div class=\"wp-block-column is-vertically-aligned-top is-layout-flow wp-block-column-is-layout-flow\" style=\"padding-top:0;padding-bottom:0\">\n<div class=\"wp-block-columns is-style-default home-row no-gap-mobile is-layout-flex wp-container-core-columns-is-layout-9d6595d7 wp-block-columns-is-layout-flex\">\n<div class=\"wp-block-column is-vertically-aligned-center number-copy is-layout-flow wp-block-column-is-layout-flow\">\n<h2 class=\"wp-block-heading has-text-align-left has-large-font-size\">Notre vision<\/h2>\n<\/div>\n\n\n\n<div class=\"wp-block-column is-vertically-aligned-top is-layout-flow wp-block-column-is-layout-flow\">\n<div style=\"height:35px\" aria-hidden=\"true\" class=\"wp-block-spacer\"><\/div>\n\n\n\n<p class=\"has-text-align-left has-medium-font-size\"><strong>Un monde o\u00f9 personne n&rsquo;est limit\u00e9 par la maladie de Parkinson.<\/strong><\/p>\n<\/div>\n<\/div>\n\n\n\n<div class='custom-link '>\n            <div style='width: 100%; height: 3px; background-color: var(--color--accent);'><\/div>\n    <\/div>\n\n\n<div class=\"wp-block-columns is-layout-flex wp-container-core-columns-is-layout-9d6595d7 wp-block-columns-is-layout-flex\">\n<div class=\"wp-block-column is-vertically-aligned-center is-layout-flow wp-block-column-is-layout-flow\">\n<h2 class=\"wp-block-heading has-text-align-left has-large-font-size\">Notre mission  <\/h2>\n<\/div>\n\n\n\n<div class=\"wp-block-column is-layout-flow wp-block-column-is-layout-flow\">\n<div style=\"height:35px\" aria-hidden=\"true\" class=\"wp-block-spacer\"><\/div>\n\n\n\n<p class=\"has-text-align-left has-medium-font-size\"><strong>Offrir aux personnes atteintes de la maladie de Parkinson et \u00e0 leurs proches aidants les moyens de s\u2019\u00e9panouir, de vivre avec courage et de s\u2019inspirer mutuellement.<\/strong><\/p>\n<\/div>\n<\/div>\n<\/div>\n<\/div>\n<\/div>\n<\/div>\n\n\n\n<div style=\"height:100px\" aria-hidden=\"true\" class=\"wp-block-spacer\"><\/div>\n\n\n\n<div class=\"wp-block-group is-layout-constrained wp-block-group-is-layout-constrained\">\n<h2 class=\"wp-block-heading has-text-align-center\"><strong>Mettre nos valeurs en action<\/strong><\/h2>\n\n\n\n<div style=\"height:100px\" aria-hidden=\"true\" class=\"wp-block-spacer is-style-responsive-xsmall\"><\/div>\n\n\n\n<div class=\"wp-block-columns is-layout-flex wp-container-core-columns-is-layout-9d6595d7 wp-block-columns-is-layout-flex\">\n<div class=\"wp-block-column is-layout-flow wp-block-column-is-layout-flow\">\n<div class=\"wp-block-cover\"><img loading=\"lazy\" decoding=\"async\" width=\"1024\" height=\"683\" class=\"wp-block-cover__image-background wp-image-45822\" alt=\"\" src=\"https:\/\/parkinson.ca\/wp-content\/uploads\/2025\/01\/BRIAN_0088-1024x683.jpg\" data-object-fit=\"cover\" srcset=\"https:\/\/www.parkinson.ca\/wp-content\/uploads\/2025\/01\/BRIAN_0088-1024x683.jpg 1024w, https:\/\/www.parkinson.ca\/wp-content\/uploads\/2025\/01\/BRIAN_0088-300x200.jpg 300w, https:\/\/www.parkinson.ca\/wp-content\/uploads\/2025\/01\/BRIAN_0088-768x512.jpg 768w, https:\/\/www.parkinson.ca\/wp-content\/uploads\/2025\/01\/BRIAN_0088-426x284.jpg 426w\" sizes=\"auto, (max-width: 1024px) 100vw, 1024px\" \/><span aria-hidden=\"true\" class=\"wp-block-cover__background has-background-dim\"><\/span><div class=\"wp-block-cover__inner-container is-layout-flow wp-block-cover-is-layout-flow\">\n<p class=\"has-text-align-center has-large-font-size\">Nous int\u00e9grons la voix et les perspectives de la communaut\u00e9 Parkinson dans tout ce que nous faisons.<\/p>\n<\/div><\/div>\n<\/div>\n\n\n\n<div class=\"wp-block-column is-layout-flow wp-block-column-is-layout-flow\">\n<div class=\"wp-block-cover\"><img loading=\"lazy\" decoding=\"async\" width=\"1024\" height=\"683\" class=\"wp-block-cover__image-background wp-image-45824\" alt=\"\" src=\"https:\/\/parkinson.ca\/wp-content\/uploads\/2025\/01\/ROBERT_328-1024x683.jpg\" data-object-fit=\"cover\" srcset=\"https:\/\/www.parkinson.ca\/wp-content\/uploads\/2025\/01\/ROBERT_328-1024x683.jpg 1024w, https:\/\/www.parkinson.ca\/wp-content\/uploads\/2025\/01\/ROBERT_328-300x200.jpg 300w, https:\/\/www.parkinson.ca\/wp-content\/uploads\/2025\/01\/ROBERT_328-768x512.jpg 768w, https:\/\/www.parkinson.ca\/wp-content\/uploads\/2025\/01\/ROBERT_328-426x284.jpg 426w\" sizes=\"auto, (max-width: 1024px) 100vw, 1024px\" \/><span aria-hidden=\"true\" class=\"wp-block-cover__background has-background-dim\"><\/span><div class=\"wp-block-cover__inner-container is-layout-flow wp-block-cover-is-layout-flow\">\n<p class=\"has-text-align-center has-large-font-size\">Nous remettons courageusement en question les perceptions \u00e9tablies afin de favoriser un changement porteur.<\/p>\n<\/div><\/div>\n<\/div>\n\n\n\n<div class=\"wp-block-column is-layout-flow wp-block-column-is-layout-flow\">\n<div class=\"wp-block-cover\"><img loading=\"lazy\" decoding=\"async\" width=\"1024\" height=\"713\" class=\"wp-block-cover__image-background wp-image-45828\" alt=\"\" src=\"https:\/\/parkinson.ca\/wp-content\/uploads\/2025\/01\/SARAH_1275-1-1024x713.jpg\" data-object-fit=\"cover\" srcset=\"https:\/\/www.parkinson.ca\/wp-content\/uploads\/2025\/01\/SARAH_1275-1-1024x713.jpg 1024w, https:\/\/www.parkinson.ca\/wp-content\/uploads\/2025\/01\/SARAH_1275-1-300x209.jpg 300w, https:\/\/www.parkinson.ca\/wp-content\/uploads\/2025\/01\/SARAH_1275-1-768x535.jpg 768w, https:\/\/www.parkinson.ca\/wp-content\/uploads\/2025\/01\/SARAH_1275-1-426x297.jpg 426w\" sizes=\"auto, (max-width: 1024px) 100vw, 1024px\" \/><span aria-hidden=\"true\" class=\"wp-block-cover__background has-background-dim\"><\/span><div class=\"wp-block-cover__inner-container is-layout-flow wp-block-cover-is-layout-flow\">\n<p class=\"has-text-align-center has-large-font-size\">Nous collaborons pour b\u00e2tir des r\u00e9seaux forts et r\u00e9silients au service de la communaut\u00e9 Parkinson.<\/p>\n<\/div><\/div>\n<\/div>\n<\/div>\n<\/div>\n\n\n\n<div style=\"height:100px\" aria-hidden=\"true\" class=\"wp-block-spacer is-style-responsive-small\"><\/div>\n\n\n\n<div class='custom-link '>\n            <div style='width: 100%; height: 3px; background-color: var(--color--accent);'><\/div>\n    <\/div>\n\n\n<div class=\"wp-block-group is-layout-constrained wp-block-group-is-layout-constrained\">\n<div style=\"height:100px\" aria-hidden=\"true\" class=\"wp-block-spacer is-style-responsive-small\"><\/div>\n\n\n\n<h2 class=\"wp-block-heading has-text-align-center\">Comment nous faisons la diff\u00e9rence<\/h2>\n\n\n\n<p class=\"has-text-align-center\">Notre mission prend vie gr\u00e2ce \u00e0 une combinaison de programmes percutants, de recherche novatrice et de d\u00e9fense des droits de la communaut\u00e9. En donnant aux personnes les moyens d\u2019acqu\u00e9rir des connaissances et du soutien, et en remettant en question les perceptions de la soci\u00e9t\u00e9, nous b\u00e2tissons un monde o\u00f9 la communaut\u00e9 Parkinson peut vivre avec courage et confiance.<\/p>\n\n\n\n<div style=\"height:100px\" aria-hidden=\"true\" class=\"wp-block-spacer is-style-responsive-xsmall\"><\/div>\n\n\n\n<div class=\"wp-block-columns is-layout-flex wp-container-core-columns-is-layout-9d6595d7 wp-block-columns-is-layout-flex\">\n<div class=\"wp-block-column has-grey-background-color has-background is-layout-flow wp-block-column-is-layout-flow\">\n<p class=\"has-text-align-center has-medium-font-size\"><strong>La recherche au service de la communaut\u00e9 Parkinson<\/strong><\/p>\n\n\n\n<div class=\"wp-block-buttons is-content-justification-center is-layout-flex wp-container-core-buttons-is-layout-16018d1d wp-block-buttons-is-layout-flex\">\n<div class=\"wp-block-button\"><a class=\"wp-block-button__link wp-element-button\" href=\"https:\/\/parkinson.ca\/research\/\">Programme de recherche<\/a><\/div>\n<\/div>\n<\/div>\n\n\n\n<div class=\"wp-block-column has-grey-background-color has-background is-layout-flow wp-block-column-is-layout-flow\">\n<p class=\"has-text-align-center has-medium-font-size\"><strong>Donner une voix aux personnes touch\u00e9es<\/strong><\/p>\n\n\n\n<div class=\"wp-block-buttons is-content-justification-center is-layout-flex wp-container-core-buttons-is-layout-16018d1d wp-block-buttons-is-layout-flex\">\n<div class=\"wp-block-button\"><a class=\"wp-block-button__link wp-element-button\" href=\"https:\/\/parkinson.ca\/advocacy\/\">D\u00e9fense des int\u00e9r\u00eats<\/a><\/div>\n<\/div>\n<\/div>\n\n\n\n<div class=\"wp-block-column has-grey-background-color has-background is-layout-flow wp-block-column-is-layout-flow\">\n<p class=\"has-text-align-center has-medium-font-size\"><strong>Soutenir les personnes atteintes pour mieux vivre<\/strong><\/p>\n\n\n\n<div class=\"wp-block-buttons is-content-justification-center is-layout-flex wp-container-core-buttons-is-layout-16018d1d wp-block-buttons-is-layout-flex\">\n<div class=\"wp-block-button\"><a class=\"wp-block-button__link wp-element-button\" href=\"https:\/\/parkinson.ca\/resources\/\">Services et ressources<\/a><\/div>\n<\/div>\n<\/div>\n<\/div>\n\n\n\n<div style=\"height:100px\" aria-hidden=\"true\" class=\"wp-block-spacer is-style-responsive-small\"><\/div>\n<\/div>\n\n\n\n<div class='custom-link '>\n            <div style='width: 100%; height: 3px; background-color: var(--color--accent);'><\/div>\n    <\/div>\n\n\n<div style=\"height:100px\" aria-hidden=\"true\" class=\"wp-block-spacer\"><\/div>\n\n\n\n<div class=\"wp-block-group alignfull has-ice-blue-background-color has-background is-layout-constrained wp-block-group-is-layout-constrained\">\n<div class=\"wp-block-media-text is-stacked-on-mobile\"><figure class=\"wp-block-media-text__media\"><img loading=\"lazy\" decoding=\"async\" width=\"1024\" height=\"683\" src=\"https:\/\/www.parkinson.ca\/wp-content\/uploads\/2025\/01\/Parkinsons-IQYou_People_014_2S4A0125-1024x683.jpg\" alt=\"\" class=\"wp-image-47195 size-full\" srcset=\"https:\/\/www.parkinson.ca\/wp-content\/uploads\/2025\/01\/Parkinsons-IQYou_People_014_2S4A0125-1024x683.jpg 1024w, https:\/\/www.parkinson.ca\/wp-content\/uploads\/2025\/01\/Parkinsons-IQYou_People_014_2S4A0125-300x200.jpg 300w, https:\/\/www.parkinson.ca\/wp-content\/uploads\/2025\/01\/Parkinsons-IQYou_People_014_2S4A0125-768x512.jpg 768w, https:\/\/www.parkinson.ca\/wp-content\/uploads\/2025\/01\/Parkinsons-IQYou_People_014_2S4A0125-426x284.jpg 426w, https:\/\/www.parkinson.ca\/wp-content\/uploads\/2025\/01\/Parkinsons-IQYou_People_014_2S4A0125-1620x1080.jpg 1620w\" sizes=\"auto, (max-width: 1024px) 100vw, 1024px\" \/><\/figure><div class=\"wp-block-media-text__content\">\n<h2 class=\"wp-block-heading has-large-font-size\"><strong>Rejoignez-nous dans notre mission<\/strong><\/h2>\n\n\n\n<p class=\"has-medium-font-size\">Nous ne pouvons pas r\u00e9aliser cette vision seuls. Gr\u00e2ce \u00e0 des personnes comme vous, qu\u2019il s\u2019agisse de partenaires de soins, de chercheurs, de professionnels de la sant\u00e9, de d\u00e9fenseurs ou d\u2019alli\u00e9s, nous cr\u00e9ons un avenir o\u00f9 personne n\u2019est limit\u00e9 par la maladie de Parkinson.<\/p>\n\n\n\n<div class=\"wp-block-buttons is-layout-flex wp-block-buttons-is-layout-flex\">\n<div class=\"wp-block-button\"><a class=\"wp-block-button__link wp-element-button\" href=\"https:\/\/parkinson.ca\/get-involved\/\">Fa\u00e7ons de donner<\/a><\/div>\n<\/div>\n<\/div><\/div>\n<\/div>\n\n\n\n<div style=\"height:100px\" aria-hidden=\"true\" class=\"wp-block-spacer\"><\/div>\n","protected":false},"excerpt":{"rendered":"<p>Nous croyons que chacun m\u00e9rite de vivre une vie sans limites. Notre vision d\u2019un avenir meilleur guide toutes nos actions afin que les personnes atteintes de la maladie de Parkinson et leurs proches disposent des outils, du soutien et de l\u2019espoir dont ils ont besoin pour s\u2019\u00e9panouir. Notre vision Un monde o\u00f9 personne n&rsquo;est limit\u00e9 [&hellip;]<\/p>\n","protected":false},"author":107,"featured_media":50364,"parent":46709,"menu_order":0,"comment_status":"closed","ping_status":"closed","template":"","meta":{"_acf_changed":false,"footnotes":""},"class_list":["post-46078","page","type-page","status-publish","has-post-thumbnail","hentry"],"acf":[],"aioseo_notices":[],"_links":{"self":[{"href":"https:\/\/www.parkinson.ca\/fr\/wp-json\/wp\/v2\/pages\/46078","targetHints":{"allow":["GET"]}}],"collection":[{"href":"https:\/\/www.parkinson.ca\/fr\/wp-json\/wp\/v2\/pages"}],"about":[{"href":"https:\/\/www.parkinson.ca\/fr\/wp-json\/wp\/v2\/types\/page"}],"author":[{"embeddable":true,"href":"https:\/\/www.parkinson.ca\/fr\/wp-json\/wp\/v2\/users\/107"}],"replies":[{"embeddable":true,"href":"https:\/\/www.parkinson.ca\/fr\/wp-json\/wp\/v2\/comments?post=46078"}],"version-history":[{"count":10,"href":"https:\/\/www.parkinson.ca\/fr\/wp-json\/wp\/v2\/pages\/46078\/revisions"}],"predecessor-version":[{"id":54453,"href":"https:\/\/www.parkinson.ca\/fr\/wp-json\/wp\/v2\/pages\/46078\/revisions\/54453"}],"up":[{"embeddable":true,"href":"https:\/\/www.parkinson.ca\/fr\/wp-json\/wp\/v2\/pages\/46709"}],"wp:featuredmedia":[{"embeddable":true,"href":"https:\/\/www.parkinson.ca\/fr\/wp-json\/wp\/v2\/media\/50364"}],"wp:attachment":[{"href":"https:\/\/www.parkinson.ca\/fr\/wp-json\/wp\/v2\/media?parent=46078"}],"curies":[{"name":"wp","href":"https:\/\/api.w.org\/{rel}","templated":true}]}}