{"id":46074,"date":"2024-07-05T15:51:21","date_gmt":"2024-07-05T15:51:21","guid":{"rendered":"https:\/\/parkinson.ca\/benevole\/"},"modified":"2025-10-08T16:50:08","modified_gmt":"2025-10-08T16:50:08","slug":"benevolat","status":"publish","type":"page","link":"https:\/\/www.parkinson.ca\/fr\/facons-de-donner\/benevolat\/","title":{"rendered":"B\u00e9n\u00e9volat"},"content":{"rendered":"\n<div class='overflow-image-text'>\n    <div class='editor-content'>\n        <div>\n            <div class='overflow-image-text-content has-background has-blue-background-color'>\n                <div class='inner-blocks'>\n                    <div class=\"acf-innerblocks-container\">\n\n<div style=\"height:100px\" aria-hidden=\"true\" class=\"wp-block-spacer is-style-responsive-xsmall\"><\/div>\n\n\n\n<h2 class=\"wp-block-heading has-large-font-size\">Faites la diff\u00e9rence dans la vie des personnes touch\u00e9es par la maladie de Parkinson<\/h2>\n\n\n\n<div style=\"height:100px\" aria-hidden=\"true\" class=\"wp-block-spacer is-style-responsive-xsmall\"><\/div>\n\n<\/div>\n                    <img loading=\"lazy\" decoding=\"async\" width=\"2560\" height=\"1704\" src=\"https:\/\/www.parkinson.ca\/wp-content\/uploads\/2024\/10\/parkinsons-pec-aug-2024-170-scaled.jpg\" class=\"overflow-image\" alt=\"\" sizes=\"auto, (min-width: 768px) 50vw, 100vw\" srcset=\"https:\/\/www.parkinson.ca\/wp-content\/uploads\/2024\/10\/parkinsons-pec-aug-2024-170-scaled.jpg 2560w, https:\/\/www.parkinson.ca\/wp-content\/uploads\/2024\/10\/parkinsons-pec-aug-2024-170-300x200.jpg 300w, https:\/\/www.parkinson.ca\/wp-content\/uploads\/2024\/10\/parkinsons-pec-aug-2024-170-1024x681.jpg 1024w, https:\/\/www.parkinson.ca\/wp-content\/uploads\/2024\/10\/parkinsons-pec-aug-2024-170-768x511.jpg 768w, https:\/\/www.parkinson.ca\/wp-content\/uploads\/2024\/10\/parkinsons-pec-aug-2024-170-426x283.jpg 426w, https:\/\/www.parkinson.ca\/wp-content\/uploads\/2024\/10\/parkinsons-pec-aug-2024-170-1623x1080.jpg 1623w\" \/>                <\/div>\n            <\/div>\n        <\/div>    \n    <\/div>\n<\/div>\n\n\n<div style=\"height:100px\" aria-hidden=\"true\" class=\"wp-block-spacer\"><\/div>\n\n\n\n<div class=\"wp-block-cover\"><img loading=\"lazy\" decoding=\"async\" width=\"2000\" height=\"1333\" class=\"wp-block-cover__image-background wp-image-47279\" alt=\"\" src=\"https:\/\/www.parkinson.ca\/wp-content\/uploads\/2025\/01\/54-Mississauga-Superwalk-2023.jpg\" data-object-fit=\"cover\" srcset=\"https:\/\/www.parkinson.ca\/wp-content\/uploads\/2025\/01\/54-Mississauga-Superwalk-2023.jpg 2000w, https:\/\/www.parkinson.ca\/wp-content\/uploads\/2025\/01\/54-Mississauga-Superwalk-2023-300x200.jpg 300w, https:\/\/www.parkinson.ca\/wp-content\/uploads\/2025\/01\/54-Mississauga-Superwalk-2023-1024x682.jpg 1024w, https:\/\/www.parkinson.ca\/wp-content\/uploads\/2025\/01\/54-Mississauga-Superwalk-2023-768x512.jpg 768w, https:\/\/www.parkinson.ca\/wp-content\/uploads\/2025\/01\/54-Mississauga-Superwalk-2023-426x284.jpg 426w, https:\/\/www.parkinson.ca\/wp-content\/uploads\/2025\/01\/54-Mississauga-Superwalk-2023-1620x1080.jpg 1620w\" sizes=\"auto, (max-width: 2000px) 100vw, 2000px\" \/><span aria-hidden=\"true\" class=\"wp-block-cover__background has-background-dim\" style=\"background-color:#815f51\"><\/span><div class=\"wp-block-cover__inner-container is-layout-constrained wp-block-cover-is-layout-constrained\">\n<h2 class=\"wp-block-heading has-text-align-center has-large-font-size\"><strong>Les b\u00e9n\u00e9voles sont au c\u0153ur de Parkinson Canada.  <\/strong><\/h2>\n\n\n\n<p class=\"has-text-align-center has-medium-font-size\">En donnant de votre temps, de votre \u00e9nergie et de vos comp\u00e9tences, vous pouvez contribuer \u00e0 transformer la vie des personnes et des familles touch\u00e9es par la maladie de Parkinson.<\/p>\n\n\n\n<div class=\"wp-block-buttons is-content-justification-center is-layout-flex wp-container-core-buttons-is-layout-16018d1d wp-block-buttons-is-layout-flex\">\n<div class=\"wp-block-button\"><a class=\"wp-block-button__link has-white-background-color has-background wp-element-button\" href=\"https:\/\/parkinsoncanada.volunteerhub.com\/vv2\/\" target=\"_blank\" rel=\"noreferrer noopener\">Se porter volontaire<\/a><\/div>\n<\/div>\n\n\n\n<p class=\"has-text-align-center\">Ce portail de b\u00e9n\u00e9volat n&rsquo;est disponible qu&rsquo;en anglais.<\/p>\n<\/div><\/div>\n\n\n\n<div style=\"height:100px\" aria-hidden=\"true\" class=\"wp-block-spacer\"><\/div>\n\n\n\n<div class=\"wp-block-columns has-grey-background-color has-background is-layout-flex wp-container-core-columns-is-layout-9d6595d7 wp-block-columns-is-layout-flex\">\n<div class=\"wp-block-column is-layout-flow wp-block-column-is-layout-flow\">\n<h2 class=\"wp-block-heading has-text-align-left has-blue-color has-text-color has-link-color wp-elements-a0d4a507d47186923004112945dd6d31\">Pourquoi faire du b\u00e9n\u00e9volat avec nous ?<\/h2>\n\n\n\n<div style=\"height:100px\" aria-hidden=\"true\" class=\"wp-block-spacer is-style-responsive-xsmall\"><\/div>\n\n\n\n<p class=\"has-text-align-left\">Lorsque vous faites du b\u00e9n\u00e9volat pour Parkinson Canada, vous vous joignez \u00e0 une communaut\u00e9 qui s&rsquo;efforce d&rsquo;avoir un impact. Nos b\u00e9n\u00e9voles : <\/p>\n\n\n\n<ul class=\"wp-block-list\">\n<li>Contribuez \u00e0 la mise en \u0153uvre de programmes et de services essentiels.<\/li>\n\n\n\n<li>Sensibiliser et plaider en faveur d&rsquo;une am\u00e9lioration des soins et de l&rsquo;assistance.<\/li>\n\n\n\n<li>Donnez aux autres les moyens d&rsquo;agir en partageant vos connaissances et en favorisant les contacts.<\/li>\n\n\n\n<li>Soutenez les initiatives de recherche r\u00e9volutionnaires qui nous rapprochent d&rsquo;un rem\u00e8de.<\/li>\n<\/ul>\n<\/div>\n<\/div>\n\n\n\n<div style=\"height:100px\" aria-hidden=\"true\" class=\"wp-block-spacer is-style-responsive-small\"><\/div>\n\n\n\n<div class=\"wp-block-group is-layout-constrained wp-block-group-is-layout-constrained\">\n<h2 class=\"wp-block-heading has-blue-color has-text-color has-link-color wp-elements-1fb7043bb0ade4a18d5e0647b0ae60f0\"><strong>Fa\u00e7ons de faire du b\u00e9n\u00e9volat<\/strong><\/h2>\n\n\n\n<p>Quels que soient vos comp\u00e9tences, vos int\u00e9r\u00eats ou votre disponibilit\u00e9, il y a un r\u00f4le \u00e0 jouer pour vous. Voici quelques exemples de la mani\u00e8re dont vous pouvez vous impliquer : <\/p>\n\n\n\n<div class=\"wp-block-group is-layout-grid wp-container-core-group-is-layout-6be84c55 wp-block-group-is-layout-grid\">\n<p class=\"has-text-align-center has-ice-blue-background-color has-background wp-container-content-2155ee95\"><strong>Soutien aux \u00e9v\u00e9nements<\/strong><br>Aidez \u00e0 organiser et \u00e0 diriger des \u00e9v\u00e9nements de collecte de fonds ou de sensibilisation tels que la SuperWalk.<br><a href=\"https:\/\/parkinson.ca\/fr\/facons-de-donner\/evenements-de-collecte-de-fonds\/\">En savoir plus sur nos \u00e9v\u00e9nements<\/a><\/p>\n\n\n\n<p class=\"has-text-align-center has-ice-blue-background-color has-background wp-container-content-2155ee95\"><strong>Plaidoyer et sensibilisation<\/strong><br> Participez \u00e0 nos efforts pour faire entendre la voix de la maladie de Parkinson.<br><a data-type=\"link\" data-id=\"https:\/\/parkinson.ca\/advocacy\/\" href=\"https:\/\/parkinson.ca\/fr\/advocacy\/\">En savoir plus sur lele r\u00f4le de la sensibilisation<\/a><\/p>\n\n\n\n<p class=\"has-text-align-center has-ice-blue-background-color has-background\"><strong>Sensibilisation de la communaut\u00e9<\/strong><br> Apportez un soutien, une \u00e9ducation et des ressources aux personnes de votre communaut\u00e9.<br><a href=\"https:\/\/parkinsoncanada.volunteerhub.com\/vv2\/\" target=\"_blank\" rel=\"noreferrer noopener\">Acc\u00e9dez \u00e0 notre centre de b\u00e9n\u00e9volat<\/a><br>Ce portail de b\u00e9n\u00e9volat n&rsquo;est disponible qu&rsquo;en anglais.<\/p>\n<\/div>\n<\/div>\n\n\n\n<div style=\"height:100px\" aria-hidden=\"true\" class=\"wp-block-spacer is-style-responsive-small\"><\/div>\n\n\n\n<div class=\"wp-block-columns alignfull has-blue-background-color has-background is-layout-flex wp-container-core-columns-is-layout-9d6595d7 wp-block-columns-is-layout-flex\">\n<div class=\"wp-block-column is-layout-flow wp-block-column-is-layout-flow\" style=\"flex-basis:25%\"><\/div>\n\n\n\n<div class=\"wp-block-column is-layout-flow wp-block-column-is-layout-flow\" style=\"flex-basis:50%\">\n<div style=\"height:100px\" aria-hidden=\"true\" class=\"wp-block-spacer is-style-responsive-medium\"><\/div>\n\n\n\n<h2 class=\"wp-block-heading has-text-align-center has-ice-blue-color has-text-color\">Devenez b\u00e9n\u00e9vole d\u00e8s aujourd&rsquo;hui<\/h2>\n\n\n\n<p class=\"has-text-align-center\">Pr\u00eat \u00e0 nous rejoindre ? D\u00e9couvrez les possibilit\u00e9s de b\u00e9n\u00e9volat actuelles et inscrivez-vous pour faire la diff\u00e9rence. Ensemble, nous pouvons cr\u00e9er un monde o\u00f9 personne n&rsquo;est limit\u00e9 par la maladie de Parkinson.  <\/p>\n\n\n\n<div class=\"wp-block-buttons is-content-justification-center is-layout-flex wp-container-core-buttons-is-layout-16018d1d wp-block-buttons-is-layout-flex\">\n<div class=\"wp-block-button\"><a class=\"wp-block-button__link wp-element-button\" href=\"https:\/\/parkinsoncanada.volunteerhub.com\/vv2\/\" target=\"_blank\" rel=\"noreferrer noopener\">Trouver des opportunit\u00e9s de volontariat<\/a><\/div>\n<\/div>\n\n\n\n<p class=\"has-text-align-center\">Ce portail de b\u00e9n\u00e9volat n&rsquo;est disponible qu&rsquo;en anglais<\/p>\n\n\n\n<div style=\"height:100px\" aria-hidden=\"true\" class=\"wp-block-spacer is-style-responsive-medium\"><\/div>\n<\/div>\n\n\n\n<div class=\"wp-block-column is-layout-flow wp-block-column-is-layout-flow\" style=\"flex-basis:25%\"><\/div>\n<\/div>\n\n\n\n<div style=\"height:100px\" aria-hidden=\"true\" class=\"wp-block-spacer is-style-default\"><\/div>\n","protected":false},"excerpt":{"rendered":"<p>Pourquoi faire du b\u00e9n\u00e9volat avec nous ? Lorsque vous faites du b\u00e9n\u00e9volat pour Parkinson Canada, vous vous joignez \u00e0 une communaut\u00e9 qui s&rsquo;efforce d&rsquo;avoir un impact. Nos b\u00e9n\u00e9voles : Fa\u00e7ons de faire du b\u00e9n\u00e9volat Quels que soient vos comp\u00e9tences, vos int\u00e9r\u00eats ou votre disponibilit\u00e9, il y a un r\u00f4le \u00e0 jouer pour vous. Voici quelques [&hellip;]<\/p>\n","protected":false},"author":107,"featured_media":0,"parent":46127,"menu_order":3,"comment_status":"closed","ping_status":"closed","template":"","meta":{"_acf_changed":false,"footnotes":""},"class_list":["post-46074","page","type-page","status-publish","hentry"],"acf":[],"aioseo_notices":[],"_links":{"self":[{"href":"https:\/\/www.parkinson.ca\/fr\/wp-json\/wp\/v2\/pages\/46074","targetHints":{"allow":["GET"]}}],"collection":[{"href":"https:\/\/www.parkinson.ca\/fr\/wp-json\/wp\/v2\/pages"}],"about":[{"href":"https:\/\/www.parkinson.ca\/fr\/wp-json\/wp\/v2\/types\/page"}],"author":[{"embeddable":true,"href":"https:\/\/www.parkinson.ca\/fr\/wp-json\/wp\/v2\/users\/107"}],"replies":[{"embeddable":true,"href":"https:\/\/www.parkinson.ca\/fr\/wp-json\/wp\/v2\/comments?post=46074"}],"version-history":[{"count":10,"href":"https:\/\/www.parkinson.ca\/fr\/wp-json\/wp\/v2\/pages\/46074\/revisions"}],"predecessor-version":[{"id":54837,"href":"https:\/\/www.parkinson.ca\/fr\/wp-json\/wp\/v2\/pages\/46074\/revisions\/54837"}],"up":[{"embeddable":true,"href":"https:\/\/www.parkinson.ca\/fr\/wp-json\/wp\/v2\/pages\/46127"}],"wp:attachment":[{"href":"https:\/\/www.parkinson.ca\/fr\/wp-json\/wp\/v2\/media?parent=46074"}],"curies":[{"name":"wp","href":"https:\/\/api.w.org\/{rel}","templated":true}]}}