{"id":46073,"date":"2024-07-05T16:03:34","date_gmt":"2024-07-05T16:03:34","guid":{"rendered":"https:\/\/parkinson.ca\/rapports-financiers-et-dimpact\/"},"modified":"2025-06-25T16:58:02","modified_gmt":"2025-06-25T16:58:02","slug":"rapports-financiers-et-dimpact","status":"publish","type":"page","link":"https:\/\/www.parkinson.ca\/fr\/a-propos-de-nous\/rapports-financiers-et-dimpact\/","title":{"rendered":"Rapports financiers et d&rsquo;impact"},"content":{"rendered":"\n<div class='overflow-image-text'>\n    <div class='editor-content'>\n        <div>\n            <div class='overflow-image-text-content has-background has-blue-background-color'>\n                <div class='inner-blocks'>\n                    <div class=\"acf-innerblocks-container\">\n\n<div style=\"height:100px\" aria-hidden=\"true\" class=\"wp-block-spacer is-style-responsive-small\"><\/div>\n\n\n\n<h2 class=\"wp-block-heading\">Nous sommes plus puissants dans ce que nous pouvons r\u00e9aliser ensemble.<\/h2>\n\n\n\n<div style=\"height:100px\" aria-hidden=\"true\" class=\"wp-block-spacer is-style-responsive-small\"><\/div>\n\n<\/div>\n                    <img loading=\"lazy\" decoding=\"async\" width=\"2560\" height=\"1707\" src=\"https:\/\/www.parkinson.ca\/wp-content\/uploads\/2025\/01\/Parkinsons-IQYou_People_009_2S4A0089-1-scaled.jpg\" class=\"overflow-image\" alt=\"\" sizes=\"auto, (min-width: 768px) 50vw, 100vw\" srcset=\"https:\/\/www.parkinson.ca\/wp-content\/uploads\/2025\/01\/Parkinsons-IQYou_People_009_2S4A0089-1-scaled.jpg 2560w, https:\/\/www.parkinson.ca\/wp-content\/uploads\/2025\/01\/Parkinsons-IQYou_People_009_2S4A0089-1-300x200.jpg 300w, https:\/\/www.parkinson.ca\/wp-content\/uploads\/2025\/01\/Parkinsons-IQYou_People_009_2S4A0089-1-1024x683.jpg 1024w, https:\/\/www.parkinson.ca\/wp-content\/uploads\/2025\/01\/Parkinsons-IQYou_People_009_2S4A0089-1-768x512.jpg 768w, https:\/\/www.parkinson.ca\/wp-content\/uploads\/2025\/01\/Parkinsons-IQYou_People_009_2S4A0089-1-426x284.jpg 426w, https:\/\/www.parkinson.ca\/wp-content\/uploads\/2025\/01\/Parkinsons-IQYou_People_009_2S4A0089-1-1620x1080.jpg 1620w\" \/>                <\/div>\n            <\/div>\n        <\/div>    \n    <\/div>\n<\/div>\n\n\n<div style=\"height:100px\" aria-hidden=\"true\" class=\"wp-block-spacer\"><\/div>\n\n\n\n<div class=\"wp-block-group alignfull has-blue-background-color has-background is-layout-constrained wp-block-group-is-layout-constrained\">\n<h2 class=\"wp-block-heading has-base-color has-text-color has-link-color has-xlarge-font-size wp-elements-7ee9fcab5fcd75b603a3c967aeb68071\"><strong>Votre impact en 202<\/strong>4<\/h2>\n\n\n\n<p>Nous sommes plus puissants dans ce que nous pouvons r\u00e9aliser ensemble. Nous vous remercions de votre soutien important et de votre foi en notre mission. Vous faites la diff\u00e9rence pour la communaut\u00e9 des chercheurs, des prestataires de soins et de services et des personnes vivant avec la maladie de Parkinson.    <\/p>\n\n\n\n<div style=\"height:30px\" aria-hidden=\"true\" class=\"wp-block-spacer is-style-responsive-xsmall\"><\/div>\n\n\n\n<div class=\"wp-block-columns is-layout-flex wp-container-core-columns-is-layout-9d6595d7 wp-block-columns-is-layout-flex\">\n<div class=\"wp-block-column is-vertically-aligned-center is-layout-flow wp-block-column-is-layout-flow\" style=\"flex-basis:50%\">\n<p>Cette vid\u00e9o n&rsquo;est disponible qu&rsquo;en anglais.<\/p>\n\n\n\n<figure class=\"wp-block-embed is-type-video is-provider-youtube wp-block-embed-youtube wp-embed-aspect-16-9 wp-has-aspect-ratio\"><div class=\"wp-block-embed__wrapper\">\n<iframe loading=\"lazy\" title=\"Notre impact en 2024 - Parkinson Canada\" width=\"500\" height=\"281\" src=\"https:\/\/www.youtube.com\/embed\/bKKvTZbuHEA?feature=oembed\" frameborder=\"0\" allow=\"accelerometer; autoplay; clipboard-write; encrypted-media; gyroscope; picture-in-picture; web-share\" referrerpolicy=\"strict-origin-when-cross-origin\" allowfullscreen><\/iframe>\n<\/div><\/figure>\n<\/div>\n\n\n\n<div class=\"wp-block-column is-vertically-aligned-center is-layout-flow wp-block-column-is-layout-flow\" style=\"flex-basis:60%\">\n\n<div class=\"link-group-block vertical\">\n    <div class=\"acf-innerblocks-container\">\n\n    <div class='icon-link is-style-external'>\n        <a  href='https:\/\/impact.parkinson.ca\/fr'\n            target='_blank' rel='noopener noreferrer'        >\n            Consulter le rapport en ligne        <\/a>\n    <\/div>\n\n\n\n    <div class='icon-link is-style-download'>\n        <a  href='https:\/\/www.parkinson.ca\/wp-content\/uploads\/2025\/06\/FR-Impact-Report-2024.pdf'\n                    >\n            T\u00e9l\u00e9chargez le rapport au format PDF        <\/a>\n    <\/div>\n\n\n\n    <div class='icon-link is-style-download'>\n        <a  href='https:\/\/www.parkinson.ca\/wp-content\/uploads\/2025\/06\/2025-06-05-Parkinson-Canada-Inc-FS-2024-FR-Fully-Signed.pdf'\n                    >\n            T\u00e9l\u00e9chargez les \u00e9tats financiers de 2024        <\/a>\n    <\/div>\n\n\n\n    <div class='icon-link is-style-external'>\n        <a  href='https:\/\/apps.cra-arc.gc.ca\/ebci\/hacc\/srch\/pub\/dsplyRprtngPrd?q.srchNmFltr=parkinson+canada&#038;q.stts=0007&#038;selectedCharityBn=108091786RR0001&#038;dsrdPg=1'\n            target='_blank' rel='noopener noreferrer'        >\n            Acc\u00e9dez en ligne au formulaire T3010 de d\u00e9claration de renseignements des organismes de bienfaisance enregistr\u00e9s de Parkinson Canada, y compris les renseignements sur la r\u00e9mun\u00e9ration        <\/a>\n    <\/div>\n\n<\/div>\n<\/div><\/div>\n<\/div>\n<\/div>\n\n\n\n<div style=\"height:100px\" aria-hidden=\"true\" class=\"wp-block-spacer\"><\/div>\n\n\n\n<div class=\"wp-block-group alignwide has-grey-background-color has-background is-layout-constrained wp-block-group-is-layout-constrained\">\n<h2 class=\"wp-block-heading has-blue-color has-text-color has-link-color has-xlarge-font-size wp-elements-1776abf1102822dee368062ebe106c08\">D\u00e9couvrez les histoires qui se cachent derri\u00e8re les chiffres<\/h2>\n\n\n\n<p>D\u00e9couvrez comment vos contributions permettent \u00e0 la communaut\u00e9 de la maladie de Parkinson de bien vivre.  <\/p>\n\n\n\n<div style=\"height:100px\" aria-hidden=\"true\" class=\"wp-block-spacer is-style-responsive-xsmall\"><\/div>\n\n\n\n<h3 class=\"wp-block-heading has-text-align-left\"><strong>Rapports annuels<\/strong><\/h3>\n\n\n\n<div class=\"wp-block-group is-layout-grid wp-container-core-group-is-layout-9649a0d9 wp-block-group-is-layout-grid\">\n<ul class=\"wp-block-list\">\n<li><a href=\"https:\/\/www.parkinson.ca\/wp-content\/uploads\/2025\/02\/Your-2023-Impact-FR.pdf\" title=\"2023\">2023<\/a><\/li>\n<\/ul>\n\n\n\n<ul class=\"wp-block-list\">\n<li><a href=\"https:\/\/archiveparkinson.thedev.ca\/wp-content\/uploads\/2020-rapport-de-gratitude.pdf\" target=\"_blank\" rel=\"noopener\" title=\"\">2020<\/a><\/li>\n<\/ul>\n\n\n\n<ul class=\"wp-block-list\">\n<li><a href=\"https:\/\/archiveparkinson.thedev.ca\/wp-content\/uploads\/PC_2019_AR_FINAL_FR_ONLINE.pdf\" target=\"_blank\" rel=\"noreferrer noopener\">2019<\/a><\/li>\n<\/ul>\n\n\n\n<ul class=\"wp-block-list\">\n<li><a href=\"https:\/\/parkinson.ca\/wp-content\/uploads\/2020-gratitude-report.pdf\" target=\"_blank\" rel=\"noopener\" title=\"\"><\/a><a href=\"https:\/\/archiveparkinson.thedev.ca\/wp-content\/uploads\/Rapport-Annuel-2018.pdf\" target=\"_blank\" rel=\"noreferrer noopener\">2018<\/a>&nbsp;<\/li>\n<\/ul>\n\n\n\n<ul class=\"wp-block-list wp-container-content-69bc4bdf\">\n<li><a href=\"https:\/\/parkinson.ca\/wp-content\/uploads\/ParkinsonCanada_2019_AnnualReport_FINAL_ENG.pdf\"><\/a><a href=\"https:\/\/archiveparkinson.thedev.ca\/wp-content\/uploads\/rapport_annuel_2017.pdf?v1\" target=\"_blank\" rel=\"noreferrer noopener\">2017<\/a>&nbsp;<\/li>\n<\/ul>\n\n\n\n<ul class=\"wp-block-list\">\n<li><a href=\"https:\/\/parkinson.ca\/wp-content\/uploads\/Annual-Report-2018.pdf\" target=\"_blank\" rel=\"noopener\" title=\"\"><\/a><a href=\"https:\/\/archiveparkinson.thedev.ca\/wp-content\/uploads\/annual_report_2016_FR.pdf\" target=\"_blank\" rel=\"noopener\" title=\"\">2016<\/a>&nbsp;<\/li>\n<\/ul>\n\n\n\n<ul class=\"wp-block-list\">\n<li><a href=\"https:\/\/parkinson.ca\/wp-content\/uploads\/Annual-Report-2017.pdf\" target=\"_blank\" rel=\"noopener\" title=\"\"><\/a><a href=\"https:\/\/archiveparkinson.thedev.ca\/wp-content\/uploads\/2013_Annuel_Rapport.pdf\">2013<\/a>&nbsp;<\/li>\n<\/ul>\n\n\n\n<ul class=\"wp-block-list\">\n<li><a href=\"https:\/\/parkinson.ca\/wp-content\/uploads\/Parkinson_Canada_Annual_Report_2016.pdf\" target=\"_blank\" rel=\"noreferrer noopener\"><\/a><a href=\"https:\/\/archiveparkinson.thedev.ca\/wp-content\/uploads\/2011_Rapport_Annuel.pdf\" target=\"_blank\" rel=\"noopener\" title=\"\">2011<\/a>&nbsp;<\/li>\n<\/ul>\n\n\n\n<ul class=\"wp-block-list\">\n<li><a href=\"https:\/\/archiveparkinson.thedev.ca\/wp-content\/uploads\/2010-2011_Rapport_Annuel.pdf\" target=\"_blank\" rel=\"noopener\" title=\"\">2010-2011<\/a><\/li>\n<\/ul>\n\n\n\n<ul class=\"wp-block-list\">\n<li><a href=\"https:\/\/archiveparkinson.thedev.ca\/wp-content\/uploads\/2009-2010_Rapport_Annuel_lowRes.pdf\" target=\"_blank\" rel=\"noopener\" title=\"\">2009-2010<\/a><\/li>\n<\/ul>\n\n\n\n<ul class=\"wp-block-list\">\n<li><a href=\"https:\/\/parkinson.ca\/wp-content\/uploads\/AnnualReport_2012.pdf\" target=\"_blank\" rel=\"noreferrer noopener\"><\/a><a href=\"https:\/\/archiveparkinson.thedev.ca\/wp-content\/uploads\/2008-2009_Rapport_Annuel.pdf\" target=\"_blank\" rel=\"noopener\" title=\"\">2008-2009<\/a>&nbsp;<\/li>\n<\/ul>\n\n\n\n<ul class=\"wp-block-list\">\n<li><a href=\"https:\/\/parkinson.ca\/wp-content\/uploads\/Annual_Report_2011.pdf\" target=\"_blank\" rel=\"noreferrer noopener\"><\/a><a href=\"https:\/\/archiveparkinson.thedev.ca\/wp-content\/uploads\/2007-2008_Rapport_Annuel.pdf\" target=\"_blank\" rel=\"noopener\" title=\"\">2007-2008<\/a>&nbsp;<\/li>\n<\/ul>\n\n\n\n<ul class=\"wp-block-list\">\n<li><a href=\"https:\/\/parkinson.ca\/wp-content\/uploads\/2009-2010_Annual_Report_lowRes.pdf\" target=\"_blank\" rel=\"noreferrer noopener\"><\/a><a href=\"https:\/\/archiveparkinson.thedev.ca\/wp-content\/uploads\/2006_Parkinsonreport_FR.pdf\" target=\"_blank\" rel=\"noopener\" title=\"\">2006<\/a>&nbsp;<\/li>\n<\/ul>\n\n\n\n<ul class=\"wp-block-list\">\n<li><a href=\"https:\/\/parkinson.ca\/wp-content\/uploads\/Annual-Report_2008-2009.pdf\" target=\"_blank\" rel=\"noreferrer noopener\"><\/a><a href=\"https:\/\/archiveparkinson.thedev.ca\/wp-content\/uploads\/2004-2005_Rapport_Annuel.pdf\" target=\"_blank\" rel=\"noopener\" title=\"\">2005<\/a>&nbsp;<\/li>\n<\/ul>\n\n\n\n<ul class=\"wp-block-list\">\n<li><a href=\"https:\/\/parkinson.ca\/wp-content\/uploads\/Annual-Report-2007-2008.pdf\" target=\"_blank\" rel=\"noreferrer noopener\">2007-2008<\/a>&nbsp;<\/li>\n<\/ul>\n\n\n\n<ul class=\"wp-block-list\">\n<li><a href=\"https:\/\/parkinson.ca\/wp-content\/uploads\/Annual-Report-2006-2007-1.pdf\" target=\"_blank\" rel=\"noreferrer noopener\">2006-2007<\/a>&nbsp;<\/li>\n<\/ul>\n\n\n\n<ul class=\"wp-block-list\">\n<li><a href=\"https:\/\/parkinson.ca\/wp-content\/uploads\/Annual-Report-2005-2006.pdf\" target=\"_blank\" rel=\"noreferrer noopener\">2005-2006<\/a>&nbsp;<\/li>\n<\/ul>\n\n\n\n<ul class=\"wp-block-list\">\n<li><a href=\"https:\/\/www.parkinson.ca\/wp-content\/uploads\/Annual-Report-2004-2005.pdf\" target=\"_blank\" rel=\"noopener\" title=\"\">2004-2005<\/a>&nbsp;<\/li>\n<\/ul>\n<\/div>\n\n\n\n<div style=\"height:100px\" aria-hidden=\"true\" class=\"wp-block-spacer is-style-responsive-small\"><\/div>\n\n\n\n<h3 class=\"wp-block-heading\"><strong>\u00c9tats financiers<\/strong><\/h3>\n\n\n\n<div class=\"wp-block-group is-layout-grid wp-container-core-group-is-layout-9649a0d9 wp-block-group-is-layout-grid\">\n<ul class=\"wp-block-list\">\n<li><a href=\"https:\/\/parkinson.ca\/wp-content\/uploads\/Parkinson-Canada-Inc-FS-2022.pdf\" target=\"_blank\" rel=\"noreferrer noopener\"><\/a><a href=\"https:\/\/www.parkinson.ca\/wp-content\/uploads\/2025\/02\/Parkinson-Canada-Inc-FS-2023-FINAL-FR-Board-Signed.pdf\" title=\"2023\">2023<\/a>\u00a0<\/li>\n<\/ul>\n\n\n\n<ul class=\"wp-block-list\">\n<li><a href=\"https:\/\/parkinson.ca\/wp-content\/uploads\/Parkinson-Canada-Inc-FS-2022.pdf\" target=\"_blank\" rel=\"noreferrer noopener\"><\/a><a href=\"https:\/\/www.parkinson.ca\/wp-content\/uploads\/2025\/06\/Parkinson-Canada-Inc-FS-2021-Final-FR.pdf\" title=\"2021\">2021<\/a>\u00a0<\/li>\n<\/ul>\n\n\n\n<ul class=\"wp-block-list\">\n<li><a href=\"https:\/\/parkinson.ca\/wp-content\/uploads\/Parkinson-Canada-Inc-FS-2022.pdf\" target=\"_blank\" rel=\"noreferrer noopener\"><\/a><a href=\"https:\/\/archiveparkinson.thedev.ca\/wp-content\/uploads\/Parkinson-Canada-Etat-financiers-decembre-31-2020.pdf\" target=\"_blank\" rel=\"noopener\" title=\"\">2020<\/a>&nbsp;<\/li>\n<\/ul>\n\n\n\n<ul class=\"wp-block-list\">\n<li><a href=\"https:\/\/archiveparkinson.thedev.ca\/wp-content\/uploads\/Parkinson-Canada-Etat-financiers-decembre-31-2019.pdf\" target=\"_blank\" rel=\"noopener\" title=\"\">2019<\/a><\/li>\n<\/ul>\n\n\n\n<ul class=\"wp-block-list\">\n<li><a href=\"https:\/\/parkinson.ca\/wp-content\/uploads\/Parkinson-Canada-Audited-Financial-Statements-December-31-2020.pdf\" target=\"_blank\" rel=\"noreferrer noopener\"><\/a><a href=\"https:\/\/archiveparkinson.thedev.ca\/wp-content\/uploads\/Parkinson-Canada-Etat-financiers-2018.pdf\" target=\"_blank\" rel=\"noopener\" title=\"\">2018<\/a>&nbsp;<\/li>\n<\/ul>\n\n\n\n<ul class=\"wp-block-list\">\n<li><a href=\"https:\/\/parkinson.ca\/wp-content\/uploads\/Parkinson-Canada-Audited-Financial-Statements-December-31-2019.pdf\" target=\"_blank\" rel=\"noreferrer noopener\"><\/a><a href=\"https:\/\/archiveparkinson.thedev.ca\/wp-content\/uploads\/Parkinson-Canada-Etat-financiers-decembre-31-2017-1.pdf\" target=\"_blank\" rel=\"noopener\" title=\"\">2017<\/a>&nbsp;<\/li>\n<\/ul>\n\n\n\n<ul class=\"wp-block-list\">\n<li><a href=\"https:\/\/archiveparkinson.thedev.ca\/wp-content\/uploads\/etats_financiers_2016.pdf\" target=\"_blank\" rel=\"noopener\" title=\"\">2016<\/a><\/li>\n<\/ul>\n\n\n\n<ul class=\"wp-block-list\">\n<li><a href=\"https:\/\/parkinson.ca\/wp-content\/uploads\/Parkinson-Canada-Audited-Financial-Statements-December-31-2017.pdf\" target=\"_blank\" rel=\"noreferrer noopener\"><\/a><a href=\"https:\/\/archiveparkinson.thedev.ca\/wp-content\/uploads\/2014_SPC_ETAT_FINANCIERS_CONSOLIDES.pdf\" target=\"_blank\" rel=\"noopener\" title=\"\">2014<\/a>&nbsp;<\/li>\n<\/ul>\n\n\n\n<ul class=\"wp-block-list\">\n<li><a href=\"https:\/\/parkinson.ca\/wp-content\/uploads\/financial_statements_2016.pdf\" target=\"_blank\" rel=\"noreferrer noopener\"><\/a><a href=\"https:\/\/archiveparkinson.thedev.ca\/wp-content\/uploads\/2013-ETAT_FINANCIERS_CONSOLIDES.pdf\" target=\"_blank\" rel=\"noopener\" title=\"\">2013<\/a>&nbsp;<\/li>\n<\/ul>\n\n\n\n<ul class=\"wp-block-list\">\n<li><a href=\"https:\/\/parkinson.ca\/wp-content\/uploads\/PSC_AUDITED_FINANCIAL_STATEMENTS_DECEMBER_31_2015.pdf\" target=\"_blank\" rel=\"noreferrer noopener\"><\/a><a href=\"https:\/\/archiveparkinson.thedev.ca\/wp-content\/uploads\/2012_Etat_Financiers_Consolides.pdf\" target=\"_blank\" rel=\"noopener\" title=\"\">2012<\/a>&nbsp;<\/li>\n<\/ul>\n\n\n\n<ul class=\"wp-block-list\">\n<li><a href=\"https:\/\/archiveparkinson.thedev.ca\/wp-content\/uploads\/2011_ETATS_FINANCIERS_CONSOLID%C3%89S.pdf\" target=\"_blank\" rel=\"noopener\" title=\"\">2011<\/a><\/li>\n<\/ul>\n<\/div>\n<\/div>\n\n\n\n<div style=\"height:100px\" aria-hidden=\"true\" class=\"wp-block-spacer is-style-responsive-small\"><\/div>\n","protected":false},"excerpt":{"rendered":"<p>Votre impact en 2024 Nous sommes plus puissants dans ce que nous pouvons r\u00e9aliser ensemble. Nous vous remercions de votre soutien important et de votre foi en notre mission. Vous faites la diff\u00e9rence pour la communaut\u00e9 des chercheurs, des prestataires de soins et de services et des personnes vivant avec la maladie de Parkinson. Cette [&hellip;]<\/p>\n","protected":false},"author":107,"featured_media":49131,"parent":46709,"menu_order":1,"comment_status":"closed","ping_status":"closed","template":"","meta":{"_acf_changed":false,"footnotes":""},"class_list":["post-46073","page","type-page","status-publish","has-post-thumbnail","hentry"],"acf":[],"aioseo_notices":[],"_links":{"self":[{"href":"https:\/\/www.parkinson.ca\/fr\/wp-json\/wp\/v2\/pages\/46073","targetHints":{"allow":["GET"]}}],"collection":[{"href":"https:\/\/www.parkinson.ca\/fr\/wp-json\/wp\/v2\/pages"}],"about":[{"href":"https:\/\/www.parkinson.ca\/fr\/wp-json\/wp\/v2\/types\/page"}],"author":[{"embeddable":true,"href":"https:\/\/www.parkinson.ca\/fr\/wp-json\/wp\/v2\/users\/107"}],"replies":[{"embeddable":true,"href":"https:\/\/www.parkinson.ca\/fr\/wp-json\/wp\/v2\/comments?post=46073"}],"version-history":[{"count":18,"href":"https:\/\/www.parkinson.ca\/fr\/wp-json\/wp\/v2\/pages\/46073\/revisions"}],"predecessor-version":[{"id":52983,"href":"https:\/\/www.parkinson.ca\/fr\/wp-json\/wp\/v2\/pages\/46073\/revisions\/52983"}],"up":[{"embeddable":true,"href":"https:\/\/www.parkinson.ca\/fr\/wp-json\/wp\/v2\/pages\/46709"}],"wp:featuredmedia":[{"embeddable":true,"href":"https:\/\/www.parkinson.ca\/fr\/wp-json\/wp\/v2\/media\/49131"}],"wp:attachment":[{"href":"https:\/\/www.parkinson.ca\/fr\/wp-json\/wp\/v2\/media?parent=46073"}],"curies":[{"name":"wp","href":"https:\/\/api.w.org\/{rel}","templated":true}]}}