{"id":46070,"date":"2024-07-05T16:03:44","date_gmt":"2024-07-05T16:03:44","guid":{"rendered":"https:\/\/parkinson.ca\/plan-strategique\/"},"modified":"2025-09-23T18:27:22","modified_gmt":"2025-09-23T18:27:22","slug":"plan-strategique","status":"publish","type":"page","link":"https:\/\/www.parkinson.ca\/fr\/a-propos-de-nous\/plan-strategique\/","title":{"rendered":"Plan strat\u00e9gique"},"content":{"rendered":"\n<div class=\"wp-block-cover is-light is-repeated\"><div class=\"wp-block-cover__image-background wp-image-48095 is-repeated\" style=\"background-position:53% 22%;background-image:url(https:\/\/parkinson.ca\/wp-content\/uploads\/2025\/01\/Screenshot-2025-01-28-081126.png)\"><\/div><span aria-hidden=\"true\" class=\"wp-block-cover__background has-background-dim-60 has-background-dim\" style=\"background-color:#b7b0aa\"><\/span><div class=\"wp-block-cover__inner-container is-layout-constrained wp-block-cover-is-layout-constrained\">\n<h2 class=\"wp-block-heading has-text-align-center has-base-color has-text-color has-link-color has-xxlarge-font-size wp-elements-375468fa690419c23413c3eaae65494a\"><strong>Un avenir audacieux et porteur d\u2019espoir<\/strong><\/h2>\n<\/div><\/div>\n\n\n\n<div style=\"height:100px\" aria-hidden=\"true\" class=\"wp-block-spacer\"><\/div>\n\n\n\n<div class=\"wp-block-group alignfull has-blue-background-color has-background is-layout-constrained wp-block-group-is-layout-constrained\">\n<div class=\"wp-block-columns is-layout-flex wp-container-core-columns-is-layout-9d6595d7 wp-block-columns-is-layout-flex\">\n<div class=\"wp-block-column is-vertically-aligned-top is-layout-flow wp-block-column-is-layout-flow\" style=\"flex-basis:33.33%\">\n<div style=\"height:100px\" aria-hidden=\"true\" class=\"wp-block-spacer is-style-responsive-xsmall\"><\/div>\n\n\n\n<h2 class=\"wp-block-heading has-text-align-left has-lilac-color has-text-color has-link-color wp-elements-f4e3b144e8ad50e7fa12d4e4abf9ffdf\"><strong>Sans limites : Plan strat\u00e9gique 2025-2030 de Parkinson Canada<\/strong><\/h2>\n<\/div>\n\n\n\n<div class=\"wp-block-column is-layout-flow wp-block-column-is-layout-flow\" style=\"flex-basis:66.66%\">\n<blockquote class=\"wp-block-quote is-layout-flow wp-block-quote-is-layout-flow\">\n<p class=\"has-text-align-left has-base-color has-text-color has-link-color wp-elements-fde819469d7b94990d841a1193d09fb0\">Sans limites, le nouveau plan strat\u00e9gique de Parkinson Canada, trace une feuille de route audacieuse et solide pour aider notre communaut\u00e9 \u00e0 reprendre en main le r\u00e9cit de la vie avec la maladie de Parkinson. Avec d\u00e9termination, et aux c\u00f4t\u00e9s de notre communaut\u00e9, de nos partenaires et de nos experts, nous avan\u00e7ons pour transformer la vie des personnes touch\u00e9es par la maladie au Canada.<\/p>\n\n\n\n<div style=\"height:100px\" aria-hidden=\"true\" class=\"wp-block-spacer is-style-responsive-xsmall\"><\/div>\n<\/blockquote>\n\n\n\n<div class=\"wp-block-buttons is-content-justification-left is-layout-flex wp-container-core-buttons-is-layout-fdcfc74e wp-block-buttons-is-layout-flex\">\n<div class=\"wp-block-button\"><a class=\"wp-block-button__link wp-element-button\" href=\"https:\/\/www.parkinson.ca\/wp-content\/uploads\/2025\/02\/Parkinson-Canada-Plan-Strategique-2025-2030-.pdf\">Lire le plan<\/a><\/div>\n<\/div>\n<\/div>\n<\/div>\n<\/div>\n\n\n\n<div style=\"height:100px\" aria-hidden=\"true\" class=\"wp-block-spacer\"><\/div>\n\n\n\n<h2 class=\"wp-block-heading\">Priorit\u00e9s strat\u00e9giques<\/h2>\n\n\n\n<p>Notre plan repose sur trois grandes priorit\u00e9s qui apporteront des changements durables :<\/p>\n\n\n\n<div class=\"wp-block-columns is-style-default home-row no-gap-mobile is-layout-flex wp-container-core-columns-is-layout-9d6595d7 wp-block-columns-is-layout-flex\">\n<div class=\"wp-block-column is-vertically-aligned-bottom is-layout-flow wp-block-column-is-layout-flow\" style=\"flex-basis:15%\">\n<div style=\"height:35px\" aria-hidden=\"true\" class=\"wp-block-spacer\"><\/div>\n<\/div>\n\n\n\n<div class=\"wp-block-column is-vertically-aligned-center number-column is-layout-flow wp-block-column-is-layout-flow\" style=\"padding-right:var(--wp--preset--spacing--60);padding-left:var(--wp--preset--spacing--60);flex-basis:15%\">\n<h2 class=\"wp-block-heading has-text-align-left has-blue-color has-text-color has-link-color wp-elements-88308629bab999187b494985ed1a4de4\" style=\"font-size:75px\">1<\/h2>\n<\/div>\n\n\n\n<div class=\"wp-block-column is-vertically-aligned-center number-copy is-layout-flow wp-block-column-is-layout-flow\">\n<h5 class=\"wp-block-heading has-text-align-left has-xlarge-font-size\">Am\u00e9liorer l\u2019acc\u00e8s aux soins<\/h5>\n\n\n\n<p class=\"has-text-align-left has-regular-font-size\">R\u00e9duire les obstacles pour assurer \u00e0 chacun un acc\u00e8s \u00e9quitable, rapide et de qualit\u00e9 aux soins dont il a besoin.<\/p>\n<\/div>\n<\/div>\n\n\n\n<div class='custom-link '>\n            <div style='width: 100%; height: 3px; background-color: var(--color--accent);'><\/div>\n    <\/div>\n\n\n<div class=\"wp-block-columns home-row no-gap-mobile is-layout-flex wp-container-core-columns-is-layout-9d6595d7 wp-block-columns-is-layout-flex\">\n<div class=\"wp-block-column is-vertically-aligned-bottom is-layout-flow wp-block-column-is-layout-flow\" style=\"flex-basis:15%\">\n<div style=\"height:35px\" aria-hidden=\"true\" class=\"wp-block-spacer\"><\/div>\n<\/div>\n\n\n\n<div class=\"wp-block-column is-vertically-aligned-center number-column is-layout-flow wp-block-column-is-layout-flow\" style=\"padding-right:var(--wp--preset--spacing--60);padding-left:var(--wp--preset--spacing--60);flex-basis:15%\">\n<h2 class=\"wp-block-heading has-text-align-left has-blue-color has-text-color has-link-color wp-elements-1b86a0e9d13bb8a6cdd66d75aa611cdb\" style=\"font-size:75px\">2<\/h2>\n<\/div>\n\n\n\n<div class=\"wp-block-column is-vertically-aligned-center number-copy is-layout-flow wp-block-column-is-layout-flow\">\n<h5 class=\"wp-block-heading has-text-align-left has-xlarge-font-size\">Renforcer la reconnaissance de la maladie de Parkinson<\/h5>\n\n\n\n<p class=\"has-text-align-left has-regular-font-size\">Sensibiliser, lutter contre la stigmatisation et faire reconna\u00eetre la maladie de Parkinson comme une v\u00e9ritable priorit\u00e9 de sant\u00e9 publique.<\/p>\n<\/div>\n<\/div>\n\n\n\n<div class='custom-link '>\n            <div style='width: 100%; height: 3px; background-color: var(--color--accent);'><\/div>\n    <\/div>\n\n\n<div class=\"wp-block-columns home-row no-gap-mobile is-layout-flex wp-container-core-columns-is-layout-093b9794 wp-block-columns-is-layout-flex\" style=\"padding-bottom:0\">\n<div class=\"wp-block-column is-vertically-aligned-bottom is-layout-flow wp-block-column-is-layout-flow\" style=\"flex-basis:15%\">\n<div style=\"height:35px\" aria-hidden=\"true\" class=\"wp-block-spacer\"><\/div>\n<\/div>\n\n\n\n<div class=\"wp-block-column is-vertically-aligned-center number-column is-layout-flow wp-block-column-is-layout-flow\" style=\"padding-right:var(--wp--preset--spacing--60);padding-left:var(--wp--preset--spacing--60);flex-basis:15%\">\n<h2 class=\"wp-block-heading has-text-align-left has-blue-color has-text-color has-link-color wp-elements-d89d7ff022ccda1f879a09068e74c542\" style=\"font-size:75px\">3<\/h2>\n<\/div>\n\n\n\n<div class=\"wp-block-column is-vertically-aligned-center number-copy is-layout-flow wp-block-column-is-layout-flow\">\n<h5 class=\"wp-block-heading has-text-align-left has-xlarge-font-size\">D\u00e9velopper les partenariats<\/h5>\n\n\n\n<p class=\"has-text-align-left has-regular-font-size\">Collaborer \u00e9troitement avec la communaut\u00e9, les proches aidants, les professionnels de la sant\u00e9, les chercheurs et les d\u00e9cideurs pour accro\u00eetre l\u2019impact collectif.<\/p>\n<\/div>\n<\/div>\n\n\n\n<div style=\"height:100px\" aria-hidden=\"true\" class=\"wp-block-spacer no-display-mobile\"><\/div>\n\n\n\n<div class=\"wp-block-group has-blue-background-color has-background is-layout-constrained wp-block-group-is-layout-constrained\">\n<div class=\"wp-block-media-text is-stacked-on-mobile\"><figure class=\"wp-block-media-text__media\"><a href=\"https:\/\/www.parkinson.ca\/fr\/a-propos-de-nous\/plan-strategique\/parkinson-canada-plan-strategique-2025-2030-2\/\"><img loading=\"lazy\" decoding=\"async\" width=\"1024\" height=\"663\" src=\"https:\/\/www.parkinson.ca\/wp-content\/uploads\/2025\/02\/Parkinson-Canada-Plan-Strategique-2025-2030--1024x663.png\" alt=\"\" class=\"wp-image-48674 size-full\" srcset=\"https:\/\/www.parkinson.ca\/wp-content\/uploads\/2025\/02\/Parkinson-Canada-Plan-Strategique-2025-2030--1024x663.png 1024w, https:\/\/www.parkinson.ca\/wp-content\/uploads\/2025\/02\/Parkinson-Canada-Plan-Strategique-2025-2030--300x194.png 300w, https:\/\/www.parkinson.ca\/wp-content\/uploads\/2025\/02\/Parkinson-Canada-Plan-Strategique-2025-2030--768x497.png 768w, https:\/\/www.parkinson.ca\/wp-content\/uploads\/2025\/02\/Parkinson-Canada-Plan-Strategique-2025-2030--426x276.png 426w, https:\/\/www.parkinson.ca\/wp-content\/uploads\/2025\/02\/Parkinson-Canada-Plan-Strategique-2025-2030--1669x1080.png 1669w, https:\/\/www.parkinson.ca\/wp-content\/uploads\/2025\/02\/Parkinson-Canada-Plan-Strategique-2025-2030-.png 2000w\" sizes=\"auto, (max-width: 1024px) 100vw, 1024px\" \/><\/a><\/figure><div class=\"wp-block-media-text__content\">\n<h2 class=\"wp-block-heading has-text-align-left has-ice-blue-color has-text-color\"><strong>Ensemble, sans limites<\/strong><\/h2>\n\n\n\n<p class=\"has-text-align-left has-medium-font-size\">Ce plan s\u2019appuie sur la force collective de la communaut\u00e9 Parkinson : collaboration, courage et d\u00e9termination pour relever les d\u00e9fis et transformer chaque obstacle en possibilit\u00e9 de progr\u00e8s.<\/p>\n\n\n\n<p class=\"has-text-align-left has-medium-font-size\">Joignez-vous \u00e0 nous pour b\u00e2tir un avenir plus fort et plus solidaire.<\/p>\n\n\n\n<div style=\"height:100px\" aria-hidden=\"true\" class=\"wp-block-spacer is-style-responsive-xsmall\"><\/div>\n\n\n\n<div class=\"wp-block-buttons is-content-justification-left is-layout-flex wp-container-core-buttons-is-layout-fdcfc74e wp-block-buttons-is-layout-flex\">\n<div class=\"wp-block-button\"><a class=\"wp-block-button__link wp-element-button\" href=\"https:\/\/www.parkinson.ca\/wp-content\/uploads\/2025\/02\/Parkinson-Canada-Plan-Strategique-2025-2030-.pdf\">Lire le plan strat\u00e9gique complet<\/a><\/div>\n<\/div>\n<\/div><\/div>\n<\/div>\n\n\n\n<div style=\"height:100px\" aria-hidden=\"true\" class=\"wp-block-spacer no-display-mobile\"><\/div>\n\n\n\n<div class=\"wp-block-group alignfull has-ice-blue-background-color has-background is-layout-constrained wp-block-group-is-layout-constrained\">\n<div class=\"wp-block-media-text is-stacked-on-mobile\" style=\"grid-template-columns:29% auto\"><figure class=\"wp-block-media-text__media\"><img loading=\"lazy\" decoding=\"async\" width=\"1024\" height=\"1024\" src=\"https:\/\/www.parkinson.ca\/wp-content\/uploads\/2025\/03\/Web-square-elements-1024x1024.png\" alt=\"\" class=\"wp-image-50884 size-full\" srcset=\"https:\/\/www.parkinson.ca\/wp-content\/uploads\/2025\/03\/Web-square-elements-1024x1024.png 1024w, https:\/\/www.parkinson.ca\/wp-content\/uploads\/2025\/03\/Web-square-elements-300x300.png 300w, https:\/\/www.parkinson.ca\/wp-content\/uploads\/2025\/03\/Web-square-elements-150x150.png 150w, https:\/\/www.parkinson.ca\/wp-content\/uploads\/2025\/03\/Web-square-elements-768x768.png 768w, https:\/\/www.parkinson.ca\/wp-content\/uploads\/2025\/03\/Web-square-elements-426x426.png 426w, https:\/\/www.parkinson.ca\/wp-content\/uploads\/2025\/03\/Web-square-elements.png 1080w\" sizes=\"auto, (max-width: 1024px) 100vw, 1024px\" \/><\/figure><div class=\"wp-block-media-text__content\">\n<h2 class=\"wp-block-heading has-large-font-size\">Restons en contact !<\/h2>\n\n\n\n<p class=\"has-large-font-size\">Rejoignez notre communaut\u00e9 et recevez par courriel les derni\u00e8res nouvelles sur la recherche, la d\u00e9fense, les \u00e9v\u00e9nements et les ressources li\u00e9es \u00e0 la maladie de Parkinson.<\/p>\n\n\n\n<p class=\"has-medium-font-size\"><strong>Inscrivez-vous d\u00e8s aujourd&rsquo;hui et faites partie du mouvement !<\/strong><\/p>\n\n\n\n<div class=\"wp-block-buttons is-layout-flex wp-block-buttons-is-layout-flex\">\n<div class=\"wp-block-button\"><a class=\"wp-block-button__link wp-element-button\" href=\"https:\/\/donate.parkinson.ca\/site\/SSurvey?ACTION_REQUIRED=URI_ACTION_USER_REQUESTS&amp;SURVEY_ID=7044&amp;NONCE_TOKEN=A625B187508604138B182B38AD43FB3E\/&amp;s_locale=fr_CA\" target=\"_blank\" rel=\"noreferrer noopener\">S&rsquo;abonner<\/a><\/div>\n<\/div>\n<\/div><\/div>\n<\/div>\n\n\n\n<div style=\"height:100px\" aria-hidden=\"true\" class=\"wp-block-spacer\"><\/div>\n","protected":false},"excerpt":{"rendered":"<p>Sans limites : Plan strat\u00e9gique 2025-2030 de Parkinson Canada Sans limites, le nouveau plan strat\u00e9gique de Parkinson Canada, trace une feuille de route audacieuse et solide pour aider notre communaut\u00e9 \u00e0 reprendre en main le r\u00e9cit de la vie avec la maladie de Parkinson. Avec d\u00e9termination, et aux c\u00f4t\u00e9s de notre communaut\u00e9, de nos partenaires [&hellip;]<\/p>\n","protected":false},"author":107,"featured_media":48096,"parent":46709,"menu_order":2,"comment_status":"closed","ping_status":"closed","template":"","meta":{"_acf_changed":false,"footnotes":""},"class_list":["post-46070","page","type-page","status-publish","has-post-thumbnail","hentry"],"acf":[],"aioseo_notices":[],"_links":{"self":[{"href":"https:\/\/www.parkinson.ca\/fr\/wp-json\/wp\/v2\/pages\/46070","targetHints":{"allow":["GET"]}}],"collection":[{"href":"https:\/\/www.parkinson.ca\/fr\/wp-json\/wp\/v2\/pages"}],"about":[{"href":"https:\/\/www.parkinson.ca\/fr\/wp-json\/wp\/v2\/types\/page"}],"author":[{"embeddable":true,"href":"https:\/\/www.parkinson.ca\/fr\/wp-json\/wp\/v2\/users\/107"}],"replies":[{"embeddable":true,"href":"https:\/\/www.parkinson.ca\/fr\/wp-json\/wp\/v2\/comments?post=46070"}],"version-history":[{"count":16,"href":"https:\/\/www.parkinson.ca\/fr\/wp-json\/wp\/v2\/pages\/46070\/revisions"}],"predecessor-version":[{"id":54475,"href":"https:\/\/www.parkinson.ca\/fr\/wp-json\/wp\/v2\/pages\/46070\/revisions\/54475"}],"up":[{"embeddable":true,"href":"https:\/\/www.parkinson.ca\/fr\/wp-json\/wp\/v2\/pages\/46709"}],"wp:featuredmedia":[{"embeddable":true,"href":"https:\/\/www.parkinson.ca\/fr\/wp-json\/wp\/v2\/media\/48096"}],"wp:attachment":[{"href":"https:\/\/www.parkinson.ca\/fr\/wp-json\/wp\/v2\/media?parent=46070"}],"curies":[{"name":"wp","href":"https:\/\/api.w.org\/{rel}","templated":true}]}}