{"id":46069,"date":"2024-07-05T15:51:33","date_gmt":"2024-07-05T15:51:33","guid":{"rendered":"https:\/\/parkinson.ca\/opportunites-de-carriere\/"},"modified":"2025-02-14T20:00:13","modified_gmt":"2025-02-14T20:00:13","slug":"opportunites-de-carriere","status":"publish","type":"page","link":"https:\/\/www.parkinson.ca\/fr\/facons-de-donner\/opportunites-de-carriere\/","title":{"rendered":"Opportunit\u00e9s de carri\u00e8re"},"content":{"rendered":"\n<div class='overflow-image-text'>\n    <div class='editor-content'>\n        <div>\n            <div class='overflow-image-text-content has-background has-blue-background-color'>\n                <div class='inner-blocks'>\n                    <div class=\"acf-innerblocks-container\">\n\n<h2 class=\"wp-block-heading\">Invest in the lives of people impacted by Parkinson\u2019s by joining our incredible team.&nbsp;&nbsp;<\/h2>\n\n\n\n<div class=\"wp-block-buttons is-layout-flex wp-block-buttons-is-layout-flex\">\n<div class=\"wp-block-button\"><a class=\"wp-block-button__link wp-element-button\" href=\"https:\/\/www.parkinson.ca\/fr\/listing\/\">Consultez nos offres d&#8217;emploi actuelles<\/a><\/div>\n<\/div>\n\n<\/div>\n                    <img loading=\"lazy\" decoding=\"async\" width=\"2560\" height=\"1707\" src=\"https:\/\/www.parkinson.ca\/wp-content\/uploads\/2024\/10\/DSC00310-scaled.jpg\" class=\"overflow-image\" alt=\"\" sizes=\"auto, (min-width: 768px) 50vw, 100vw\" srcset=\"https:\/\/www.parkinson.ca\/wp-content\/uploads\/2024\/10\/DSC00310-scaled.jpg 2560w, https:\/\/www.parkinson.ca\/wp-content\/uploads\/2024\/10\/DSC00310-300x200.jpg 300w, https:\/\/www.parkinson.ca\/wp-content\/uploads\/2024\/10\/DSC00310-1024x683.jpg 1024w, https:\/\/www.parkinson.ca\/wp-content\/uploads\/2024\/10\/DSC00310-768x512.jpg 768w, https:\/\/www.parkinson.ca\/wp-content\/uploads\/2024\/10\/DSC00310-426x284.jpg 426w, https:\/\/www.parkinson.ca\/wp-content\/uploads\/2024\/10\/DSC00310-1620x1080.jpg 1620w\" \/>                <\/div>\n            <\/div>\n        <\/div>    \n    <\/div>\n<\/div>\n\n\n<div style=\"height:100px\" aria-hidden=\"true\" class=\"wp-block-spacer\"><\/div>\n\n\n\n<h3 class=\"wp-block-heading\">La vie \u00e0 Parkinson Canada  <\/h3>\n\n\n\n<p><strong>We celebrate and support the resilience of people living with Parkinson\u2019s.&nbsp;<\/strong><\/p>\n\n\n\n<p>Our mission is to empower and inspire people living with Parkinson\u2019s and their care partners to thrive and live courageously. Despite all the challenges that people living with Parkinson\u2019s face, we want to provide them will all the tools and resources they need to live a fulfilling life. If you want to be a part of this exciting and empowering community, join our team by applying to a current job opportunity.&nbsp;&nbsp;<\/p>\n\n\n\n<div style=\"height:100px\" aria-hidden=\"true\" class=\"wp-block-spacer is-style-responsive-small\"><\/div>\n\n\n\n<div class=\"wp-block-group alignwide has-blue-background-color has-background is-layout-constrained wp-block-group-is-layout-constrained\">\n<h3 class=\"wp-block-heading has-text-align-center\">Nos valeurs<\/h3>\n\n\n\n<p class=\"has-text-align-center\">En accomplissant notre mission et en nous effor\u00e7ant d&rsquo;atteindre nos objectifs, nous resterons toujours fid\u00e8les \u00e0 nos valeurs fondamentales. Nous croyons en :<\/p>\n\n\n\n<div class=\"wp-block-columns has-blue-background-color has-background is-layout-flex wp-container-core-columns-is-layout-9d6595d7 wp-block-columns-is-layout-flex\">\n<div class=\"wp-block-column is-layout-flow wp-block-column-is-layout-flow\">\n<p class=\"has-text-align-center has-medium-font-size\"><strong>Communaut\u00e9<\/strong><\/p>\n\n\n\n<p class=\"has-text-align-center\">Nous int\u00e9grons les perspectives de la communaut\u00e9 de la maladie de Parkinson dans tout ce que nous faisons.<\/p>\n<\/div>\n\n\n\n<div class=\"wp-block-column is-layout-flow wp-block-column-is-layout-flow\">\n<p class=\"has-text-align-center has-medium-font-size\"><strong>Courage<\/strong><\/p>\n\n\n\n<p class=\"has-text-align-center\">Nous remettons courageusement en question les perceptions conventionnelles afin de favoriser un changement transformateur.<\/p>\n<\/div>\n\n\n\n<div class=\"wp-block-column is-layout-flow wp-block-column-is-layout-flow\">\n<p class=\"has-text-align-center has-medium-font-size\"><strong>Collaboration&nbsp;<\/strong><\/p>\n\n\n\n<p class=\"has-text-align-center\">Nous collaborons pour d\u00e9velopper des r\u00e9seaux significatifs, solidaires et r\u00e9silients pour la communaut\u00e9 Parkinson.<\/p>\n<\/div>\n<\/div>\n<\/div>\n\n\n\n<div style=\"height:100px\" aria-hidden=\"true\" class=\"wp-block-spacer is-style-responsive-small\"><\/div>\n\n\n\n<h3 class=\"wp-block-heading\">Notre engagement en faveur de l&rsquo;\u00e9quit\u00e9, de la diversit\u00e9, de l&rsquo;inclusion et de la justice<\/h3>\n\n\n\n<p>Nous sommes fermement engag\u00e9s en faveur de l&rsquo;inclusion et de la diversit\u00e9 au sein de notre communaut\u00e9 et nous accueillons tous les candidats, y compris, mais sans s&rsquo;y limiter :  <\/p>\n\n\n\n<ul class=\"wp-block-list\">\n<li>Minorit\u00e9s visibles  <\/li>\n<\/ul>\n\n\n\n<ul class=\"wp-block-list\">\n<li>Femmes et personnes autochtones  <\/li>\n<\/ul>\n\n\n\n<ul class=\"wp-block-list\">\n<li>Toutes les religions et ethnies  <\/li>\n<\/ul>\n\n\n\n<ul class=\"wp-block-list\">\n<li>Personnes handicap\u00e9es  <\/li>\n<\/ul>\n\n\n\n<ul class=\"wp-block-list\">\n<li>Personnes LGBTQ2S+  <\/li>\n<\/ul>\n\n\n\n<ul class=\"wp-block-list\">\n<li>Toute autre personne susceptible de contribuer \u00e0 la poursuite de la diversification des id\u00e9es  <\/li>\n<\/ul>\n\n\n\n<p><\/p>\n\n\n\n<p>Nous nous engageons \u00e0 fournir des pratiques d&#8217;emploi accessibles et conformes \u00e0 la loi sur l&rsquo;accessibilit\u00e9 pour les personnes handicap\u00e9es de l&rsquo;Ontario (AODA). Si vous avez besoin de mesures d&rsquo;adaptation pour un handicap \u00e0 n&rsquo;importe quelle \u00e9tape du processus de recrutement, veuillez l&rsquo;indiquer dans votre lettre de motivation.   <\/p>\n\n\n\n<div style=\"height:100px\" aria-hidden=\"true\" class=\"wp-block-spacer is-style-responsive-small\"><\/div>\n\n\n\n<div class=\"wp-block-group is-layout-constrained wp-block-group-is-layout-constrained\">\n<h3 class=\"wp-block-heading has-text-align-center\"><strong>Pourquoi <\/strong>travailler avec nous ?<\/h3>\n\n\n\n<p class=\"has-text-align-center\">Lorsque vous vous joignez \u00e0 Parkinson Canada, vous contribuez \u00e0 un travail vital qui am\u00e9liore les vies, fait progresser la recherche et b\u00e2tit une communaut\u00e9 plus forte et mieux inform\u00e9e. Voici ce \u00e0 quoi vous pouvez vous attendre : <\/p>\n\n\n\n<div class=\"wp-block-group is-layout-grid wp-container-core-group-is-layout-6be84c55 wp-block-group-is-layout-grid\">\n<p class=\"has-text-align-center has-ice-blue-background-color has-background\"><strong>Un impact significatif<\/strong><br> Faites partie d&rsquo;une organisation qui s&rsquo;efforce d&rsquo;am\u00e9liorer la vie des personnes atteintes de la maladie de Parkinson et de se rapprocher d&rsquo;un traitement curatif.<\/p>\n\n\n\n<p class=\"has-text-align-center has-ice-blue-background-color has-background wp-container-content-2155ee95\"> <strong> Culture de collaboration<\/strong><br>Travaillez aux c\u00f4t\u00e9s de professionnels compatissants qui s&rsquo;efforcent d&rsquo;apporter des changements positifs.<\/p>\n\n\n\n<p class=\"has-text-align-center has-ice-blue-background-color has-background\"><strong>D\u00e9veloppement personnel<\/strong><br>Acc\u00e9dez \u00e0 des opportunit\u00e9s de d\u00e9veloppement professionnel pour am\u00e9liorer vos comp\u00e9tences et faire progresser votre carri\u00e8re.<\/p>\n\n\n\n<p class=\"has-text-align-center has-ice-blue-background-color has-background\"><strong>Flex your day from anywhere<\/strong><br> Work when you\u2019re most productive with a schedule that suits your lifestyle. Our Remote Work Policy allows you to join our team from anywhere in Canada<\/p>\n\n\n\n<p class=\"has-text-align-center has-ice-blue-background-color has-background wp-container-content-2155ee95\"><strong>Inclusivit\u00e9<\/strong><br> Nous c\u00e9l\u00e9brons la diversit\u00e9 et nous nous engageons \u00e0 cr\u00e9er un lieu de travail favorable et accessible \u00e0 tous.<\/p>\n\n\n\n<p class=\"has-text-align-center has-ice-blue-background-color has-background wp-container-content-2155ee95\"><strong>Generous vacation time<\/strong><br> Start with three weeks of paid vacation, increasing to four weeks after four years, plus a holiday closure from December 24 to January 2.<\/p>\n\n\n\n<p class=\"has-text-align-center has-ice-blue-background-color has-background wp-container-content-2155ee95\"><strong>Avantages sociaux complets<\/strong><br> Acc\u00e9dez \u00e0 une couverture sant\u00e9 et dentaire \u00e9tendue, \u00e0 un programme d&rsquo;aide aux employ\u00e9s et \u00e0 un g\u00e9n\u00e9reux r\u00e9gime de REER pour assurer votre avenir.<\/p>\n\n\n\n<p class=\"has-text-align-center has-ice-blue-background-color has-background\"><strong>Soutien \u00e0 la sant\u00e9 mentale<\/strong><br> B\u00e9n\u00e9ficiez de notre plan de bien-\u00eatre en mati\u00e8re de sant\u00e9 mentale, qui fournit des ressources pour encourager l&rsquo;autogestion de la sant\u00e9 et cr\u00e9er un lieu de travail s\u00fbr.<\/p>\n\n\n\n<p class=\"has-text-align-center has-ice-blue-background-color has-background\"><strong>Jours personnels<\/strong><br> B\u00e9n\u00e9ficiez d&rsquo;un maximum de quatre jours personnels par an pour donner la priorit\u00e9 \u00e0 votre bien-\u00eatre et \u00e0 vos engagements personnels.<\/p>\n<\/div>\n<\/div>\n\n\n\n<div style=\"height:100px\" aria-hidden=\"true\" class=\"wp-block-spacer is-style-responsive-small\"><\/div>\n\n\n\n<div class=\"wp-block-columns is-layout-flex wp-container-core-columns-is-layout-9d6595d7 wp-block-columns-is-layout-flex\">\n<div class=\"wp-block-column is-layout-flow wp-block-column-is-layout-flow\" style=\"flex-basis:66.66%\">\n<h3 class=\"wp-block-heading\">Imagine Canada accr\u00e9dit\u00e9<\/h3>\n\n\n\n<p>Nous sommes reconnus par Imagine Canada pour l&rsquo;excellence de nos services :  <\/p>\n\n\n\n<ul class=\"wp-block-list\">\n<li>Gouvernance du conseil d&rsquo;administration  <\/li>\n<\/ul>\n\n\n\n<ul class=\"wp-block-list\">\n<li>Responsabilit\u00e9 financi\u00e8re et transparence  <\/li>\n<\/ul>\n\n\n\n<ul class=\"wp-block-list\">\n<li>Collecte de fonds  <\/li>\n<\/ul>\n\n\n\n<ul class=\"wp-block-list\">\n<li>Gestion du personnel  <\/li>\n<\/ul>\n\n\n\n<ul class=\"wp-block-list\">\n<li>Engagement b\u00e9n\u00e9vole  <\/li>\n<\/ul>\n\n\n\n    <div class='icon-link is-style-external'>\n        <a  href='https:\/\/imaginecanada.ca\/fr\/normes'\n            target='_blank' rel='noopener noreferrer'        >\n            \u00c0 propos du Programme de Normes d&rsquo;Imagine Canada        <\/a>\n    <\/div>\n<\/div>\n\n\n\n<div class=\"wp-block-column is-vertically-aligned-center is-layout-flow wp-block-column-is-layout-flow\" style=\"flex-basis:33.33%\">\n<figure class=\"wp-block-image size-small\"><img loading=\"lazy\" decoding=\"async\" width=\"426\" height=\"335\" src=\"https:\/\/www.parkinson.ca\/wp-content\/uploads\/2025\/02\/IC-Standards_Trustmark_Stacked_A_Colour_French-1_5-426x335.png\" alt=\"\" class=\"wp-image-48681\" srcset=\"https:\/\/www.parkinson.ca\/wp-content\/uploads\/2025\/02\/IC-Standards_Trustmark_Stacked_A_Colour_French-1_5-426x335.png 426w, https:\/\/www.parkinson.ca\/wp-content\/uploads\/2025\/02\/IC-Standards_Trustmark_Stacked_A_Colour_French-1_5-300x236.png 300w, https:\/\/www.parkinson.ca\/wp-content\/uploads\/2025\/02\/IC-Standards_Trustmark_Stacked_A_Colour_French-1_5-768x604.png 768w, https:\/\/www.parkinson.ca\/wp-content\/uploads\/2025\/02\/IC-Standards_Trustmark_Stacked_A_Colour_French-1_5.png 818w\" sizes=\"auto, (max-width: 426px) 100vw, 426px\" \/><\/figure>\n<\/div>\n<\/div>\n\n\n\n<div style=\"height:100px\" aria-hidden=\"true\" class=\"wp-block-spacer is-style-responsive-small\"><\/div>\n\n\n\n<div class=\"wp-block-group alignfull has-grey-background-color has-background is-layout-constrained wp-block-group-is-layout-constrained\">\n<h2 class=\"wp-block-heading has-text-align-center\">Pr\u00eat \u00e0 rejoindre l&rsquo;\u00e9quipe ?<\/h2>\n\n\n\n<p class=\"has-text-align-center has-regular-font-size\">Participez \u00e0 quelque chose de plus grand. Aidez-nous \u00e0 cr\u00e9er un monde o\u00f9 toutes les personnes touch\u00e9es par la maladie de Parkinson pourront vivre pleinement leur vie. <\/p>\n\n\n\n<div style=\"height:100px\" aria-hidden=\"true\" class=\"wp-block-spacer is-style-responsive-small\"><\/div>\n\n\n\n<div class=\"wp-block-columns alignwide is-layout-flex wp-container-core-columns-is-layout-9d6595d7 wp-block-columns-is-layout-flex\">\n<div class=\"wp-block-column is-layout-flow wp-block-column-is-layout-flow\" style=\"flex-basis:40%\">\n<p class=\"has-text-align-center\"><strong>Opportunit\u00e9s actuelles<\/strong><\/p>\n\n\n\n<p class=\"has-text-align-center\">Explorez les r\u00f4les dans les domaines de la d\u00e9fense des droits, de la recherche, de la collecte de fonds, de l&rsquo;\u00e9ducation et du soutien \u00e0 la communaut\u00e9. Que vous soyez un professionnel exp\u00e9riment\u00e9 ou que vous d\u00e9butiez votre carri\u00e8re, nous avons des opportunit\u00e9s qui correspondent \u00e0 votre passion et \u00e0 vos comp\u00e9tences. <\/p>\n\n\n\n<div class=\"wp-block-buttons is-content-justification-center is-layout-flex wp-container-core-buttons-is-layout-16018d1d wp-block-buttons-is-layout-flex\">\n<div class=\"wp-block-button\"><a class=\"wp-block-button__link wp-element-button\" href=\"https:\/\/parkinson.ca\/fr\/listing\/\">Explorer les opportunit\u00e9s actuelles<\/a><\/div>\n<\/div>\n<\/div>\n\n\n\n<div class=\"wp-block-column is-layout-flow wp-block-column-is-layout-flow\" style=\"flex-basis:20%\"><\/div>\n\n\n\n<div class=\"wp-block-column is-layout-flow wp-block-column-is-layout-flow\" style=\"flex-basis:40%\">\n<p class=\"has-text-align-center\"><strong>Possibilit\u00e9s de volontariat<\/strong><\/p>\n\n\n\n<p class=\"has-text-align-center\">Vous n&rsquo;\u00eates pas pr\u00eat pour un poste \u00e0 temps plein ? Faites une diff\u00e9rence en tant que b\u00e9n\u00e9vole ! Rejoignez notre r\u00e9seau de b\u00e9n\u00e9voles d\u00e9vou\u00e9s qui donnent vie \u00e0 notre mission chaque jour.  <\/p>\n\n\n\n<div class=\"wp-block-buttons is-content-justification-center is-layout-flex wp-container-core-buttons-is-layout-16018d1d wp-block-buttons-is-layout-flex\">\n<div class=\"wp-block-button\"><a class=\"wp-block-button__link wp-element-button\" href=\"https:\/\/parkinson.ca\/fr\/facons-de-donner\/benevole\/\">En savoir plus sur le volontariat<\/a><\/div>\n<\/div>\n<\/div>\n<\/div>\n<\/div>\n\n\n\n<div style=\"height:100px\" aria-hidden=\"true\" class=\"wp-block-spacer\"><\/div>\n","protected":false},"excerpt":{"rendered":"<p>La vie \u00e0 Parkinson Canada We celebrate and support the resilience of people living with Parkinson\u2019s.&nbsp; Our mission is to empower and inspire people living with Parkinson\u2019s and their care partners to thrive and live courageously. Despite all the challenges that people living with Parkinson\u2019s face, we want to provide them will all the tools [&hellip;]<\/p>\n","protected":false},"author":107,"featured_media":0,"parent":46127,"menu_order":4,"comment_status":"closed","ping_status":"closed","template":"","meta":{"_acf_changed":false,"footnotes":""},"class_list":["post-46069","page","type-page","status-publish","hentry"],"acf":[],"aioseo_notices":[],"_links":{"self":[{"href":"https:\/\/www.parkinson.ca\/fr\/wp-json\/wp\/v2\/pages\/46069","targetHints":{"allow":["GET"]}}],"collection":[{"href":"https:\/\/www.parkinson.ca\/fr\/wp-json\/wp\/v2\/pages"}],"about":[{"href":"https:\/\/www.parkinson.ca\/fr\/wp-json\/wp\/v2\/types\/page"}],"author":[{"embeddable":true,"href":"https:\/\/www.parkinson.ca\/fr\/wp-json\/wp\/v2\/users\/107"}],"replies":[{"embeddable":true,"href":"https:\/\/www.parkinson.ca\/fr\/wp-json\/wp\/v2\/comments?post=46069"}],"version-history":[{"count":11,"href":"https:\/\/www.parkinson.ca\/fr\/wp-json\/wp\/v2\/pages\/46069\/revisions"}],"predecessor-version":[{"id":48991,"href":"https:\/\/www.parkinson.ca\/fr\/wp-json\/wp\/v2\/pages\/46069\/revisions\/48991"}],"up":[{"embeddable":true,"href":"https:\/\/www.parkinson.ca\/fr\/wp-json\/wp\/v2\/pages\/46127"}],"wp:attachment":[{"href":"https:\/\/www.parkinson.ca\/fr\/wp-json\/wp\/v2\/media?parent=46069"}],"curies":[{"name":"wp","href":"https:\/\/api.w.org\/{rel}","templated":true}]}}