{"id":46065,"date":"2024-06-17T14:55:43","date_gmt":"2024-06-17T14:55:43","guid":{"rendered":"https:\/\/parkinson.ca\/outil-de-recherche-de-medicaments-pour-la-maladie-de-parkinson\/"},"modified":"2025-01-17T21:26:12","modified_gmt":"2025-01-17T21:26:12","slug":"outil-de-recherche-de-medicaments-pour-la-maladie-de-parkinson","status":"publish","type":"page","link":"https:\/\/www.parkinson.ca\/fr\/outil-de-recherche-de-medicaments-pour-la-maladie-de-parkinson\/","title":{"rendered":"Outil de recherche de m\u00e9dicaments pour la maladie de Parkinson"},"content":{"rendered":"\n<div class=\"wp-block-group is-layout-constrained wp-block-group-is-layout-constrained\">\n<h2 class=\"wp-block-heading has-blue-color has-text-color has-link-color wp-elements-65303982d280f17ff473a2fe018000c7\" id=\"about\">A propos de cette base de donn\u00e9es<\/h2>\n\n\n\n<div class=\"wp-block-columns is-layout-flex wp-container-core-columns-is-layout-9d6595d7 wp-block-columns-is-layout-flex\">\n<div class=\"wp-block-column is-layout-flow wp-block-column-is-layout-flow\" style=\"flex-basis:33.33%\">\n<figure class=\"wp-block-image size-large\"><img loading=\"lazy\" decoding=\"async\" width=\"683\" height=\"1024\" src=\"https:\/\/parkinson.ca\/wp-content\/uploads\/2024\/06\/Medications-to-Treat-Parkinsons-en-683x1024.jpg\" alt=\"\" class=\"wp-image-44289\" srcset=\"https:\/\/www.parkinson.ca\/wp-content\/uploads\/2024\/06\/Medications-to-Treat-Parkinsons-en-683x1024.jpg 683w, https:\/\/www.parkinson.ca\/wp-content\/uploads\/2024\/06\/Medications-to-Treat-Parkinsons-en-200x300.jpg 200w, https:\/\/www.parkinson.ca\/wp-content\/uploads\/2024\/06\/Medications-to-Treat-Parkinsons-en-426x639.jpg 426w, https:\/\/www.parkinson.ca\/wp-content\/uploads\/2024\/06\/Medications-to-Treat-Parkinsons-en.jpg 700w\" sizes=\"auto, (max-width: 683px) 100vw, 683px\" \/><\/figure>\n<\/div>\n\n\n\n<div class=\"wp-block-column is-vertically-aligned-center is-layout-flow wp-block-column-is-layout-flow\" style=\"flex-basis:66.66%\">\n<p><strong>Cette base de donn\u00e9es en ligne compl\u00e8te la brochure M\u00e9dicaments pour traiter la maladie de Parkinson. Il ne s&rsquo;agit pas d&rsquo;une base de donn\u00e9es exhaustive.<\/strong><\/p>\n\n\n\n<p>L&rsquo;objectif de cette base de donn\u00e9es est de fournir aux professionnels de la sant\u00e9 une vue d&rsquo;ensemble concise mais compl\u00e8te des m\u00e9dicaments utilis\u00e9s pour traiter les sympt\u00f4mes moteurs et non moteurs de la maladie de Parkinson.  <strong>Les personnes sont encourag\u00e9es \u00e0 consulter leur \u00e9quipe de soins de sant\u00e9 lorsqu&rsquo;elles envisagent des options de traitement.<\/strong><\/p>\n\n\n\n<p>Le livret M\u00e9dicaments pour le traitement de la maladie de Parkinson comprend :<\/p>\n\n\n\n<ul class=\"wp-block-list\">\n<li>Tous les m\u00e9dicaments de cette base de donn\u00e9es<\/li>\n\n\n\n<li>Outils utiles aux patients pour suivre le dosage des m\u00e9dicaments<\/li>\n\n\n\n<li>Survenue d&rsquo;effets ind\u00e9sirables<\/li>\n\n\n\n<li>Et plus encore !<\/li>\n<\/ul>\n\n\n\n<div class=\"wp-block-buttons is-layout-flex wp-block-buttons-is-layout-flex\">\n<div class=\"wp-block-button\"><a class=\"wp-block-button__link wp-element-button\" href=\"communications@parkinson.ca\">Demandez un exemplaire gratuit<\/a><\/div>\n<\/div>\n<\/div>\n<\/div>\n\n\n\n<p><a href=\"https:\/\/www.parkinson.ca\/\"><\/a><\/p>\n<\/div>\n\n<div class=\"wp-block-group alignfull has-ice-blue-background-color has-background is-content-justification-center is-layout-constrained wp-container-core-group-is-layout-3e478f89 wp-block-group-is-layout-constrained\" style=\"padding-right:var(--wp--preset--spacing--80);padding-left:var(--wp--preset--spacing--80)\"><div class=\"frm_forms  with_frm_style frm_style_formidable-style-4\" id=\"frm_form_7_container\" >\n<form enctype=\"multipart\/form-data\" method=\"post\" class=\"frm-show-form medications-form frm_pro_form \" id=\"form_medications-end-user\" >\n<div class=\"frm_form_fields \">\n<fieldset>\n<div class=\"card bot-mar-1-5em font-size-reset\"><legend class=\"frm_hidden\">Medications to treat Parkinson&rsquo;s<\/legend>\r\n<h3 class=\"frm_form_title\">Medications to treat Parkinson&rsquo;s<\/h3>\r\n<div class=\"frm_fields_container\">\n<input type=\"hidden\" name=\"frm_action\" value=\"create\" \/>\n<input type=\"hidden\" name=\"form_id\" value=\"7\" \/>\n<input type=\"hidden\" name=\"frm_hide_fields_7\" id=\"frm_hide_fields_7\" value=\"\" \/>\n<input type=\"hidden\" name=\"form_key\" value=\"medications-end-user\" \/>\n<input type=\"hidden\" name=\"item_meta[0]\" value=\"\" \/>\n<input type=\"hidden\" id=\"frm_submit_entry_7\" name=\"frm_submit_entry_7\" value=\"3a14ffbf4b\" \/><input type=\"hidden\" name=\"_wp_http_referer\" value=\"\/fr\/wp-json\/wp\/v2\/pages\/46065\" \/><div id=\"frm_field_54_container\" class=\"frm_form_field  frm_html_container form-field\">\n<div class=\"alert alert-info\" style='font-size:18px;'><i class=\"fas fa-info-circle\"><\/i> This non-exhaustive database is based on the <cite>Medications to Treat Parkinson&rsquo;s Disease<\/cite> booklet. <a id=\"read-more\" href=\"#about\">Read more.<\/a><\/div>\n<\/div>\n<div id=\"frm_field_55_container\" class=\"frm_form_field form-field  frm_required_field frm_top_container vertical_radio\">\r\n    <div  id=\"field_3qhgk_label\" class=\"frm_primary_label\">Search medications by:\r\n        <span class=\"frm_required\" aria-hidden=\"true\">*<\/span>\r\n    <\/div>\r\n    <div class=\"frm_opt_container\" aria-labelledby=\"field_3qhgk_label\" role=\"radiogroup\" aria-required=\"true\">\t\t<div class=\"frm_radio\" id=\"frm_radio_55-0\">\t\t\t<label  for=\"field_3qhgk-0\">\n\t\t\t\t\t<input type=\"radio\" name=\"item_meta[55]\" id=\"field_3qhgk-0\" value=\"Drug generic name\"\n\t\t data-reqmsg=\"Search medications by: cannot be blank.\" data-invmsg=\"Search medications by: est non valide\"   \/> Drug generic name<\/label><\/div>\n\t\t<div class=\"frm_radio\" id=\"frm_radio_55-1\">\t\t\t<label  for=\"field_3qhgk-1\">\n\t\t\t\t\t<input type=\"radio\" name=\"item_meta[55]\" id=\"field_3qhgk-1\" value=\"Symptom\"\n\t\t data-reqmsg=\"Search medications by: cannot be blank.\" data-invmsg=\"Search medications by: est non valide\"   \/> Symptom<\/label><\/div>\n<\/div>\r\n    \r\n    \r\n<\/div>\n<div id=\"frm_field_56_container\" class=\"frm_form_field form-field  frm_required_field frm_top_container frm_half frm_first\">\r\n    <label for=\"field_pqxq2\" id=\"field_pqxq2_label\" class=\"frm_primary_label\">Drug generic name\r\n        <span class=\"frm_required\" aria-hidden=\"true\">*<\/span>\r\n    <\/label>\r\n    \t\t<select  name=\"item_meta[56]\" id=\"field_pqxq2\"  data-placeholder=\"S\u00e9lectionnez une option\"  data-placeholder=\" \" data-reqmsg=\"Drug generic name cannot be blank.\" aria-required=\"true\" data-invmsg=\"Drug generic name est non valide\" class=\"frm_slimselect\" aria-invalid=\"false\"  >\n\t\t\t\t\t\t\t<option  data-placeholder=\"true\" value=\"\" class=\"frm-select-placeholder\">\n\t\t\t\t\t \t\t\t\t<\/option>\n\t\t\t\t\t\t\t\t<option  value=\"Acetaminophen\">\n\t\t\t\t\tAcetaminophen\t\t\t\t<\/option>\n\t\t\t\t\t\t\t\t<option  value=\"Alprostadil (Intrauretral)\">\n\t\t\t\t\tAlprostadil (Intrauretral)\t\t\t\t<\/option>\n\t\t\t\t\t\t\t\t<option  value=\"Alprostadil Injections\">\n\t\t\t\t\tAlprostadil Injections\t\t\t\t<\/option>\n\t\t\t\t\t\t\t\t<option  value=\"Amantadine\">\n\t\t\t\t\tAmantadine\t\t\t\t<\/option>\n\t\t\t\t\t\t\t\t<option  value=\"Amitriptyline\">\n\t\t\t\t\tAmitriptyline\t\t\t\t<\/option>\n\t\t\t\t\t\t\t\t<option  value=\"Apomorphine\">\n\t\t\t\t\tApomorphine\t\t\t\t<\/option>\n\t\t\t\t\t\t\t\t<option  value=\"Apomorphine sublingual\">\n\t\t\t\t\tApomorphine sublingual\t\t\t\t<\/option>\n\t\t\t\t\t\t\t\t<option  value=\"Atropine 1% drop\">\n\t\t\t\t\tAtropine 1% drop\t\t\t\t<\/option>\n\t\t\t\t\t\t\t\t<option  value=\"Benztropine\">\n\t\t\t\t\tBenztropine\t\t\t\t<\/option>\n\t\t\t\t\t\t\t\t<option  value=\"Botulinum Toxin A and B\">\n\t\t\t\t\tBotulinum Toxin A and B\t\t\t\t<\/option>\n\t\t\t\t\t\t\t\t<option  value=\"Bromocriptine\">\n\t\t\t\t\tBromocriptine\t\t\t\t<\/option>\n\t\t\t\t\t\t\t\t<option  value=\"Buproprion\">\n\t\t\t\t\tBuproprion\t\t\t\t<\/option>\n\t\t\t\t\t\t\t\t<option  value=\"Citalopram\">\n\t\t\t\t\tCitalopram\t\t\t\t<\/option>\n\t\t\t\t\t\t\t\t<option  value=\"Clonazepam\">\n\t\t\t\t\tClonazepam\t\t\t\t<\/option>\n\t\t\t\t\t\t\t\t<option  value=\"Clozapine\">\n\t\t\t\t\tClozapine\t\t\t\t<\/option>\n\t\t\t\t\t\t\t\t<option  value=\"Darifenacin\">\n\t\t\t\t\tDarifenacin\t\t\t\t<\/option>\n\t\t\t\t\t\t\t\t<option  value=\"Desipramine\">\n\t\t\t\t\tDesipramine\t\t\t\t<\/option>\n\t\t\t\t\t\t\t\t<option  value=\"Desmopressin\">\n\t\t\t\t\tDesmopressin\t\t\t\t<\/option>\n\t\t\t\t\t\t\t\t<option  value=\"Desmopression\">\n\t\t\t\t\tDesmopression\t\t\t\t<\/option>\n\t\t\t\t\t\t\t\t<option  value=\"Desvenlafaxine\">\n\t\t\t\t\tDesvenlafaxine\t\t\t\t<\/option>\n\t\t\t\t\t\t\t\t<option  value=\"Domperidone\">\n\t\t\t\t\tDomperidone\t\t\t\t<\/option>\n\t\t\t\t\t\t\t\t<option  value=\"Donepezil\">\n\t\t\t\t\tDonepezil\t\t\t\t<\/option>\n\t\t\t\t\t\t\t\t<option  value=\"Doxepin\">\n\t\t\t\t\tDoxepin\t\t\t\t<\/option>\n\t\t\t\t\t\t\t\t<option  value=\"Duloxetine\">\n\t\t\t\t\tDuloxetine\t\t\t\t<\/option>\n\t\t\t\t\t\t\t\t<option  value=\"Entacapone\">\n\t\t\t\t\tEntacapone\t\t\t\t<\/option>\n\t\t\t\t\t\t\t\t<option  value=\"Entacapone + Levodopa + Carbidopa (COMT)\">\n\t\t\t\t\tEntacapone + Levodopa + Carbidopa (COMT)\t\t\t\t<\/option>\n\t\t\t\t\t\t\t\t<option  value=\"Entacapone + Levodopa + Carbidopa (Dopamine precursor)\">\n\t\t\t\t\tEntacapone + Levodopa + Carbidopa (Dopamine precursor)\t\t\t\t<\/option>\n\t\t\t\t\t\t\t\t<option  value=\"Escitalopram\">\n\t\t\t\t\tEscitalopram\t\t\t\t<\/option>\n\t\t\t\t\t\t\t\t<option  value=\"Fesoterodine\">\n\t\t\t\t\tFesoterodine\t\t\t\t<\/option>\n\t\t\t\t\t\t\t\t<option  value=\"Fludocortisone\">\n\t\t\t\t\tFludocortisone\t\t\t\t<\/option>\n\t\t\t\t\t\t\t\t<option  value=\"Fluoxetine\">\n\t\t\t\t\tFluoxetine\t\t\t\t<\/option>\n\t\t\t\t\t\t\t\t<option  value=\"Gabapentin\">\n\t\t\t\t\tGabapentin\t\t\t\t<\/option>\n\t\t\t\t\t\t\t\t<option  value=\"Galantamine\">\n\t\t\t\t\tGalantamine\t\t\t\t<\/option>\n\t\t\t\t\t\t\t\t<option  value=\"Glycopyrrolate\">\n\t\t\t\t\tGlycopyrrolate\t\t\t\t<\/option>\n\t\t\t\t\t\t\t\t<option  value=\"Imipramine\">\n\t\t\t\t\tImipramine\t\t\t\t<\/option>\n\t\t\t\t\t\t\t\t<option  value=\"Ipratropium bromide\">\n\t\t\t\t\tIpratropium bromide\t\t\t\t<\/option>\n\t\t\t\t\t\t\t\t<option  value=\"Iron deficiency (with low ferritin) may cause RLS\">\n\t\t\t\t\tIron deficiency (with low ferritin) may cause RLS\t\t\t\t<\/option>\n\t\t\t\t\t\t\t\t<option  value=\"Lactulose\">\n\t\t\t\t\tLactulose\t\t\t\t<\/option>\n\t\t\t\t\t\t\t\t<option  value=\"Levodopa\">\n\t\t\t\t\tLevodopa\t\t\t\t<\/option>\n\t\t\t\t\t\t\t\t<option  value=\"Levodopa + Carbidopa Immediate Release (IR)\">\n\t\t\t\t\tLevodopa + Carbidopa Immediate Release (IR)\t\t\t\t<\/option>\n\t\t\t\t\t\t\t\t<option  value=\"Levodopa Carbidopa Controlled Release (CR)\">\n\t\t\t\t\tLevodopa Carbidopa Controlled Release (CR)\t\t\t\t<\/option>\n\t\t\t\t\t\t\t\t<option  value=\"Levodopa+ Benserazide\">\n\t\t\t\t\tLevodopa+ Benserazide\t\t\t\t<\/option>\n\t\t\t\t\t\t\t\t<option  value=\"Levodopa+ Carbidopa\">\n\t\t\t\t\tLevodopa+ Carbidopa\t\t\t\t<\/option>\n\t\t\t\t\t\t\t\t<option  value=\"Melatonin\">\n\t\t\t\t\tMelatonin\t\t\t\t<\/option>\n\t\t\t\t\t\t\t\t<option  value=\"Memantine\">\n\t\t\t\t\tMemantine\t\t\t\t<\/option>\n\t\t\t\t\t\t\t\t<option  value=\"Methylcellulose\">\n\t\t\t\t\tMethylcellulose\t\t\t\t<\/option>\n\t\t\t\t\t\t\t\t<option  value=\"Methylphenidate\">\n\t\t\t\t\tMethylphenidate\t\t\t\t<\/option>\n\t\t\t\t\t\t\t\t<option  value=\"Midodrine\">\n\t\t\t\t\tMidodrine\t\t\t\t<\/option>\n\t\t\t\t\t\t\t\t<option  value=\"Mirabegron\">\n\t\t\t\t\tMirabegron\t\t\t\t<\/option>\n\t\t\t\t\t\t\t\t<option  value=\"Mirtazapine\">\n\t\t\t\t\tMirtazapine\t\t\t\t<\/option>\n\t\t\t\t\t\t\t\t<option  value=\"Mirtazipine\">\n\t\t\t\t\tMirtazipine\t\t\t\t<\/option>\n\t\t\t\t\t\t\t\t<option  value=\"Modafinil\">\n\t\t\t\t\tModafinil\t\t\t\t<\/option>\n\t\t\t\t\t\t\t\t<option  value=\"Nortriptyline\">\n\t\t\t\t\tNortriptyline\t\t\t\t<\/option>\n\t\t\t\t\t\t\t\t<option  value=\"Paroxetine\">\n\t\t\t\t\tParoxetine\t\t\t\t<\/option>\n\t\t\t\t\t\t\t\t<option  value=\"Polyethylene glycol\">\n\t\t\t\t\tPolyethylene glycol\t\t\t\t<\/option>\n\t\t\t\t\t\t\t\t<option  value=\"Pramipexole\">\n\t\t\t\t\tPramipexole\t\t\t\t<\/option>\n\t\t\t\t\t\t\t\t<option  value=\"Pregabalin\">\n\t\t\t\t\tPregabalin\t\t\t\t<\/option>\n\t\t\t\t\t\t\t\t<option  value=\"Procyclidine\">\n\t\t\t\t\tProcyclidine\t\t\t\t<\/option>\n\t\t\t\t\t\t\t\t<option  value=\"Psyllium\">\n\t\t\t\t\tPsyllium\t\t\t\t<\/option>\n\t\t\t\t\t\t\t\t<option  value=\"Pyridostigmine bromide\">\n\t\t\t\t\tPyridostigmine bromide\t\t\t\t<\/option>\n\t\t\t\t\t\t\t\t<option  value=\"Quetiapine\">\n\t\t\t\t\tQuetiapine\t\t\t\t<\/option>\n\t\t\t\t\t\t\t\t<option  value=\"Rasagiline\">\n\t\t\t\t\tRasagiline\t\t\t\t<\/option>\n\t\t\t\t\t\t\t\t<option  value=\"Rivastigmine\">\n\t\t\t\t\tRivastigmine\t\t\t\t<\/option>\n\t\t\t\t\t\t\t\t<option  value=\"Ropinirole\">\n\t\t\t\t\tRopinirole\t\t\t\t<\/option>\n\t\t\t\t\t\t\t\t<option  value=\"Rotigotine\">\n\t\t\t\t\tRotigotine\t\t\t\t<\/option>\n\t\t\t\t\t\t\t\t<option  value=\"Safinamide\">\n\t\t\t\t\tSafinamide\t\t\t\t<\/option>\n\t\t\t\t\t\t\t\t<option  value=\"Selegiline\">\n\t\t\t\t\tSelegiline\t\t\t\t<\/option>\n\t\t\t\t\t\t\t\t<option  value=\"Sertraline\">\n\t\t\t\t\tSertraline\t\t\t\t<\/option>\n\t\t\t\t\t\t\t\t<option  value=\"Sildenafil\">\n\t\t\t\t\tSildenafil\t\t\t\t<\/option>\n\t\t\t\t\t\t\t\t<option  value=\"Solifenacin\">\n\t\t\t\t\tSolifenacin\t\t\t\t<\/option>\n\t\t\t\t\t\t\t\t<option  value=\"Tadalafil\">\n\t\t\t\t\tTadalafil\t\t\t\t<\/option>\n\t\t\t\t\t\t\t\t<option  value=\"Tolterodine\">\n\t\t\t\t\tTolterodine\t\t\t\t<\/option>\n\t\t\t\t\t\t\t\t<option  value=\"Trazodone\">\n\t\t\t\t\tTrazodone\t\t\t\t<\/option>\n\t\t\t\t\t\t\t\t<option  value=\"Trihexyphenidyl\">\n\t\t\t\t\tTrihexyphenidyl\t\t\t\t<\/option>\n\t\t\t\t\t\t\t\t<option  value=\"Trospium Chloride\">\n\t\t\t\t\tTrospium Chloride\t\t\t\t<\/option>\n\t\t\t\t\t\t\t\t<option  value=\"Vardenafil\">\n\t\t\t\t\tVardenafil\t\t\t\t<\/option>\n\t\t\t\t\t\t\t\t<option  value=\"Venlafaxine\">\n\t\t\t\t\tVenlafaxine\t\t\t\t<\/option>\n\t\t\t\t\t\t\t\t<option  value=\"Zopiclone\">\n\t\t\t\t\tZopiclone\t\t\t\t<\/option>\n\t\t\t\t\t\t<\/select>\n\t\t\r\n    <div class=\"frm_description\" id=\"frm_desc_field_pqxq2\">This does not include the brand name of a drug.<\/div>\r\n    \r\n<\/div>\n<div id=\"frm_field_57_container\" class=\"frm_form_field form-field  frm_required_field frm_top_container vertical_radio\">\r\n    <div  id=\"field_3vgsh_label\" class=\"frm_primary_label\">Symptom type\r\n        <span class=\"frm_required\">*<\/span>\r\n    <\/div>\r\n    <div class=\"frm_opt_container\" aria-labelledby=\"field_3vgsh_label\" role=\"group\">\t\t<div  class=\"frm_opt_container\" role=\"radiogroup\" aria-required=\"true\">\n\t\t\t\t<div class=\"frm_radio\">\n\t<label for=\"field_3vgsh-0\">\n\t\t<input type=\"radio\" name=\"item_meta[57]\"\n\t\t\t\tid=\"field_3vgsh-0\"\n\t\t\t\tvalue=\"Motor symptoms\"   data-reqmsg=\"Symptom type cannot be blank.\" data-invmsg=\"Symptom type est non valide\" aria-invalid=\"false\"   \/> Motor symptoms\t<\/label>\n\t<\/div>\n\t\t<div class=\"frm_radio\">\n\t<label for=\"field_3vgsh-1\">\n\t\t<input type=\"radio\" name=\"item_meta[57]\"\n\t\t\t\tid=\"field_3vgsh-1\"\n\t\t\t\tvalue=\"Non-motor symptoms\"   data-reqmsg=\"Symptom type cannot be blank.\" data-invmsg=\"Symptom type est non valide\" aria-invalid=\"false\"   \/> Non-motor symptoms\t<\/label>\n\t<\/div>\n\t\t\t<\/div>\n\t\t<\/div>\r\n    \r\n    \r\n<\/div>\n<div id=\"frm_field_58_container\" class=\"frm_form_field frm_section_heading form-field  frm_hide_section\">\r\n<h3 class=\"frm_pos_none frm_section_spacing\">Motor symptoms<\/h3>\r\n\r\n\r\n<div id=\"frm_field_59_container\" class=\"frm_form_field form-field  frm_top_container frm_first frm_half vertical_radio\">\r\n    <label for=\"field_ajz2j\" id=\"field_ajz2j_label\" class=\"frm_primary_label\">Filter medications by pharmacological class\r\n        <span class=\"frm_required\" aria-hidden=\"true\"><\/span>\r\n    <\/label>\r\n    <div class=\"frm_description\" id=\"frm_desc_field_ajz2j\">Skip to see all medications from all classes<\/div>\r\n    \t\t<div  class=\"frm_opt_container\" role=\"radiogroup\">\n\t\t\t\t<div class=\"frm_radio\">\n\t<label for=\"field_ajz2j-0\">\n\t\t<input type=\"radio\" name=\"item_meta[59]\"\n\t\t\t\tid=\"field_ajz2j-0\"\n\t\t\t\tvalue=\"\"  checked=\"checked\"  data-sectionid=\"58\"  data-invmsg=\"Filter medications by pharmacological class est non valide\" aria-invalid=\"false\"   \/> \t<\/label>\n\t<\/div>\n\t\t\t<\/div>\n\t\t\r\n    \r\n<\/div>\n<input type=\"hidden\" name=\"item_meta[60]\" id=\"field_b1u4m\" value=\"\"  data-sectionid=\"58\"     \/>\n<\/div>\n<div id=\"frm_field_62_container\" class=\"frm_form_field frm_section_heading form-field  frm_hide_section\">\r\n<h3 class=\"frm_pos_none frm_section_spacing\">Non-motor symptoms<\/h3>\r\n\r\n\r\n<div id=\"frm_field_63_container\" class=\"frm_form_field form-field  frm_required_field frm_top_container frm_first frm_half\">\r\n    <label for=\"field_aw0pi\" id=\"field_aw0pi_label\" class=\"frm_primary_label\">Specific symptom\r\n        <span class=\"frm_required\" aria-hidden=\"true\">*<\/span>\r\n    <\/label>\r\n    \t\t<select  name=\"item_meta[63]\" id=\"field_aw0pi\"  data-sectionid=\"62\"  data-placeholder=\"S\u00e9lectionnez une option\"  data-placeholder=\" \" data-reqmsg=\"Specific symptom cannot be blank.\" aria-required=\"true\" data-invmsg=\"Specific symptom est non valide\" class=\"frm_slimselect\" aria-invalid=\"false\"  >\n\t\t\t\t\t\t\t<option  data-placeholder=\"true\" value=\"\" class=\"frm-select-placeholder\">\n\t\t\t\t\t \t\t\t\t<\/option>\n\t\t\t\t\t\t\t\t<option  value=\"Apathy\">\n\t\t\t\t\tApathy\t\t\t\t<\/option>\n\t\t\t\t\t\t\t\t<option  value=\"Bladder dysfunction\">\n\t\t\t\t\tBladder dysfunction\t\t\t\t<\/option>\n\t\t\t\t\t\t\t\t<option  value=\"Constipation\">\n\t\t\t\t\tConstipation\t\t\t\t<\/option>\n\t\t\t\t\t\t\t\t<option  value=\"Dementia\">\n\t\t\t\t\tDementia\t\t\t\t<\/option>\n\t\t\t\t\t\t\t\t<option  value=\"Depression and anxiety\">\n\t\t\t\t\tDepression and anxiety\t\t\t\t<\/option>\n\t\t\t\t\t\t\t\t<option  value=\"Drooling\">\n\t\t\t\t\tDrooling\t\t\t\t<\/option>\n\t\t\t\t\t\t\t\t<option  value=\"Excessive daytime sleepiness\">\n\t\t\t\t\tExcessive daytime sleepiness\t\t\t\t<\/option>\n\t\t\t\t\t\t\t\t<option  value=\"Insomnia\">\n\t\t\t\t\tInsomnia\t\t\t\t<\/option>\n\t\t\t\t\t\t\t\t<option  value=\"Nausea and vomiting\">\n\t\t\t\t\tNausea and vomiting\t\t\t\t<\/option>\n\t\t\t\t\t\t\t\t<option  value=\"Orthostatic hypotension\">\n\t\t\t\t\tOrthostatic hypotension\t\t\t\t<\/option>\n\t\t\t\t\t\t\t\t<option  value=\"Pain\">\n\t\t\t\t\tPain\t\t\t\t<\/option>\n\t\t\t\t\t\t\t\t<option  value=\"REM Behaviour Sleep Disorder\">\n\t\t\t\t\tREM Behaviour Sleep Disorder\t\t\t\t<\/option>\n\t\t\t\t\t\t\t\t<option  value=\"Restless leg syndrome (RLS)\">\n\t\t\t\t\tRestless leg syndrome (RLS)\t\t\t\t<\/option>\n\t\t\t\t\t\t\t\t<option  value=\"Sexual dysfunction\">\n\t\t\t\t\tSexual dysfunction\t\t\t\t<\/option>\n\t\t\t\t\t\t\t\t<option  value=\"Visual hallucinations\">\n\t\t\t\t\tVisual hallucinations\t\t\t\t<\/option>\n\t\t\t\t\t\t<\/select>\n\t\t\r\n    \r\n    \r\n<\/div>\n<input type=\"hidden\" name=\"item_meta[64]\" id=\"field_j8nka\" value=\"\"  data-sectionid=\"62\"     \/>\n<input type=\"hidden\" name=\"item_meta[65]\" id=\"field_l2d4\" value=\"\"  data-sectionid=\"62\"     \/>\n<div id=\"frm_field_66_container\" class=\"frm_form_field form-field  frm_top_container frm_first frm_half vertical_radio\">\r\n    <label for=\"field_2nqy8\" id=\"field_2nqy8_label\" class=\"frm_primary_label\">Filter medications by pharmacological class\r\n        <span class=\"frm_required\" aria-hidden=\"true\"><\/span>\r\n    <\/label>\r\n    <div class=\"frm_description\" id=\"frm_desc_field_2nqy8\">Skip to see all medications from all classes<\/div>\r\n    \t\t<div  class=\"frm_opt_container\" role=\"radiogroup\">\n\t\t\t\t<div class=\"frm_radio\">\n\t<label for=\"field_2nqy8-0\">\n\t\t<input type=\"radio\" name=\"item_meta[66]\"\n\t\t\t\tid=\"field_2nqy8-0\"\n\t\t\t\tvalue=\"\"  checked=\"checked\"  data-sectionid=\"62\"  data-invmsg=\"Filter medications by pharmacological class est non valide\" aria-invalid=\"false\"   \/> \t<\/label>\n\t<\/div>\n\t\t\t<\/div>\n\t\t\r\n    \r\n<\/div>\n<input type=\"hidden\" name=\"item_meta[67]\" id=\"field_2unby\" value=\"\"  data-sectionid=\"62\"     \/>\n<input type=\"hidden\" name=\"item_meta[68]\" id=\"field_8tcqv\" value=\"\"  data-sectionid=\"62\"     \/>\n<\/div>\n<div id=\"frm_field_70_container\" class=\"frm_form_field form-field \">\r\n\t<div class=\"frm_submit\">\r\n\r\n<button class=\"frm_button_submit frm_final_submit\" type=\"submit\"  >Search<\/button>\r\n\r\n<\/div>\r\n<\/div>\n\t<input type=\"hidden\" name=\"item_key\" value=\"\" \/>\n\t\t\t<div id=\"frm_field_194_container\">\n\t\t\t<label for=\"field_ajtk2\" >\n\t\t\t\tSi vous \u00eates un humain, ne remplissez pas ce champ.\t\t\t<\/label>\n\t\t\t<input  id=\"field_ajtk2\" type=\"text\" class=\"frm_form_field form-field frm_verify\" name=\"item_meta[194]\" value=\"\"  \/>\n\t\t<\/div>\n\t\t<input name=\"frm_state\" type=\"hidden\" value=\"apF9QLJoQlD6t9VrJJh2o1aRf5ZGbpwHULFeeBzn5RMKjMJCOF8U2Y\/aRVSYC5dm\" \/><\/div><\/div>\n<\/fieldset>\n<\/div>\n\n<\/form>\n<\/div>\n<\/div>\n\n<div style=\"height:100px\" aria-hidden=\"true\" class=\"wp-block-spacer is-style-responsive-large\"><\/div>\n","protected":false},"excerpt":{"rendered":"<p>A propos de cette base de donn\u00e9es Cette base de donn\u00e9es en ligne compl\u00e8te la brochure M\u00e9dicaments pour traiter la maladie de Parkinson. Il ne s&rsquo;agit pas d&rsquo;une base de donn\u00e9es exhaustive. L&rsquo;objectif de cette base de donn\u00e9es est de fournir aux professionnels de la sant\u00e9 une vue d&rsquo;ensemble concise mais compl\u00e8te des m\u00e9dicaments utilis\u00e9s [&hellip;]<\/p>\n","protected":false},"author":96,"featured_media":0,"parent":0,"menu_order":3,"comment_status":"closed","ping_status":"closed","template":"","meta":{"_acf_changed":false,"footnotes":""},"class_list":["post-46065","page","type-page","status-publish","hentry"],"acf":[],"aioseo_notices":[],"_links":{"self":[{"href":"https:\/\/www.parkinson.ca\/fr\/wp-json\/wp\/v2\/pages\/46065","targetHints":{"allow":["GET"]}}],"collection":[{"href":"https:\/\/www.parkinson.ca\/fr\/wp-json\/wp\/v2\/pages"}],"about":[{"href":"https:\/\/www.parkinson.ca\/fr\/wp-json\/wp\/v2\/types\/page"}],"author":[{"embeddable":true,"href":"https:\/\/www.parkinson.ca\/fr\/wp-json\/wp\/v2\/users\/96"}],"replies":[{"embeddable":true,"href":"https:\/\/www.parkinson.ca\/fr\/wp-json\/wp\/v2\/comments?post=46065"}],"version-history":[{"count":1,"href":"https:\/\/www.parkinson.ca\/fr\/wp-json\/wp\/v2\/pages\/46065\/revisions"}],"predecessor-version":[{"id":46066,"href":"https:\/\/www.parkinson.ca\/fr\/wp-json\/wp\/v2\/pages\/46065\/revisions\/46066"}],"wp:attachment":[{"href":"https:\/\/www.parkinson.ca\/fr\/wp-json\/wp\/v2\/media?parent=46065"}],"curies":[{"name":"wp","href":"https:\/\/api.w.org\/{rel}","templated":true}]}}