{"id":46045,"date":"2024-07-10T14:07:34","date_gmt":"2024-07-10T14:07:34","guid":{"rendered":"https:\/\/parkinson.ca\/publications\/groupes-de-soutien\/"},"modified":"2025-06-19T18:34:42","modified_gmt":"2025-06-19T18:34:42","slug":"groupes-de-soutien","status":"publish","type":"page","link":"https:\/\/www.parkinson.ca\/fr\/ressources\/groupes-de-soutien\/","title":{"rendered":"Groupes de soutien"},"content":{"rendered":"\n<div class=\"wp-block-cover is-light has-base-color has-text-color has-link-color wp-elements-834cc1a16218fc460fb7802f84580e58 wp-duotone-unset-1\"><span aria-hidden=\"true\" class=\"wp-block-cover__background has-contrast-background-color has-background-dim\"><\/span><img loading=\"lazy\" decoding=\"async\" width=\"2560\" height=\"1707\" class=\"wp-block-cover__image-background wp-image-46009\" alt=\"\" src=\"https:\/\/parkinson.ca\/wp-content\/uploads\/2025\/01\/vonecia-carswell-0aMMMUjiiEQ-unsplash-scaled.jpg\" data-object-fit=\"cover\" srcset=\"https:\/\/www.parkinson.ca\/wp-content\/uploads\/2025\/01\/vonecia-carswell-0aMMMUjiiEQ-unsplash-scaled.jpg 2560w, https:\/\/www.parkinson.ca\/wp-content\/uploads\/2025\/01\/vonecia-carswell-0aMMMUjiiEQ-unsplash-300x200.jpg 300w, https:\/\/www.parkinson.ca\/wp-content\/uploads\/2025\/01\/vonecia-carswell-0aMMMUjiiEQ-unsplash-1024x683.jpg 1024w, https:\/\/www.parkinson.ca\/wp-content\/uploads\/2025\/01\/vonecia-carswell-0aMMMUjiiEQ-unsplash-768x512.jpg 768w, https:\/\/www.parkinson.ca\/wp-content\/uploads\/2025\/01\/vonecia-carswell-0aMMMUjiiEQ-unsplash-426x284.jpg 426w, https:\/\/www.parkinson.ca\/wp-content\/uploads\/2025\/01\/vonecia-carswell-0aMMMUjiiEQ-unsplash-1620x1080.jpg 1620w\" sizes=\"auto, (max-width: 2560px) 100vw, 2560px\" \/><div class=\"wp-block-cover__inner-container is-layout-constrained wp-block-cover-is-layout-constrained\">\n<h2 class=\"wp-block-heading has-text-align-center has-xlarge-font-size\">Vivre avec la maladie de Parkinson peut donner l&rsquo;impression d&rsquo;\u00eatre isol\u00e9, mais vous n&rsquo;\u00eates pas seul. Les groupes de soutien offrent un espace s\u00fbr et compr\u00e9hensif pour partager des exp\u00e9riences, poser des questions et apprendre des autres.   <\/h2>\n<\/div><\/div>\n\n\n\n<div style=\"height:100px\" aria-hidden=\"true\" class=\"wp-block-spacer is-style-responsive-small\"><\/div>\n\n\n\n<div class=\"wp-block-group is-layout-constrained wp-block-group-is-layout-constrained\">\n<p>Parkinson Canada organise des groupes de soutien locaux dans votre communaut\u00e9 afin d&rsquo;offrir un soutien mutuel \u00e0 d&rsquo;autres personnes vivant avec la maladie de Parkinson. Les groupes de soutien offrent un environnement s\u00fbr pour parler de vos exp\u00e9riences, am\u00e9liorant ainsi votre capacit\u00e9 \u00e0 faire face aux d\u00e9fis quotidiens de la maladie de Parkinson.  <\/p>\n\n\n\n<p>Certains groupes sont consacr\u00e9s \u00e0 des sujets sp\u00e9cifiques (par exemple, l&rsquo;<a href=\"https:\/\/www.parkinson.ca\/fr\/quest-ce-que-la-maladie-de-parkinson\/debut-de-la-maladie\/\" title=\"apparition pr\u00e9coce de la maladie\">apparition pr\u00e9coce de la maladie<\/a>, le <a href=\"https:\/\/www.parkinson.ca\/fr\/home\/mieux-vivre-avec-la-maladie-de-parkinson\/diagnostic-recent-de-la-maladie-de-parkinson\/\" title=\"\">diagnostic r\u00e9cent<\/a> et les <a href=\"https:\/\/www.parkinson.ca\/fr\/home\/mieux-vivre-avec-la-maladie-de-parkinson\/fournir-des-soins\/\" title=\"\">partenaires de soins<\/a> ), tandis que d&rsquo;autres sont plus g\u00e9n\u00e9raux. Ils sont disponibles sous forme virtuelle, en personne et hybride et sont tous con\u00e7us pour offrir un lieu s\u00fbr et confortable o\u00f9 les gens peuvent se connecter et \u00e9changer sur la fa\u00e7on de bien vivre avec la maladie de Parkinson.<\/p>\n\n\n\n<p>Les groupes de soutien peuvent vous aider :<\/p>\n<\/div>\n\n\n\n<div class=\"wp-block-group has-grey-background-color has-background is-layout-grid wp-container-core-group-is-layout-6be84c55 wp-block-group-is-layout-grid\">\n<p class=\"has-text-align-center\">Se sentir \u00e9cout\u00e9 et compris<\/p>\n\n\n\n<p class=\"has-text-align-center\">Gagner en force \u00e9motionnelle<\/p>\n\n\n\n<p class=\"has-text-align-center\">Tirez parti de l&rsquo;exp\u00e9rience des autres<\/p>\n\n\n\n<p class=\"has-text-align-center\">D\u00e9couvrez de nouveaux outils et de nouvelles ressources<\/p>\n\n\n\n<p class=\"has-text-align-center\">\u00c9tablir des liens durables avec la communaut\u00e9<\/p>\n<\/div>\n\n\n\n<div style=\"height:100px\" aria-hidden=\"true\" class=\"wp-block-spacer is-style-responsive-small\"><\/div>\n\n\n\n<div class=\"wp-block-columns alignfull has-blue-background-color has-background is-layout-flex wp-container-core-columns-is-layout-9d6595d7 wp-block-columns-is-layout-flex\">\n<div class=\"wp-block-column is-layout-flow wp-block-column-is-layout-flow\" style=\"flex-basis:20%\"><\/div>\n\n\n\n<div class=\"wp-block-column is-layout-flow wp-block-column-is-layout-flow\" style=\"flex-basis:70%\">\n<div style=\"height:100px\" aria-hidden=\"true\" class=\"wp-block-spacer is-style-responsive-medium\"><\/div>\n\n\n\n<h2 class=\"wp-block-heading has-text-align-center has-ice-blue-color has-text-color\">Trouver du soutien dans la communaut\u00e9<\/h2>\n\n\n\n<p class=\"has-text-align-center\"><strong>Utilisez CareFinder pour explorer notre vaste r\u00e9seau de groupes de soutien pour les personnes vivant avec la maladie de Parkinson, les partenaires de soins et les membres de la famille. Si vous pr\u00e9f\u00e9rez les rencontres individuelles, notre programme pair-\u00e0-pair peut vous mettre en relation avec un mentor b\u00e9n\u00e9vole qui comprend vraiment ce que vous vivez. <\/strong><\/p>\n\n\n\n<div class=\"wp-block-buttons is-content-justification-center is-layout-flex wp-container-core-buttons-is-layout-16018d1d wp-block-buttons-is-layout-flex\">\n<div class=\"wp-block-button\"><a class=\"wp-block-button__link wp-element-button\" href=\"https:\/\/www.parkinson.ca\/care-finder\/\">Trouver des groupe de soutien<\/a><\/div>\n\n\n\n<div class=\"wp-block-button\"><a class=\"wp-block-button__link wp-element-button\" href=\"https:\/\/www.parkinson.ca\/fr\/programme-de-soutien-par-les-pairs\/\">Programme de soutien par les pairs<\/a><\/div>\n<\/div>\n\n\n\n<div style=\"height:100px\" aria-hidden=\"true\" class=\"wp-block-spacer is-style-responsive-medium\"><\/div>\n<\/div>\n\n\n\n<div class=\"wp-block-column is-layout-flow wp-block-column-is-layout-flow\" style=\"flex-basis:20%\"><\/div>\n<\/div>\n\n\n\n<div style=\"height:100px\" aria-hidden=\"true\" class=\"wp-block-spacer is-style-responsive-small\"><\/div>\n\n\n\n<div class=\"wp-block-columns has-grey-background-color has-background is-layout-flex wp-container-core-columns-is-layout-9d6595d7 wp-block-columns-is-layout-flex\">\n<div class=\"wp-block-column is-vertically-aligned-center is-layout-flow wp-block-column-is-layout-flow\">\n<h3 class=\"wp-block-heading\"><strong>L&rsquo;histoire de Jeannine<\/strong><\/h3>\n\n\n\n<div class='custom-link '>\n            <div style='width: 65%; height: 3px; background-color: var(--color--accent);'><\/div>\n    <\/div>\n\n\n<div style=\"height:100px\" aria-hidden=\"true\" class=\"wp-block-spacer is-style-responsive-xsmall\"><\/div>\n\n\n\n<p class=\"has-text-align-left has-regular-font-size\">J&rsquo;ai eu la chance que mon neurologue me donne deux informations positives au moment du diagnostic : Saskatoon dispose d&rsquo;un groupe de soutien mensuel et d&rsquo;un bon programme d&rsquo;exercices pour la maladie de Parkinson. Comme je suis une b\u00eate sociale par nature, j&rsquo;ai tout de suite rejoint les deux et j&rsquo;en ai tir\u00e9 un grand b\u00e9n\u00e9fice physique et mental. Le fait de pouvoir rencontrer des personnes de tous horizons pour discuter de ce que nous avons en commun me fait le <em>plus<\/em> grand bien. Nous ne nous apitoyons pas les uns sur les autres ; nous comprenons la situation de chacun et cela renforce nos liens &#8211; et physiquement nos esprits et nos corps, je crois.  <\/p>\n<\/div>\n\n\n\n<div class=\"wp-block-column is-layout-flow wp-block-column-is-layout-flow\">\n<figure class=\"wp-block-image size-full is-resized\"><img loading=\"lazy\" decoding=\"async\" width=\"548\" height=\"480\" src=\"https:\/\/parkinson.ca\/wp-content\/uploads\/Jeannine-Alain-headshot.jpg\" alt=\"\" class=\"wp-image-42770\" style=\"width:573px;height:auto\" srcset=\"https:\/\/www.parkinson.ca\/wp-content\/uploads\/Jeannine-Alain-headshot.jpg 548w, https:\/\/www.parkinson.ca\/wp-content\/uploads\/Jeannine-Alain-headshot-300x263.jpg 300w, https:\/\/www.parkinson.ca\/wp-content\/uploads\/Jeannine-Alain-headshot-150x131.jpg 150w, https:\/\/www.parkinson.ca\/wp-content\/uploads\/Jeannine-Alain-headshot-100x88.jpg 100w\" sizes=\"auto, (max-width: 548px) 100vw, 548px\" \/><\/figure>\n<\/div>\n<\/div>\n\n\n\n<div style=\"height:100px\" aria-hidden=\"true\" class=\"wp-block-spacer\"><\/div>\n\n\n\n<div class=\"wp-block-group alignfull has-ice-blue-background-color has-background is-layout-constrained wp-block-group-is-layout-constrained\">\n<div class=\"wp-block-columns has-ice-blue-background-color has-background is-layout-flex wp-container-core-columns-is-layout-9d6595d7 wp-block-columns-is-layout-flex\">\n<div class=\"wp-block-column is-vertically-aligned-center is-layout-flow wp-block-column-is-layout-flow\">\n<h3 class=\"wp-block-heading\">Avez-vous besoin d&rsquo;aide ?<\/h3>\n\n\n\n<p>Nous sommes l\u00e0 pour vous aider.<\/p>\n\n\n\n<p>Peu importe o\u00f9 vous en \u00eates dans votre cheminement avec la maladie de Parkinson, vous n&rsquo;\u00eates pas seul. Notre \u00e9quipe est pr\u00eate \u00e0 vous fournir des conseils, des ressources et une oreille attentive. Que vous ayez des questions, que vous ayez besoin d&rsquo;aide ou que vous souhaitiez simplement entrer en contact, nous sommes l\u00e0 pour vous aider.<\/p>\n\n\n\n<p>Vous n&rsquo;avez pas \u00e0 faire face seul \u00e0 cette situation &#8211; tendez la main d\u00e8s aujourd&rsquo;hui.<\/p>\n\n\n\n<div class=\"wp-block-buttons is-horizontal is-layout-flex wp-block-buttons-is-layout-flex\">\n<div class=\"wp-block-button\"><a class=\"wp-block-button__link has-ice-blue-background-color has-background wp-element-button\" href=\"tel:1 (888) 664-1974\">Appelez-nous : 1 (888) 664-1974<\/a><\/div>\n\n\n\n<div class=\"wp-block-button\"><a class=\"wp-block-button__link has-ice-blue-background-color has-background wp-element-button\" href=\"mailto:support@parkinson.ca\">Envoyez-nous un courriel<\/a><\/div>\n<\/div>\n<\/div>\n<\/div>\n<\/div>\n","protected":false},"excerpt":{"rendered":"<p>Parkinson Canada organise des groupes de soutien locaux dans votre communaut\u00e9 afin d&rsquo;offrir un soutien mutuel \u00e0 d&rsquo;autres personnes vivant avec la maladie de Parkinson. Les groupes de soutien offrent un environnement s\u00fbr pour parler de vos exp\u00e9riences, am\u00e9liorant ainsi votre capacit\u00e9 \u00e0 faire face aux d\u00e9fis quotidiens de la maladie de Parkinson. Certains groupes [&hellip;]<\/p>\n","protected":false},"author":107,"featured_media":46010,"parent":44265,"menu_order":4,"comment_status":"closed","ping_status":"closed","template":"","meta":{"_acf_changed":false,"footnotes":""},"class_list":["post-46045","page","type-page","status-publish","has-post-thumbnail","hentry"],"acf":[],"aioseo_notices":[],"_links":{"self":[{"href":"https:\/\/www.parkinson.ca\/fr\/wp-json\/wp\/v2\/pages\/46045","targetHints":{"allow":["GET"]}}],"collection":[{"href":"https:\/\/www.parkinson.ca\/fr\/wp-json\/wp\/v2\/pages"}],"about":[{"href":"https:\/\/www.parkinson.ca\/fr\/wp-json\/wp\/v2\/types\/page"}],"author":[{"embeddable":true,"href":"https:\/\/www.parkinson.ca\/fr\/wp-json\/wp\/v2\/users\/107"}],"replies":[{"embeddable":true,"href":"https:\/\/www.parkinson.ca\/fr\/wp-json\/wp\/v2\/comments?post=46045"}],"version-history":[{"count":18,"href":"https:\/\/www.parkinson.ca\/fr\/wp-json\/wp\/v2\/pages\/46045\/revisions"}],"predecessor-version":[{"id":52780,"href":"https:\/\/www.parkinson.ca\/fr\/wp-json\/wp\/v2\/pages\/46045\/revisions\/52780"}],"up":[{"embeddable":true,"href":"https:\/\/www.parkinson.ca\/fr\/wp-json\/wp\/v2\/pages\/44265"}],"wp:featuredmedia":[{"embeddable":true,"href":"https:\/\/www.parkinson.ca\/fr\/wp-json\/wp\/v2\/media\/46010"}],"wp:attachment":[{"href":"https:\/\/www.parkinson.ca\/fr\/wp-json\/wp\/v2\/media?parent=46045"}],"curies":[{"name":"wp","href":"https:\/\/api.w.org\/{rel}","templated":true}]}}