{"id":44754,"date":"2024-07-05T15:38:21","date_gmt":"2024-07-05T15:38:21","guid":{"rendered":"https:\/\/parkinsonstg.wpenginepowered.com\/advocacy\/"},"modified":"2025-09-11T01:48:23","modified_gmt":"2025-09-11T01:48:23","slug":"defense-des-interests","status":"publish","type":"page","link":"https:\/\/www.parkinson.ca\/fr\/defense-des-interests\/","title":{"rendered":"D\u00e9fense des int\u00e9r\u00eats"},"content":{"rendered":"\n<div class=\"wp-block-cover\"><span aria-hidden=\"true\" class=\"wp-block-cover__background has-contrast-background-color has-background-dim-40 has-background-dim\"><\/span><img loading=\"lazy\" decoding=\"async\" width=\"800\" height=\"600\" class=\"wp-block-cover__image-background wp-image-54168\" alt=\"\" src=\"https:\/\/www.parkinson.ca\/wp-content\/uploads\/2025\/09\/MP-Ben-Carr-1.jpeg\" style=\"object-position:52% 44%\" data-object-fit=\"cover\" data-object-position=\"52% 44%\" srcset=\"https:\/\/www.parkinson.ca\/wp-content\/uploads\/2025\/09\/MP-Ben-Carr-1.jpeg 800w, https:\/\/www.parkinson.ca\/wp-content\/uploads\/2025\/09\/MP-Ben-Carr-1-300x225.jpeg 300w, https:\/\/www.parkinson.ca\/wp-content\/uploads\/2025\/09\/MP-Ben-Carr-1-768x576.jpeg 768w, https:\/\/www.parkinson.ca\/wp-content\/uploads\/2025\/09\/MP-Ben-Carr-1-426x320.jpeg 426w\" sizes=\"auto, (max-width: 800px) 100vw, 800px\" \/><div class=\"wp-block-cover__inner-container is-layout-constrained wp-block-cover-is-layout-constrained\">\n<p class=\"has-text-align-center has-base-color has-text-color has-link-color has-xlarge-font-size wp-elements-8b3b0cc2654046d78edf6e32e5d15538\"><strong>Faire entendre la voix de la communaut\u00e9 de la maladie de Parkinson<\/strong><\/p>\n<\/div><\/div>\n\n\n\n<div style=\"height:96px\" aria-hidden=\"true\" class=\"wp-block-spacer is-style-responsive-small\"><\/div>\n\n\n\n<h2 class=\"wp-block-heading has-large-font-size\">La mission<\/h2>\n\n\n\n<p class=\"has-medium-font-size\">Parkinson Canada est la voix nationale de toutes les personnes touch\u00e9es par la maladie de Parkinson au Canada. Nous sommes d\u00e9termin\u00e9s \u00e0 cr\u00e9er un monde o\u00f9 personne n&rsquo;est limit\u00e9 par la maladie de Parkinson, et nous travaillons avec tous les niveaux de gouvernement pour nous rapprocher de cette vision. <\/p>\n\n\n\n<p class=\"has-medium-font-size\">Nous amplifions la voix des personnes vivant avec la maladie de Parkinson et de leurs partenaires de soins afin de faire avancer les solutions pour un meilleur acc\u00e8s aux soins, des soutiens plus solides et une meilleure qualit\u00e9 de vie. En nous engageant directement aupr\u00e8s des d\u00e9cideurs politiques et en collaborant avec des partenaires communautaires, nous sensibilisons \u00e0 l&rsquo;impact de la maladie de Parkinson et faisons pression pour obtenir des changements significatifs. <\/p>\n\n\n\n<div style=\"height:100px\" aria-hidden=\"true\" class=\"wp-block-spacer is-style-default\"><\/div>\n\n\n\n<div class='alignfull image-text-wrapper has-background has-blue-background-color'>\n    <div class='image-text-section'>\n        <div class='editor-content'>\n           <div class=\"\">\n                \n                <div class='image-text-section-content'>\n                    <div class=\"acf-innerblocks-container\">\n\n<h2 class=\"wp-block-heading\">Ce que nous faisons<\/h2>\n\n\n\n<p>Nous plaidons pour des changements de politique qui comptent le plus pour la communaut\u00e9 de la maladie de Parkinson, y compris :<\/p>\n\n\n\n<ul class=\"wp-block-list\">\n<li>Acc\u00e8s \u00e0 des soins de sant\u00e9 de qualit\u00e9 en temps opportun<\/li>\n\n\n\n<li>Augmentation des investissements dans la recherche<\/li>\n\n\n\n<li>Des aides financi\u00e8res et des aides aux personnes handicap\u00e9es qui refl\u00e8tent les besoins r\u00e9els<\/li>\n<\/ul>\n\n\n\n<p><\/p>\n\n\n\n<p>Nos priorit\u00e9s d\u00e9coulent directement de ce que nous disent les membres de la communaut\u00e9. En partageant ces histoires et ces pr\u00e9occupations avec le gouvernement, nous montrons aux d\u00e9cideurs politiques la r\u00e9alit\u00e9 de la maladie de Parkinson et les encourageons \u00e0 agir. <\/p>\n\n\n\n<div class=\"wp-block-buttons is-layout-flex wp-block-buttons-is-layout-flex\">\n<div class=\"wp-block-button\"><a class=\"wp-block-button__link wp-element-button\" href=\"https:\/\/www.parkinson.ca\/fr\/defense-des-interests\/rapports-de-plaidoyer\/\">Lisez nos rapports de plaidoyer<\/a><\/div>\n<\/div>\n\n\n\n<div class=\"wp-block-buttons is-layout-flex wp-block-buttons-is-layout-flex\">\n<div class=\"wp-block-button\"><a class=\"wp-block-button__link wp-element-button\" href=\"https:\/\/www.parkinson.ca\/fr\/defense-des-interests\/soumissions-au-gouvernement\/\">Consultez nos soumissions au gouvernement<\/a><\/div>\n<\/div>\n\n<\/div>\n                <\/div>\n           <\/div>\n        <\/div>\n    <\/div>\n    <img loading=\"lazy\" decoding=\"async\" width=\"2560\" height=\"1928\" src=\"https:\/\/www.parkinson.ca\/wp-content\/uploads\/2025\/08\/li-jiang-speaking-at-roundtable-2-1-scaled.jpg\" class=\"image-section right\" alt=\"\" sizes=\"auto, (min-width: 768px) 50vw, 100vw\" srcset=\"https:\/\/www.parkinson.ca\/wp-content\/uploads\/2025\/08\/li-jiang-speaking-at-roundtable-2-1-scaled.jpg 2560w, https:\/\/www.parkinson.ca\/wp-content\/uploads\/2025\/08\/li-jiang-speaking-at-roundtable-2-1-300x226.jpg 300w, https:\/\/www.parkinson.ca\/wp-content\/uploads\/2025\/08\/li-jiang-speaking-at-roundtable-2-1-1024x771.jpg 1024w, https:\/\/www.parkinson.ca\/wp-content\/uploads\/2025\/08\/li-jiang-speaking-at-roundtable-2-1-768x578.jpg 768w, https:\/\/www.parkinson.ca\/wp-content\/uploads\/2025\/08\/li-jiang-speaking-at-roundtable-2-1-426x321.jpg 426w, https:\/\/www.parkinson.ca\/wp-content\/uploads\/2025\/08\/li-jiang-speaking-at-roundtable-2-1-1434x1080.jpg 1434w\" \/><\/div>\n\n\n<div style=\"height:100px\" aria-hidden=\"true\" class=\"wp-block-spacer is-style-default\"><\/div>\n\n\n\n<div class=\"wp-block-group has-white-background-color has-background has-medium-font-size is-layout-flow wp-block-group-is-layout-flow\">\n<div class=\"wp-block-columns has-regular-font-size is-layout-flex wp-container-core-columns-is-layout-9d6595d7 wp-block-columns-is-layout-flex\">\n<div class=\"wp-block-column is-vertically-aligned-top is-layout-flow wp-block-column-is-layout-flow\">\n<h2 class=\"wp-block-heading has-sky-blue-color has-text-color has-link-color has-xlarge-font-size wp-elements-d33718040f173bbae0db0193ecaab386\">Passez \u00e0 l&rsquo;action<\/h2>\n\n\n\n<p>Votre voix fait la diff\u00e9rence. Voici comment vous pouvez vous impliquer : <\/p>\n\n\n\n<div style=\"height:100px\" aria-hidden=\"true\" class=\"wp-block-spacer is-style-responsive-xsmall\"><\/div>\n\n\n\n<figure class=\"wp-block-image size-full is-resized\"><img loading=\"lazy\" decoding=\"async\" width=\"750\" height=\"750\" src=\"https:\/\/www.parkinson.ca\/wp-content\/uploads\/2025\/08\/Images-in-our-brand-blobs.png\" alt=\"\" class=\"wp-image-53832\" style=\"width:508px;height:auto\" srcset=\"https:\/\/www.parkinson.ca\/wp-content\/uploads\/2025\/08\/Images-in-our-brand-blobs.png 750w, https:\/\/www.parkinson.ca\/wp-content\/uploads\/2025\/08\/Images-in-our-brand-blobs-300x300.png 300w, https:\/\/www.parkinson.ca\/wp-content\/uploads\/2025\/08\/Images-in-our-brand-blobs-150x150.png 150w, https:\/\/www.parkinson.ca\/wp-content\/uploads\/2025\/08\/Images-in-our-brand-blobs-426x426.png 426w\" sizes=\"auto, (max-width: 750px) 100vw, 750px\" \/><\/figure>\n<\/div>\n\n\n\n<div class=\"wp-block-column is-vertically-aligned-top is-layout-flow wp-block-column-is-layout-flow\" style=\"padding-top:0;padding-bottom:0\">\n<div style=\"height:100px\" aria-hidden=\"true\" class=\"wp-block-spacer is-style-responsive-xsmall\"><\/div>\n\n\n\n<div class=\"wp-block-columns is-style-default home-row no-gap-mobile is-layout-flex wp-container-core-columns-is-layout-9d6595d7 wp-block-columns-is-layout-flex\">\n<div class=\"wp-block-column is-vertically-aligned-center number-copy is-layout-flow wp-block-column-is-layout-flow\">\n\n<div class=\"icon-block wp-elements-548f83717fe4ba5ef44751d7dab8f14f text-lefthas-large\" >\n  <div class=\"icon icon-position-avant\">\n  \n  \n    <!-- ICON AFTER \/ BOTTOM -->\n    \n    <!-- SYMBOL -->\n    <div class=\"icon-symbol has-text-color has-blue-color\" \n      style=\"font-size: 25px\">\n              <i class=\"fa-classic fa-solid fa-bullhorn\" \n             \n              aria-hidden='true' \n             >\n        <\/i>\n          <\/div>\n\n    <!-- ICON BEFORE \/ TOP -->\n    \n      <\/div>\n<\/div>\n\n\n<p class=\"has-text-align-left has-regular-font-size\">Les p\u00e9titions et les campagnes d&rsquo;envoi de lettres sont d&rsquo;excellents moyens de s&rsquo;impliquer facilement et de faire entendre votre voix.<\/p>\n<\/div>\n\n\n\n<div class=\"wp-block-column is-vertically-aligned-top is-layout-flow wp-block-column-is-layout-flow\">\n<div class=\"wp-block-buttons is-layout-flex wp-container-core-buttons-is-layout-a74382ec wp-block-buttons-is-layout-flex\">\n<div class=\"wp-block-button has-custom-width wp-block-button__width-100\"><a class=\"wp-block-button__link wp-element-button\">Revenez bient\u00f4t pour conna\u00eetre la prochaine occasion de vous impliquer !<\/a><\/div>\n<\/div>\n<\/div>\n<\/div>\n\n\n\n<div class='custom-link '>\n            <div style='width: 100%; height: 3px; background-color: var(--color--accent);'><\/div>\n    <\/div>\n\n\n<div class=\"wp-block-columns is-layout-flex wp-container-core-columns-is-layout-9d6595d7 wp-block-columns-is-layout-flex\">\n<div class=\"wp-block-column is-vertically-aligned-center is-layout-flow wp-block-column-is-layout-flow\">\n\n<div class=\"icon-block wp-elements-414f115094a76f8cf114f38aefc74013 text-lefthas-large\" >\n  <div class=\"icon icon-position-avant\">\n  \n  \n    <!-- ICON AFTER \/ BOTTOM -->\n    \n    <!-- SYMBOL -->\n    <div class=\"icon-symbol has-text-color has-blue-color\" \n      style=\"font-size: 25px\">\n              <i class=\"fa-classic fa-solid fa-bullhorn\" \n             \n              aria-hidden='true' \n             >\n        <\/i>\n          <\/div>\n\n    <!-- ICON BEFORE \/ TOP -->\n    \n      <\/div>\n<\/div>\n\n\n<p class=\"has-text-align-left has-regular-font-size\">Participez \u00e0 des \u00e9v\u00e9nements, des discussions et des rassemblements communautaires inspirants. En vous portant volontaire pour d\u00e9fendre une cause, vous pouvez contribuer \u00e0 obtenir des changements importants au sein de votre communaut\u00e9 et au-del\u00e0.<\/p>\n<\/div>\n\n\n\n<div class=\"wp-block-column is-vertically-aligned-top is-layout-flow wp-block-column-is-layout-flow\">\n<div class=\"wp-block-buttons is-layout-flex wp-container-core-buttons-is-layout-a74382ec wp-block-buttons-is-layout-flex\">\n<div class=\"wp-block-button has-custom-width wp-block-button__width-100\"><a class=\"wp-block-button__link has-text-align-left wp-element-button\" href=\"https:\/\/parkinsoncanada.volunteerhub.com\/vv2\/\">Voir ce qui se passe<\/a><\/div>\n<\/div>\n\n\n\n<p>*Veuillez indiquer que vous \u00eates int\u00e9ress\u00e9 par le b\u00e9n\u00e9volat dans le domaine de la d\u00e9fense des droits.<\/p>\n<\/div>\n<\/div>\n\n\n\n<div class='custom-link '>\n            <div style='width: 100%; height: 3px; background-color: var(--color--accent);'><\/div>\n    <\/div>\n\n\n<div class=\"wp-block-columns is-layout-flex wp-container-core-columns-is-layout-9d6595d7 wp-block-columns-is-layout-flex\">\n<div class=\"wp-block-column is-layout-flow wp-block-column-is-layout-flow\">\n\n<div class=\"icon-block wp-elements-578bd38720f180e26b81ac552336fa7b text-lefthas-large\" >\n  <div class=\"icon icon-position-avant\">\n  \n  \n    <!-- ICON AFTER \/ BOTTOM -->\n    \n    <!-- SYMBOL -->\n    <div class=\"icon-symbol has-text-color has-blue-color\" \n      style=\"font-size: 25px\">\n              <i class=\"fa-classic fa-solid fa-bullhorn\" \n             \n              aria-hidden='true' \n             >\n        <\/i>\n          <\/div>\n\n    <!-- ICON BEFORE \/ TOP -->\n    \n      <\/div>\n<\/div>\n\n\n<p class=\"has-text-align-left has-regular-font-size\">Restez inform\u00e9 et engag\u00e9 avec :<\/p>\n\n\n\n<ul class=\"wp-block-list\">\n<li>des outils pour vous aider \u00e0 devenir un d\u00e9fenseur plus efficace<\/li>\n\n\n\n<li>des mises \u00e0 jour et des r\u00e9ponses aux annonces et aux budgets du gouvernement<\/li>\n\n\n\n<li>des ressources pour soutenir les conversations avec les \u00e9lus<\/li>\n<\/ul>\n<\/div>\n\n\n\n<div class=\"wp-block-column is-vertically-aligned-center is-layout-flow wp-block-column-is-layout-flow\">\n<div class=\"wp-block-buttons is-layout-flex wp-container-core-buttons-is-layout-a74382ec wp-block-buttons-is-layout-flex\">\n<div class=\"wp-block-button has-custom-width wp-block-button__width-100\"><a class=\"wp-block-button__link has-text-align-left wp-element-button\" href=\"https:\/\/www.parkinson.ca\/wp-content\/uploads\/2025\/08\/Advocacy-Toolkit.pdf\">D\u00e9couvrez notre bo\u00eete \u00e0 outils de plaidoyer<\/a><\/div>\n<\/div>\n\n\n\n<p>Cette ressource n&rsquo;est disponible qu&rsquo;en anglais.<\/p>\n<\/div>\n<\/div>\n<\/div>\n<\/div>\n<\/div>\n\n\n\n<div style=\"height:100px\" aria-hidden=\"true\" class=\"wp-block-spacer is-style-default\"><\/div>\n\n\n\n<div class=\"wp-block-columns has-ice-blue-background-color has-background is-layout-flex wp-container-core-columns-is-layout-9d6595d7 wp-block-columns-is-layout-flex\">\n<div class=\"wp-block-column is-vertically-aligned-center is-layout-flow wp-block-column-is-layout-flow\">\n<h3 class=\"wp-block-heading\">Avez-vous besoin d&rsquo;aide ?<\/h3>\n\n\n\n<p>Nous sommes l\u00e0 pour vous aider.<\/p>\n\n\n\n<p>Peu importe o\u00f9 vous en \u00eates dans votre cheminement avec la maladie de Parkinson, vous n&rsquo;\u00eates pas seul. Notre \u00e9quipe est pr\u00eate \u00e0 vous fournir des conseils, des ressources et une oreille attentive. Que vous ayez des questions, que vous ayez besoin d&rsquo;aide ou que vous souhaitiez simplement entrer en contact, nous sommes l\u00e0 pour vous aider.<\/p>\n\n\n\n<p>Vous n&rsquo;avez pas \u00e0 faire face seul \u00e0 cette situation &#8211; tendez la main d\u00e8s aujourd&rsquo;hui.<\/p>\n\n\n\n<div class=\"wp-block-buttons is-horizontal is-layout-flex wp-block-buttons-is-layout-flex\">\n<div class=\"wp-block-button\"><a class=\"wp-block-button__link has-ice-blue-background-color has-background wp-element-button\" href=\"tel:1 (888) 664-1974\">Appelez-nous : 1 (888) 664-1974<\/a><\/div>\n\n\n\n<div class=\"wp-block-button\"><a class=\"wp-block-button__link has-ice-blue-background-color has-background wp-element-button\" href=\"mailto:support@parkinson.ca\">Envoyez-nous un courriel<\/a><\/div>\n<\/div>\n<\/div>\n<\/div>\n\n\n\n<div style=\"height:100px\" aria-hidden=\"true\" class=\"wp-block-spacer is-style-default\"><\/div>\n","protected":false},"excerpt":{"rendered":"<p>La mission Parkinson Canada est la voix nationale de toutes les personnes touch\u00e9es par la maladie de Parkinson au Canada. Nous sommes d\u00e9termin\u00e9s \u00e0 cr\u00e9er un monde o\u00f9 personne n&rsquo;est limit\u00e9 par la maladie de Parkinson, et nous travaillons avec tous les niveaux de gouvernement pour nous rapprocher de cette vision. Nous amplifions la voix [&hellip;]<\/p>\n","protected":false},"author":96,"featured_media":53827,"parent":0,"menu_order":0,"comment_status":"closed","ping_status":"closed","template":"","meta":{"_acf_changed":false,"footnotes":""},"class_list":["post-44754","page","type-page","status-publish","has-post-thumbnail","hentry"],"acf":[],"aioseo_notices":[],"_links":{"self":[{"href":"https:\/\/www.parkinson.ca\/fr\/wp-json\/wp\/v2\/pages\/44754","targetHints":{"allow":["GET"]}}],"collection":[{"href":"https:\/\/www.parkinson.ca\/fr\/wp-json\/wp\/v2\/pages"}],"about":[{"href":"https:\/\/www.parkinson.ca\/fr\/wp-json\/wp\/v2\/types\/page"}],"author":[{"embeddable":true,"href":"https:\/\/www.parkinson.ca\/fr\/wp-json\/wp\/v2\/users\/96"}],"replies":[{"embeddable":true,"href":"https:\/\/www.parkinson.ca\/fr\/wp-json\/wp\/v2\/comments?post=44754"}],"version-history":[{"count":22,"href":"https:\/\/www.parkinson.ca\/fr\/wp-json\/wp\/v2\/pages\/44754\/revisions"}],"predecessor-version":[{"id":54198,"href":"https:\/\/www.parkinson.ca\/fr\/wp-json\/wp\/v2\/pages\/44754\/revisions\/54198"}],"wp:featuredmedia":[{"embeddable":true,"href":"https:\/\/www.parkinson.ca\/fr\/wp-json\/wp\/v2\/media\/53827"}],"wp:attachment":[{"href":"https:\/\/www.parkinson.ca\/fr\/wp-json\/wp\/v2\/media?parent=44754"}],"curies":[{"name":"wp","href":"https:\/\/api.w.org\/{rel}","templated":true}]}}