{"id":44265,"date":"2024-06-17T13:41:43","date_gmt":"2024-06-17T13:41:43","guid":{"rendered":"https:\/\/parkinsonstg.wpenginepowered.com\/publications\/"},"modified":"2025-05-27T19:51:12","modified_gmt":"2025-05-27T19:51:12","slug":"ressources","status":"publish","type":"page","link":"https:\/\/www.parkinson.ca\/fr\/ressources\/","title":{"rendered":"Services et ressources"},"content":{"rendered":"\n<div class='overflow-image-text'>\n    <div class='editor-content'>\n        <div>\n            <div class='overflow-image-text-content has-background has-blue-background-color'>\n                <div class='inner-blocks'>\n                    <div class=\"acf-innerblocks-container\">\n\n<p class=\"has-xlarge-font-size\"><strong>Trouvez des informations et du soutien pour vous aider \u00e0 faire face aux diff\u00e9rents d\u00e9fis que vous pouvez rencontrer au cours de votre parcours avec la maladie de Parkinson.  <\/strong><\/p>\n\n<\/div>\n                    <img loading=\"lazy\" decoding=\"async\" width=\"2560\" height=\"1707\" src=\"https:\/\/www.parkinson.ca\/wp-content\/uploads\/2025\/01\/dario-valenzuela-PAGBeJrLiDA-unsplash-scaled.jpg\" class=\"overflow-image\" alt=\"\" sizes=\"auto, (min-width: 768px) 50vw, 100vw\" srcset=\"https:\/\/www.parkinson.ca\/wp-content\/uploads\/2025\/01\/dario-valenzuela-PAGBeJrLiDA-unsplash-scaled.jpg 2560w, https:\/\/www.parkinson.ca\/wp-content\/uploads\/2025\/01\/dario-valenzuela-PAGBeJrLiDA-unsplash-300x200.jpg 300w, https:\/\/www.parkinson.ca\/wp-content\/uploads\/2025\/01\/dario-valenzuela-PAGBeJrLiDA-unsplash-1024x683.jpg 1024w, https:\/\/www.parkinson.ca\/wp-content\/uploads\/2025\/01\/dario-valenzuela-PAGBeJrLiDA-unsplash-768x512.jpg 768w, https:\/\/www.parkinson.ca\/wp-content\/uploads\/2025\/01\/dario-valenzuela-PAGBeJrLiDA-unsplash-426x284.jpg 426w, https:\/\/www.parkinson.ca\/wp-content\/uploads\/2025\/01\/dario-valenzuela-PAGBeJrLiDA-unsplash-1620x1080.jpg 1620w\" \/>                <\/div>\n            <\/div>\n        <\/div>    \n    <\/div>\n<\/div>\n\n\n<div style=\"height:100px\" aria-hidden=\"true\" class=\"wp-block-spacer\"><\/div>\n\n\n\n<div class=\"wp-block-group is-layout-constrained wp-container-core-group-is-layout-78f19ad8 wp-block-group-is-layout-constrained\">\n<h2 class=\"wp-block-heading has-text-align-center\">Soutenir votre r\u00e9silience, quoi qu&rsquo;il arrive<\/h2>\n\n\n\n<p class=\"has-text-align-center\">Que vous ayez \u00e9t\u00e9 r\u00e9cemment diagnostiqu\u00e9, que vous soyez un membre de la famille, un partenaire de soins ou un ami, ou que vous viviez avec la maladie de Parkinson depuis des ann\u00e9es, vous pouvez commencer \u00e0 prendre en charge votre maladie de Parkinson d\u00e8s aujourd&rsquo;hui.  <\/p>\n<\/div>\n\n\n\n<div style=\"height:100px\" aria-hidden=\"true\" class=\"wp-block-spacer is-style-responsive-xsmall\"><\/div>\n\n\n\n<div class=\"wp-block-columns alignwide are-vertically-aligned-top has-base-background-color has-background is-layout-flex wp-container-core-columns-is-layout-9d6595d7 wp-block-columns-is-layout-flex\">\n<div class=\"wp-block-column is-vertically-aligned-top is-layout-flow wp-block-column-is-layout-flow\">\n<div class=\"wp-block-cover\"><span aria-hidden=\"true\" class=\"wp-block-cover__background has-contrast-background-color has-background-dim\"><\/span><img loading=\"lazy\" decoding=\"async\" width=\"1707\" height=\"2560\" class=\"wp-block-cover__image-background wp-image-52029\" alt=\"\" src=\"https:\/\/www.parkinson.ca\/wp-content\/uploads\/2025\/05\/standsome-worklifestyle-_jw7pZVwFrg-unsplash-scaled.jpg\" data-object-fit=\"cover\" srcset=\"https:\/\/www.parkinson.ca\/wp-content\/uploads\/2025\/05\/standsome-worklifestyle-_jw7pZVwFrg-unsplash-scaled.jpg 1707w, https:\/\/www.parkinson.ca\/wp-content\/uploads\/2025\/05\/standsome-worklifestyle-_jw7pZVwFrg-unsplash-200x300.jpg 200w, https:\/\/www.parkinson.ca\/wp-content\/uploads\/2025\/05\/standsome-worklifestyle-_jw7pZVwFrg-unsplash-683x1024.jpg 683w, https:\/\/www.parkinson.ca\/wp-content\/uploads\/2025\/05\/standsome-worklifestyle-_jw7pZVwFrg-unsplash-768x1152.jpg 768w, https:\/\/www.parkinson.ca\/wp-content\/uploads\/2025\/05\/standsome-worklifestyle-_jw7pZVwFrg-unsplash-426x639.jpg 426w, https:\/\/www.parkinson.ca\/wp-content\/uploads\/2025\/05\/standsome-worklifestyle-_jw7pZVwFrg-unsplash-720x1080.jpg 720w\" sizes=\"auto, (max-width: 1707px) 100vw, 1707px\" \/><div class=\"wp-block-cover__inner-container is-layout-constrained wp-block-cover-is-layout-constrained\">\n<h3 class=\"wp-block-heading has-text-align-center has-base-color has-text-color has-link-color has-large-font-size wp-elements-63fba26ac27d8c2a45f890f21dcc4090\"><strong>Webinaires<\/strong><\/h3>\n<\/div><\/div>\n\n\n\n<div style=\"height:30px\" aria-hidden=\"true\" class=\"wp-block-spacer is-style-responsive-xsmall\"><\/div>\n\n\n\n<p class=\"has-text-align-center\">Participez aux sessions en direct ou regardez-les \u00e0 la demande pour approfondir votre compr\u00e9hension de la maladie de Parkinson. Apprenez \u00e0 votre rythme gr\u00e2ce \u00e0 des contenus fiables et attrayants.<\/p>\n\n\n\n<div class=\"wp-block-buttons is-content-justification-center is-layout-flex wp-container-core-buttons-is-layout-16018d1d wp-block-buttons-is-layout-flex\">\n<div class=\"wp-block-button\"><a class=\"wp-block-button__link wp-element-button\" href=\"https:\/\/www.parkinson.ca\/fr\/ressources\/evenements-communautaires-et-webinaires\/\">D\u00e9couvrez les webinaires maintenant<\/a><\/div>\n<\/div>\n<\/div>\n\n\n\n<div class=\"wp-block-column is-vertically-aligned-top is-layout-flow wp-block-column-is-layout-flow\">\n<div class=\"wp-block-cover\"><span aria-hidden=\"true\" class=\"wp-block-cover__background has-background-dim\" style=\"background-color:#796f60\"><\/span><img decoding=\"async\" class=\"wp-block-cover__image-background wp-image-52027\" alt=\"\" src=\"https:\/\/www.parkinson.ca\/wp-content\/uploads\/2025\/05\/age-cymru-W1jlTkMzaQg-unsplash.jpg\" data-object-fit=\"cover\"\/><div class=\"wp-block-cover__inner-container is-layout-flow wp-block-cover-is-layout-flow\">\n<h3 class=\"wp-block-heading has-text-align-center has-large-font-size\"><strong>Publications \u00e9ducatives<\/strong><\/h3>\n<\/div><\/div>\n\n\n\n<div style=\"height:30px\" aria-hidden=\"true\" class=\"wp-block-spacer is-style-responsive-xsmall\"><\/div>\n\n\n\n<p class=\"has-text-align-center\" style=\"font-size:17px\">D\u00e9couvrez des guides et des brochures utiles pour vous, votre famille et les prestataires de soins. Obtenez des conseils pratiques pour bien vivre avec la maladie de Parkinson au quotidien.<\/p>\n\n\n\n<div class=\"wp-block-buttons is-content-justification-center is-layout-flex wp-container-core-buttons-is-layout-16018d1d wp-block-buttons-is-layout-flex\">\n<div class=\"wp-block-button\"><a class=\"wp-block-button__link wp-element-button\" href=\"https:\/\/www.parkinson.ca\/fr\/ressources\/publications-educatives\/\">Lire des publications \u00e9ducatives<\/a><\/div>\n<\/div>\n<\/div>\n\n\n\n<div class=\"wp-block-column is-vertically-aligned-top is-layout-flow wp-block-column-is-layout-flow\">\n<div class=\"wp-block-cover\"><span aria-hidden=\"true\" class=\"wp-block-cover__background has-contrast-background-color has-background-dim\"><\/span><img loading=\"lazy\" decoding=\"async\" width=\"1707\" height=\"2560\" class=\"wp-block-cover__image-background wp-image-52025\" alt=\"\" src=\"https:\/\/www.parkinson.ca\/wp-content\/uploads\/2025\/05\/andrew-neel-QLqNalPe0RA-unsplash-scaled.jpg\" data-object-fit=\"cover\" srcset=\"https:\/\/www.parkinson.ca\/wp-content\/uploads\/2025\/05\/andrew-neel-QLqNalPe0RA-unsplash-scaled.jpg 1707w, https:\/\/www.parkinson.ca\/wp-content\/uploads\/2025\/05\/andrew-neel-QLqNalPe0RA-unsplash-200x300.jpg 200w, https:\/\/www.parkinson.ca\/wp-content\/uploads\/2025\/05\/andrew-neel-QLqNalPe0RA-unsplash-683x1024.jpg 683w, https:\/\/www.parkinson.ca\/wp-content\/uploads\/2025\/05\/andrew-neel-QLqNalPe0RA-unsplash-768x1152.jpg 768w, https:\/\/www.parkinson.ca\/wp-content\/uploads\/2025\/05\/andrew-neel-QLqNalPe0RA-unsplash-426x639.jpg 426w, https:\/\/www.parkinson.ca\/wp-content\/uploads\/2025\/05\/andrew-neel-QLqNalPe0RA-unsplash-720x1080.jpg 720w, https:\/\/www.parkinson.ca\/wp-content\/uploads\/2025\/05\/andrew-neel-QLqNalPe0RA-unsplash-1667x2500.jpg 1667w\" sizes=\"auto, (max-width: 1707px) 100vw, 1707px\" \/><div class=\"wp-block-cover__inner-container is-layout-flow wp-block-cover-is-layout-flow\">\n<h3 class=\"wp-block-heading has-text-align-center has-base-color has-text-color has-link-color has-large-font-size wp-elements-185760c90c911287ec088fbcf9751f42\"><strong>Blog<\/strong><\/h3>\n<\/div><\/div>\n\n\n\n<div style=\"height:30px\" aria-hidden=\"true\" class=\"wp-block-spacer is-style-responsive-xsmall\"><\/div>\n\n\n\n<p class=\"has-text-align-center\" style=\"font-size:17px\">Restez inform\u00e9 et inspir\u00e9 avec des histoires personnelles, des conseils d&rsquo;experts et des mises \u00e0 jour sur la recherche, les soins et la d\u00e9fense de la maladie de Parkinson.<\/p>\n\n\n\n<div class=\"wp-block-buttons is-content-justification-center is-layout-flex wp-container-core-buttons-is-layout-16018d1d wp-block-buttons-is-layout-flex\">\n<div class=\"wp-block-button\"><a class=\"wp-block-button__link wp-element-button\" href=\"https:\/\/www.parkinson.ca\/fr\/ressources\/blogue\/\">Visitez le blog<\/a><\/div>\n<\/div>\n<\/div>\n<\/div>\n\n\n\n<div style=\"height:100px\" aria-hidden=\"true\" class=\"wp-block-spacer\"><\/div>\n\n\n\n<div class=\"wp-block-columns alignwide has-blue-background-color has-background is-layout-flex wp-container-core-columns-is-layout-9d6595d7 wp-block-columns-is-layout-flex\">\n<div class=\"wp-block-column is-vertically-aligned-center is-layout-flow wp-block-column-is-layout-flow\">\n<figure class=\"wp-block-image aligncenter size-full\"><a href=\"https:\/\/www.parkinson.ca\/care-finder\/\"><img loading=\"lazy\" decoding=\"async\" width=\"600\" height=\"300\" src=\"https:\/\/parkinson.ca\/wp-content\/uploads\/CareFinder-Button.png\" alt=\"\" class=\"wp-image-42682\" srcset=\"https:\/\/www.parkinson.ca\/wp-content\/uploads\/CareFinder-Button.png 600w, https:\/\/www.parkinson.ca\/wp-content\/uploads\/CareFinder-Button-300x150.png 300w, https:\/\/www.parkinson.ca\/wp-content\/uploads\/CareFinder-Button-150x75.png 150w, https:\/\/www.parkinson.ca\/wp-content\/uploads\/CareFinder-Button-100x50.png 100w\" sizes=\"auto, (max-width: 600px) 100vw, 600px\" \/><\/a><\/figure>\n<\/div>\n\n\n\n<div class=\"wp-block-column is-layout-flow wp-block-column-is-layout-flow\">\n<h2 class=\"wp-block-heading\">CareFinder<\/h2>\n\n\n\n<p>Un annuaire en ligne innovant et convivial con\u00e7u pour vous mettre en relation avec des services sp\u00e9cialis\u00e9s dans la maladie de Parkinson en fonction de votre localisation.<\/p>\n\n\n\n<p>Ce merveilleux outil vous oriente vers des prestataires de soins, des services, des programmes et des aides adapt\u00e9s, dans votre communaut\u00e9 ou en ligne.<\/p>\n\n\n\n<div class=\"wp-block-buttons is-layout-flex wp-block-buttons-is-layout-flex\">\n<div class=\"wp-block-button\"><a class=\"wp-block-button__link wp-element-button\" href=\"https:\/\/www.parkinson.ca\/fr\/care-finder\/\">Trouver un prestataire de services dans votre r\u00e9gion<\/a><\/div>\n<\/div>\n<\/div>\n<\/div>\n\n\n\n<div style=\"height:100px\" aria-hidden=\"true\" class=\"wp-block-spacer\"><\/div>\n\n\n\n<div class=\"wp-block-group has-medium-font-size is-layout-flow wp-block-group-is-layout-flow\">\n<h2 class=\"wp-block-heading has-text-align-center has-contrast-color has-text-color has-link-color has-xlarge-font-size wp-elements-bb12017422796ac1435be6223ba627b7\">Plus de moyens pour trouver du soutien<\/h2>\n\n\n\n<div class=\"wp-block-columns are-vertically-aligned-center has-regular-font-size is-layout-flex wp-container-core-columns-is-layout-9d6595d7 wp-block-columns-is-layout-flex\">\n<div class=\"wp-block-column is-vertically-aligned-center is-layout-flow wp-block-column-is-layout-flow\">\n<div style=\"height:100px\" aria-hidden=\"true\" class=\"wp-block-spacer is-style-responsive-xsmall\"><\/div>\n\n\n\n<figure class=\"wp-block-image alignleft size-full is-resized\"><img loading=\"lazy\" decoding=\"async\" width=\"1080\" height=\"1080\" src=\"https:\/\/www.parkinson.ca\/wp-content\/uploads\/2025\/05\/Educational-publications-1.png\" alt=\"\" class=\"wp-image-52036\" style=\"width:508px;height:auto\" srcset=\"https:\/\/www.parkinson.ca\/wp-content\/uploads\/2025\/05\/Educational-publications-1.png 1080w, https:\/\/www.parkinson.ca\/wp-content\/uploads\/2025\/05\/Educational-publications-1-300x300.png 300w, https:\/\/www.parkinson.ca\/wp-content\/uploads\/2025\/05\/Educational-publications-1-1024x1024.png 1024w, https:\/\/www.parkinson.ca\/wp-content\/uploads\/2025\/05\/Educational-publications-1-150x150.png 150w, https:\/\/www.parkinson.ca\/wp-content\/uploads\/2025\/05\/Educational-publications-1-768x768.png 768w, https:\/\/www.parkinson.ca\/wp-content\/uploads\/2025\/05\/Educational-publications-1-426x426.png 426w\" sizes=\"auto, (max-width: 1080px) 100vw, 1080px\" \/><\/figure>\n\n\n\n<div style=\"height:100px\" aria-hidden=\"true\" class=\"wp-block-spacer is-style-responsive-xsmall\"><\/div>\n<\/div>\n\n\n\n<div class=\"wp-block-column is-vertically-aligned-center is-layout-flow wp-block-column-is-layout-flow\" style=\"padding-top:0;padding-bottom:0\">\n<div class=\"wp-block-columns is-style-default home-row no-gap-mobile is-layout-flex wp-container-core-columns-is-layout-9d6595d7 wp-block-columns-is-layout-flex\">\n<div class=\"wp-block-column is-vertically-aligned-center number-copy is-layout-flow wp-block-column-is-layout-flow\">\n<h3 class=\"wp-block-heading\">Ligne d&rsquo;assistance<\/h3>\n\n\n\n<p class=\"has-text-align-left has-regular-font-size\">Contactez notre \u00e9quipe d&rsquo;assistance et d&rsquo;information pour obtenir des conseils fiables par t\u00e9l\u00e9phone et par courrier \u00e9lectronique.<\/p>\n<\/div>\n\n\n\n<div class=\"wp-block-column is-vertically-aligned-top is-layout-flow wp-block-column-is-layout-flow\">\n<div class=\"wp-block-buttons is-content-justification-left is-layout-flex wp-container-core-buttons-is-layout-fdcfc74e wp-block-buttons-is-layout-flex\">\n<div class=\"wp-block-button has-custom-width wp-block-button__width-100\"><a class=\"wp-block-button__link has-text-align-center wp-element-button\" href=\"https:\/\/www.parkinson.ca\/fr\/ressources\/ligne-de-soutien-pour-la-maladie-de-parkinson\/\">Prenez contact avec nous<\/a><\/div>\n<\/div>\n<\/div>\n<\/div>\n\n\n\n<div class='custom-link '>\n            <div style='width: 100%; height: 3px; background-color: var(--color--accent);'><\/div>\n    <\/div>\n\n\n<div class=\"wp-block-columns is-layout-flex wp-container-core-columns-is-layout-9d6595d7 wp-block-columns-is-layout-flex\">\n<div class=\"wp-block-column is-vertically-aligned-center is-layout-flow wp-block-column-is-layout-flow\">\n<h3 class=\"wp-block-heading\">Programmes de soutien<\/h3>\n\n\n\n<p class=\"has-text-align-left has-regular-font-size\">D\u00e9couvrez les programmes de soutien par les pairs dans votre r\u00e9gion ou rejoignez-en un virtuellement.<\/p>\n<\/div>\n\n\n\n<div class=\"wp-block-column is-vertically-aligned-top is-layout-flow wp-block-column-is-layout-flow\">\n<div class=\"wp-block-buttons is-content-justification-center is-layout-flex wp-container-core-buttons-is-layout-16018d1d wp-block-buttons-is-layout-flex\">\n<div class=\"wp-block-button\"><a class=\"wp-block-button__link has-text-align-center wp-element-button\" href=\"https:\/\/www.parkinson.ca\/fr\/ressources\/groupes-de-soutien\/\">D\u00e9couvrez nos groupes de soutien<\/a><\/div>\n<\/div>\n<\/div>\n<\/div>\n\n\n\n<div class='custom-link '>\n            <div style='width: 100%; height: 3px; background-color: var(--color--accent);'><\/div>\n    <\/div>\n\n\n<div class=\"wp-block-columns is-layout-flex wp-container-core-columns-is-layout-9d6595d7 wp-block-columns-is-layout-flex\">\n<div class=\"wp-block-column is-layout-flow wp-block-column-is-layout-flow\">\n<h3 class=\"wp-block-heading\">Programme de soutien par les pairs<\/h3>\n\n\n\n<p class=\"has-text-align-left has-regular-font-size\">Renseignez-vous sur notre programme de mentorat par les pairs (1:1) qui vous met en relation avec un mentor b\u00e9n\u00e9vole form\u00e9 qui a suivi un parcours similaire au v\u00f4tre.<\/p>\n<\/div>\n\n\n\n<div class=\"wp-block-column is-vertically-aligned-top is-layout-flow wp-block-column-is-layout-flow\">\n<div class=\"wp-block-buttons is-layout-flex wp-container-core-buttons-is-layout-a74382ec wp-block-buttons-is-layout-flex\">\n<div class=\"wp-block-button has-custom-width wp-block-button__width-100\"><a class=\"wp-block-button__link wp-element-button\" href=\"https:\/\/www.parkinson.ca\/fr\/programme-de-soutien-par-les-pairs\/\">En savoir plus<\/a><\/div>\n<\/div>\n<\/div>\n<\/div>\n<\/div>\n<\/div>\n<\/div>\n\n\n\n<div style=\"height:100px\" aria-hidden=\"true\" class=\"wp-block-spacer\"><\/div>\n\n\n\n<div class=\"wp-block-group alignfull has-grey-background-color has-background is-layout-constrained wp-block-group-is-layout-constrained\">\n<div class=\"wp-block-media-text is-stacked-on-mobile is-image-fill-element has-grey-background-color has-background\" style=\"grid-template-columns:29% auto\"><figure class=\"wp-block-media-text__media\"><img loading=\"lazy\" decoding=\"async\" width=\"640\" height=\"427\" src=\"https:\/\/www.parkinson.ca\/wp-content\/uploads\/2025\/05\/DTM_Photos3-002.jpg\" alt=\"\" class=\"wp-image-52546 size-full\" style=\"object-position:50% 50%\" srcset=\"https:\/\/www.parkinson.ca\/wp-content\/uploads\/2025\/05\/DTM_Photos3-002.jpg 640w, https:\/\/www.parkinson.ca\/wp-content\/uploads\/2025\/05\/DTM_Photos3-002-300x200.jpg 300w, https:\/\/www.parkinson.ca\/wp-content\/uploads\/2025\/05\/DTM_Photos3-002-426x284.jpg 426w\" sizes=\"auto, (max-width: 640px) 100vw, 640px\" \/><\/figure><div class=\"wp-block-media-text__content\">\n<h2 class=\"wp-block-heading has-large-font-size\">Subventions communautaires dans le cadre du Fonds CARE<\/h2>\n\n\n\n<p class=\"has-regular-font-size\">Le Fonds CARE soutient des programmes qui r\u00e9pondent aux besoins sp\u00e9cifiques des personnes vivant avec la maladie de Parkinson et de leurs partenaires de soins. Gr\u00e2ce \u00e0 des subventions accord\u00e9es \u00e0 des organisations locales, le fonds aide \u00e0 cr\u00e9er des initiatives en mati\u00e8re de sant\u00e9, de bien-\u00eatre et d&rsquo;\u00e9ducation qui am\u00e9liorent la qualit\u00e9 de vie, en particulier dans les communaut\u00e9s mal desservies et diversifi\u00e9es \u00e0 travers le Canada.<\/p>\n\n\n\n<p><\/p>\n\n\n\n<p class=\"has-regular-font-size\"><strong>Vous \u00eates une organisation communautaire et vous avez une id\u00e9e g\u00e9niale ?<\/strong><\/p>\n\n\n\n<div class=\"wp-block-buttons is-layout-flex wp-block-buttons-is-layout-flex\">\n<div class=\"wp-block-button\"><a class=\"wp-block-button__link wp-element-button\" href=\"https:\/\/www.parkinson.ca\/fr\/fonds-care-de-parkinson-canada\/\">En savoir plus sur le Fonds CARE<\/a><\/div>\n<\/div>\n<\/div><\/div>\n<\/div>\n\n\n\n<div style=\"height:100px\" aria-hidden=\"true\" class=\"wp-block-spacer\"><\/div>\n","protected":false},"excerpt":{"rendered":"<p>Soutenir votre r\u00e9silience, quoi qu&rsquo;il arrive Que vous ayez \u00e9t\u00e9 r\u00e9cemment diagnostiqu\u00e9, que vous soyez un membre de la famille, un partenaire de soins ou un ami, ou que vous viviez avec la maladie de Parkinson depuis des ann\u00e9es, vous pouvez commencer \u00e0 prendre en charge votre maladie de Parkinson d\u00e8s aujourd&rsquo;hui. Participez aux sessions [&hellip;]<\/p>\n","protected":false},"author":96,"featured_media":52037,"parent":0,"menu_order":0,"comment_status":"closed","ping_status":"closed","template":"","meta":{"_acf_changed":false,"footnotes":""},"class_list":["post-44265","page","type-page","status-publish","has-post-thumbnail","hentry"],"acf":[],"aioseo_notices":[],"_links":{"self":[{"href":"https:\/\/www.parkinson.ca\/fr\/wp-json\/wp\/v2\/pages\/44265","targetHints":{"allow":["GET"]}}],"collection":[{"href":"https:\/\/www.parkinson.ca\/fr\/wp-json\/wp\/v2\/pages"}],"about":[{"href":"https:\/\/www.parkinson.ca\/fr\/wp-json\/wp\/v2\/types\/page"}],"author":[{"embeddable":true,"href":"https:\/\/www.parkinson.ca\/fr\/wp-json\/wp\/v2\/users\/96"}],"replies":[{"embeddable":true,"href":"https:\/\/www.parkinson.ca\/fr\/wp-json\/wp\/v2\/comments?post=44265"}],"version-history":[{"count":21,"href":"https:\/\/www.parkinson.ca\/fr\/wp-json\/wp\/v2\/pages\/44265\/revisions"}],"predecessor-version":[{"id":52548,"href":"https:\/\/www.parkinson.ca\/fr\/wp-json\/wp\/v2\/pages\/44265\/revisions\/52548"}],"wp:featuredmedia":[{"embeddable":true,"href":"https:\/\/www.parkinson.ca\/fr\/wp-json\/wp\/v2\/media\/52037"}],"wp:attachment":[{"href":"https:\/\/www.parkinson.ca\/fr\/wp-json\/wp\/v2\/media?parent=44265"}],"curies":[{"name":"wp","href":"https:\/\/api.w.org\/{rel}","templated":true}]}}